{"id":31366,"date":"2026-01-12T15:13:17","date_gmt":"2026-01-12T20:13:17","guid":{"rendered":"https:\/\/getibogaine.com\/?post_type=product&#038;p=29567"},"modified":"2026-03-09T03:32:11","modified_gmt":"2026-03-09T07:32:11","slug":"casca-da-raiz-de-iboga-50g","status":"publish","type":"product","link":"https:\/\/getibogaine.com\/pt-br\/produto\/casca-da-raiz-de-iboga-50g\/","title":{"rendered":"Casca da raiz de Iboga (50g)"},"content":{"rendered":"<div class=\"row\">\n<div class=\"col-lg-7 col-12\">\n<p style=\"text-align: left;\"><strong>Compre 50 gramas de casca de raiz de Iboga em Los Angeles.<\/strong><\/p>\n<p>Sabemos que voc\u00ea est\u00e1 procurando a melhor casca de raiz de iboga online, e n\u00f3s temos o que voc\u00ea precisa.<\/p>\n<p>Nossa casca de raiz de Iboga \u00e9 produzida em nossa pr\u00f3pria fazenda de Iboga, livre de pesticidas, na \u00c1frica Central. Com nossa casca de raiz de Iboga, voc\u00ea pode esperar um produto puro e n\u00e3o adulterado, pronto para ingest\u00e3o.<\/p>\n<p>Nossa casca de raiz de Iboga \u00e9 um dos melhores produtos naturais dispon\u00edveis. <a href=\"http:\/\/getibogaine.com\/ibogaine-therapy-for-drug-and-addiction\/\">rem\u00e9dios para o v\u00edcio em drogas<\/a>. Uma \u00f3tima maneira de se livrar do v\u00edcio \u00e9 usar nossa casca de raiz de Iboga como suplemento ou m\u00e9todo de tratamento. Nossa casca de raiz de Iboga cont\u00e9m 95% de extrato puro de iboga\u00edna, que comprovadamente faz maravilhas na redu\u00e7\u00e3o dos sintomas de abstin\u00eancia em dependentes qu\u00edmicos. Nossa casca de raiz de Iboga \u00e9 100% natural, tornando-a segura e eficaz para ajud\u00e1-lo(a) a superar o v\u00edcio.<\/p>\n<p>O uso da casca da raiz de iboga \u00e9 uma forma eficaz de tratar diversas doen\u00e7as, e seu corpo come\u00e7ar\u00e1 a se sentir melhor em pouco tempo. Ela elimina os sintomas da depend\u00eancia e sua sa\u00fade volta ao normal. Se voc\u00ea est\u00e1 lutando contra o v\u00edcio, talvez j\u00e1 tenha tentado v\u00e1rios rem\u00e9dios, mas nada funcionou. Agora, \u00e9 hora de experimentar a casca da raiz de iboga.<\/p>\n<h3><strong>Benef\u00edcios da casca da raiz de Iboga\u00a0<\/strong><\/h3>\n<p><span style=\"color: #000000;\"><a title=\"Difference Between Iboga And Ibogaine\" href=\"http:\/\/getibogaine.com\/whats-the-difference-between-iboga-and-ibogaine\/\">Iboga e iboga\u00edna<\/a> t\u00eam o potencial de tratar diferentes condi\u00e7\u00f5es de sa\u00fade mental. Isso inclui depress\u00e3o, transtorno de estresse p\u00f3s-traum\u00e1tico (TEPT) e v\u00e1rios tipos de v\u00edcios. Abaixo est\u00e1 uma lista de alguns dos benef\u00edcios do uso. <a href=\"http:\/\/getibogaine.com\/benefits-of-using-ibogaine-for-nicotine-addiction\/\">Iboga\u00edna para o tratamento da depend\u00eancia.<\/a><\/span><\/p>\n<ul>\n<li><span style=\"color: #000000;\">Estrat\u00e9gias para lidar com o v\u00edcio e sintomas de abstin\u00eancia menos dolorosos<\/span><\/li>\n<li><span style=\"color: #000000;\">Mem\u00f3rias de sonhos mais intensas<\/span><\/li>\n<li><span style=\"color: #000000;\">efeito estimulante central<\/span><\/li>\n<li><span style=\"color: #000000;\">Sentimento espiritual e m\u00edstico<\/span><\/li>\n<li><span style=\"color: #000000;\">Sonhos l\u00facidos, sonhos l\u00facidos, experi\u00eancias fora do corpo<\/span><\/li>\n<li><span style=\"color: #000000;\">Compreens\u00e3o do subconsciente<\/span><\/li>\n<li><span style=\"color: #000000;\">Fortalecimento da autoconfian\u00e7a<\/span><\/li>\n<li><span style=\"color: #000000;\">Lidar com experi\u00eancias e transtornos traum\u00e1ticos<\/span><\/li>\n<li><span style=\"color: #000000;\">D\u00ea asas \u00e0 imagina\u00e7\u00e3o.<\/span><\/li>\n<li><span style=\"color: #000000;\">Tornando as mem\u00f3rias da primeira inf\u00e2ncia acess\u00edveis<\/span><\/li>\n<li><span style=\"color: #000000;\">Descama\u00e7\u00e3o da gl\u00e2ndula pineal<\/span><\/li>\n<li><span style=\"color: #000000;\">Sono reparador<\/span><\/li>\n<li><span style=\"color: #000000;\">Clareza e foco<\/span><\/li>\n<li><span style=\"color: #000000;\">Sincroniza\u00e7\u00e3o dos hemisf\u00e9rios cerebrais<\/span><\/li>\n<\/ul>\n<p>&nbsp;<\/p>\n<p><strong>Origem<\/strong>Compre casca de raiz de Iboga em Los Angeles na loja <em>floresta tropical da \u00c1frica Central<\/em><\/p>\n<\/div>\n<\/div>\n","protected":false},"excerpt":{"rendered":"<p>Envio expresso com prazo de entrega r\u00e1pido de 3 a 7 dias.<\/p>\n<p>Marca : Get Ibogaine.<\/p>\n<p>Peso : 50 gramas.<\/p>\n<p>Custo do frete : Calculado no checkout.<\/p>\n<p><em>Seu pedido ser\u00e1 enviado em at\u00e9 24 hor<\/em>as ap\u00f3s a conclus\u00e3o da compra. Nossas taxas de frete variam de acordo com o peso do pacote.<\/p>\n","protected":false},"featured_media":34512,"comment_status":"open","ping_status":"closed","template":"","meta":{"site-sidebar-layout":"default","site-content-layout":"","ast-site-content-layout":"default","site-content-style":"default","site-sidebar-style":"default","ast-global-header-display":"","ast-banner-title-visibility":"","ast-main-header-display":"","ast-hfb-above-header-display":"","ast-hfb-below-header-display":"","ast-hfb-mobile-header-display":"","site-post-title":"","ast-breadcrumbs-content":"","ast-featured-img":"","footer-sml-layout":"","ast-disable-related-posts":"","theme-transparent-header-meta":"default","adv-header-id-meta":"","stick-header-meta":"default","header-above-stick-meta":"","header-main-stick-meta":"","header-below-stick-meta":"","astra-migrate-meta-layouts":"set","ast-page-background-enabled":"default","ast-page-background-meta":{"desktop":{"background-color":"var(--ast-global-color-4)","background-image":"","background-repeat":"repeat","background-position":"center center","background-size":"auto","background-attachment":"scroll","background-type":"","background-media":"","overlay-type":"","overlay-color":"","overlay-opacity":"","overlay-gradient":""},"tablet":{"background-color":"","background-image":"","background-repeat":"repeat","background-position":"center center","background-size":"auto","background-attachment":"scroll","background-type":"","background-media":"","overlay-type":"","overlay-color":"","overlay-opacity":"","overlay-gradient":""},"mobile":{"background-color":"","background-image":"","background-repeat":"repeat","background-position":"center center","background-size":"auto","background-attachment":"scroll","background-type":"","background-media":"","overlay-type":"","overlay-color":"","overlay-opacity":"","overlay-gradient":""}},"ast-content-background-meta":{"desktop":{"background-color":"var(--ast-global-color-5)","background-image":"","background-repeat":"repeat","background-position":"center center","background-size":"auto","background-attachment":"scroll","background-type":"","background-media":"","overlay-type":"","overlay-color":"","overlay-opacity":"","overlay-gradient":""},"tablet":{"background-color":"var(--ast-global-color-5)","background-image":"","background-repeat":"repeat","background-position":"center center","background-size":"auto","background-attachment":"scroll","background-type":"","background-media":"","overlay-type":"","overlay-color":"","overlay-opacity":"","overlay-gradient":""},"mobile":{"background-color":"var(--ast-global-color-5)","background-image":"","background-repeat":"repeat","background-position":"center center","background-size":"auto","background-attachment":"scroll","background-type":"","background-media":"","overlay-type":"","overlay-color":"","overlay-opacity":"","overlay-gradient":""}},"jetpack_publicize_message":"","jetpack_publicize_feature_enabled":true,"jetpack_social_post_already_shared":true,"jetpack_social_options":{"image_generator_settings":{"template":"highway","default_image_id":0,"font":"","enabled":false},"version":2}},"product_brand":[4014],"product_cat":[3956],"product_tag":[],"class_list":{"0":"post-31366","1":"product","2":"type-product","3":"status-publish","4":"has-post-thumbnail","6":"product_brand-getibogaina","7":"product_cat-raizes-de-iboga-a-venda","8":"pa_product-state-aparas-de-casca-de-raiz-de-iboga","9":"pa_product-state-po-de-casca-de-raiz-de-iboga","10":"desktop-align-left","11":"tablet-align-left","12":"mobile-align-left","13":"ast-product-gallery-layout-horizontal-slider","14":"ast-product-single-variable","15":"ast-product-tabs-layout-horizontal","17":"first","18":"instock","19":"featured","20":"shipping-taxable","21":"purchasable","22":"product-type-variable","23":"has-default-attributes"},"jetpack_publicize_connections":[],"jetpack_sharing_enabled":true,"_links":{"self":[{"href":"https:\/\/getibogaine.com\/pt-br\/wp-json\/wp\/v2\/product\/31366","targetHints":{"allow":["GET"]}}],"collection":[{"href":"https:\/\/getibogaine.com\/pt-br\/wp-json\/wp\/v2\/product"}],"about":[{"href":"https:\/\/getibogaine.com\/pt-br\/wp-json\/wp\/v2\/types\/product"}],"replies":[{"embeddable":true,"href":"https:\/\/getibogaine.com\/pt-br\/wp-json\/wp\/v2\/comments?post=31366"}],"version-history":[{"count":0,"href":"https:\/\/getibogaine.com\/pt-br\/wp-json\/wp\/v2\/product\/31366\/revisions"}],"wp:featuredmedia":[{"embeddable":true,"href":"https:\/\/getibogaine.com\/pt-br\/wp-json\/wp\/v2\/media\/34512"}],"wp:attachment":[{"href":"https:\/\/getibogaine.com\/pt-br\/wp-json\/wp\/v2\/media?parent=31366"}],"wp:term":[{"taxonomy":"product_brand","embeddable":true,"href":"https:\/\/getibogaine.com\/pt-br\/wp-json\/wp\/v2\/product_brand?post=31366"},{"taxonomy":"product_cat","embeddable":true,"href":"https:\/\/getibogaine.com\/pt-br\/wp-json\/wp\/v2\/product_cat?post=31366"},{"taxonomy":"product_tag","embeddable":true,"href":"https:\/\/getibogaine.com\/pt-br\/wp-json\/wp\/v2\/product_tag?post=31366"}],"curies":[{"name":"wp","href":"https:\/\/api.w.org\/{rel}","templated":true}]}}