{"id":31372,"date":"2025-11-30T21:00:38","date_gmt":"2025-12-01T02:00:38","guid":{"rendered":"https:\/\/getibogaine.com\/?post_type=product&#038;p=29097"},"modified":"2026-03-17T11:36:42","modified_gmt":"2026-03-17T15:36:42","slug":"iboga-ta-9g","status":"publish","type":"product","link":"https:\/\/getibogaine.com\/pt-br\/produto\/iboga-ta-9g\/","title":{"rendered":"Iboga TA (9 g)"},"content":{"rendered":"<div class=\"row\">\n<div class=\"col-lg-7 col-12\">\n<h2 style=\"text-align: left;\">Comprar Iboga TA \u00e0 venda &#8211; 9 gramas<\/h2>\n<p>Comprar iboga ta \u00e0 venda, <strong>9\u00a0gramas<\/strong>. um produto revolucion\u00e1rio que oferece o melhor da <a title=\"Natural\" href=\"http:\/\/getibogaine.com\/product-tag\/natural\/\" data-wpil-monitor-id=\"123\">natureza<\/a> e da ci\u00eancia para ajudar voc\u00ea a vivenciar uma mudan\u00e7a completa na sua percep\u00e7\u00e3o do mundo.<\/p>\n<p>Este produto \u00e9 extra\u00eddo da casca da raiz de Iboga pura, e o processo de extra\u00e7\u00e3o \u00e9 cuidadosamente monitorado para eliminar quaisquer contaminantes ou impurezas.<\/p>\n<p>Iboga TA\u00a0\u00e9 uma subst\u00e2ncia amarronzada projetada para iniciantes e para quem deseja aumentar a dose. \u00c9 uma <a href=\"http:\/\/getibogaine.com\/lsd-substance-use-and-ibogaine-treatment\/\" target=\"_blank\" rel=\"noopener\">subst\u00e2ncia<\/a> totalmente hol\u00edstica que n\u00e3o afeta negativamente o corpo. Voc\u00ea vivenciar\u00e1 uma s\u00e9rie de efeitos <a href=\"http:\/\/getibogaine.com\/tag\/psychedelics\/\" target=\"_blank\" rel=\"noopener\">psicod\u00e9licos<\/a>, incluindo percep\u00e7\u00e3o sensorial ampliada, abertura, clareza e alegria.<\/p>\n<p>Com Iboga TA, voc\u00ea pode desfrutar dos mesmos benef\u00edcios relatados com a <a title=\"ibogaine\" href=\"http:\/\/getibogaine.com\/tag\/ibogaine\/\" data-wpil-monitor-id=\"126\">Iboga\u00edna<\/a>, mas sem os muitos riscos associados.<\/p>\n<\/div>\n<\/div>\n<h3><strong>Tome Iboga TA\u00a0<\/strong><\/h3>\n<ul>\n<li>Uma experi\u00eancia espiritual que pode transformar positivamente a sua vida<\/li>\n<li>\u00e9 garantido que proporcionar\u00e1 a voc\u00ea uma mudan\u00e7a completa<\/li>\n<li>Mais confian\u00e7a em situa\u00e7\u00f5es sociais<\/li>\n<li>Pensamento criativo e confian\u00e7a na sua intui\u00e7\u00e3o<\/li>\n<li>Uma maior compreens\u00e3o do universo<\/li>\n<\/ul>\n<div class=\"row\">\n<div class=\"col-lg-7 col-12\">\n<h3 style=\"text-align: left;\"><strong>Ingredientes do Iboga TA<\/strong><\/h3>\n<p>O nosso produto Iboga TA \u00e9 um extrato de alta qualidade que cont\u00e9m uma estimativa de 45% de iboga\u00edna. Apresenta-se em peda\u00e7os ou aglomerados castanhos de p\u00f3 castanho mo\u00eddo.<\/p>\n<ul>\n<li style=\"text-align: left;\"><span style=\"color: #000000;\"><a style=\"color: #000000;\" href=\"http:\/\/getibogaine.com\/iboga-ta-extract\/\">Extrato de Alcaloide Total de Iboga \u00e0 venda <\/a>\u00e9 iboga <a href=\"http:\/\/getibogaine.com\/iboga-ta-extract\/\">Extrato de Alcaloide Total \u00e0 venda<\/a>.<\/span><\/li>\n<li style=\"text-align: left;\"><span style=\"color: #000000;\">Extra\u00eddo do p\u00f3 da casca da raiz de iboga.<\/span><\/li>\n<li style=\"text-align: left;\"><span style=\"color: #000000;\">\u00c9 composto por uma estimativa de 45% de <a title=\"ibogaine.\" href=\"http:\/\/getibogaine.com\/tag\/ibogaine-2\/\" data-wpil-monitor-id=\"127\">iboga\u00edna<\/a>.<\/span><\/li>\n<li style=\"text-align: left;\"><span style=\"color: #000000;\">Apresenta-se como aglomerados castanhos.<\/span><\/li>\n<\/ul>\n<p>Visite a nossa loja hoje e descubra os nossos produtos de alta qualidade a pre\u00e7os acess\u00edveis.<\/p>\n<p><strong>Origem<\/strong>: <em>Floresta tropical da \u00c1frica Central<\/em><\/p>\n<\/div>\n<\/div>\n","protected":false},"excerpt":{"rendered":"<p>O envio expresso tem um prazo de entrega r\u00e1pido de 3 a 7 dias.<\/p>\n<p>Produto: Iboga TA<\/p>\n<p>Marca: Get Ibogaine<\/p>\n<p>Peso: 9 gramas<\/p>\n<p>Custo de envio: Calculado no checkout<\/p>\n<p>A sua encomenda ser\u00e1 enviada dentro de 24 horas ap\u00f3s a sua compra e chegar\u00e1 dentro de tr\u00eas a sete dias \u00fateis. As nossas taxas de envio variam consoante o peso da encomenda.<\/p>\n","protected":false},"featured_media":34535,"comment_status":"open","ping_status":"closed","template":"","meta":{"site-sidebar-layout":"default","site-content-layout":"","ast-site-content-layout":"default","site-content-style":"default","site-sidebar-style":"default","ast-global-header-display":"","ast-banner-title-visibility":"","ast-main-header-display":"","ast-hfb-above-header-display":"","ast-hfb-below-header-display":"","ast-hfb-mobile-header-display":"","site-post-title":"","ast-breadcrumbs-content":"","ast-featured-img":"","footer-sml-layout":"","ast-disable-related-posts":"","theme-transparent-header-meta":"default","adv-header-id-meta":"","stick-header-meta":"default","header-above-stick-meta":"","header-main-stick-meta":"","header-below-stick-meta":"","astra-migrate-meta-layouts":"set","ast-page-background-enabled":"default","ast-page-background-meta":{"desktop":{"background-color":"var(--ast-global-color-4)","background-image":"","background-repeat":"repeat","background-position":"center center","background-size":"auto","background-attachment":"scroll","background-type":"","background-media":"","overlay-type":"","overlay-color":"","overlay-opacity":"","overlay-gradient":""},"tablet":{"background-color":"","background-image":"","background-repeat":"repeat","background-position":"center center","background-size":"auto","background-attachment":"scroll","background-type":"","background-media":"","overlay-type":"","overlay-color":"","overlay-opacity":"","overlay-gradient":""},"mobile":{"background-color":"","background-image":"","background-repeat":"repeat","background-position":"center center","background-size":"auto","background-attachment":"scroll","background-type":"","background-media":"","overlay-type":"","overlay-color":"","overlay-opacity":"","overlay-gradient":""}},"ast-content-background-meta":{"desktop":{"background-color":"var(--ast-global-color-5)","background-image":"","background-repeat":"repeat","background-position":"center center","background-size":"auto","background-attachment":"scroll","background-type":"","background-media":"","overlay-type":"","overlay-color":"","overlay-opacity":"","overlay-gradient":""},"tablet":{"background-color":"var(--ast-global-color-5)","background-image":"","background-repeat":"repeat","background-position":"center center","background-size":"auto","background-attachment":"scroll","background-type":"","background-media":"","overlay-type":"","overlay-color":"","overlay-opacity":"","overlay-gradient":""},"mobile":{"background-color":"var(--ast-global-color-5)","background-image":"","background-repeat":"repeat","background-position":"center center","background-size":"auto","background-attachment":"scroll","background-type":"","background-media":"","overlay-type":"","overlay-color":"","overlay-opacity":"","overlay-gradient":""}},"jetpack_publicize_message":"","jetpack_publicize_feature_enabled":true,"jetpack_social_post_already_shared":true,"jetpack_social_options":{"image_generator_settings":{"template":"highway","default_image_id":0,"font":"","enabled":false},"version":2}},"product_brand":[4014],"product_cat":[4550],"product_tag":[],"class_list":{"0":"post-31372","1":"product","2":"type-product","3":"status-publish","4":"has-post-thumbnail","6":"product_brand-getibogaina","7":"product_cat-iboga-ta","8":"desktop-align-left","9":"tablet-align-left","10":"mobile-align-left","11":"ast-product-gallery-layout-horizontal-slider","12":"ast-product-tabs-layout-horizontal","14":"first","15":"instock","16":"shipping-taxable","17":"purchasable","18":"product-type-simple"},"jetpack_publicize_connections":[],"jetpack_sharing_enabled":true,"_links":{"self":[{"href":"https:\/\/getibogaine.com\/pt-br\/wp-json\/wp\/v2\/product\/31372","targetHints":{"allow":["GET"]}}],"collection":[{"href":"https:\/\/getibogaine.com\/pt-br\/wp-json\/wp\/v2\/product"}],"about":[{"href":"https:\/\/getibogaine.com\/pt-br\/wp-json\/wp\/v2\/types\/product"}],"replies":[{"embeddable":true,"href":"https:\/\/getibogaine.com\/pt-br\/wp-json\/wp\/v2\/comments?post=31372"}],"version-history":[{"count":0,"href":"https:\/\/getibogaine.com\/pt-br\/wp-json\/wp\/v2\/product\/31372\/revisions"}],"wp:featuredmedia":[{"embeddable":true,"href":"https:\/\/getibogaine.com\/pt-br\/wp-json\/wp\/v2\/media\/34535"}],"wp:attachment":[{"href":"https:\/\/getibogaine.com\/pt-br\/wp-json\/wp\/v2\/media?parent=31372"}],"wp:term":[{"taxonomy":"product_brand","embeddable":true,"href":"https:\/\/getibogaine.com\/pt-br\/wp-json\/wp\/v2\/product_brand?post=31372"},{"taxonomy":"product_cat","embeddable":true,"href":"https:\/\/getibogaine.com\/pt-br\/wp-json\/wp\/v2\/product_cat?post=31372"},{"taxonomy":"product_tag","embeddable":true,"href":"https:\/\/getibogaine.com\/pt-br\/wp-json\/wp\/v2\/product_tag?post=31372"}],"curies":[{"name":"wp","href":"https:\/\/api.w.org\/{rel}","templated":true}]}}