{"id":31378,"date":"2025-11-30T20:52:52","date_gmt":"2025-12-01T01:52:52","guid":{"rendered":"https:\/\/getibogaine.com\/?post_type=product&#038;p=29096"},"modified":"2026-03-09T07:30:03","modified_gmt":"2026-03-09T11:30:03","slug":"iboga-ta-7g","status":"publish","type":"product","link":"https:\/\/getibogaine.com\/pt-br\/produto\/iboga-ta-7g\/","title":{"rendered":"Iboga TA (7 g)"},"content":{"rendered":"<div class=\"row\">\n<div class=\"col-lg-7 col-12\">\n<h2 style=\"text-align: left;\">Compre Alcaloides Totais Puros<\/h2>\n<p>Voc\u00ea precisa comprar 7 gramas de Iboga TA? N\u00e3o procure mais!<\/p>\n<p>Compre Alcaloides Totais Puros. \u00c9 com grande prazer que apresentamos a voc\u00ea a lend\u00e1ria Iboga TA de 7 gramas. Este \u00e9 um produto revolucion\u00e1rio que re\u00fane o melhor da natureza e da ci\u00eancia para ajudar voc\u00ea a vivenciar uma mudan\u00e7a de espectro completo na sua percep\u00e7\u00e3o do mundo.<\/p>\n<p>Este produto \u00e9 extra\u00eddo da casca da raiz de Iboga pura, e o processo de extra\u00e7\u00e3o \u00e9 cuidadosamente monitorado para eliminar quaisquer contaminantes ou impurezas.<\/p>\n<p>A Iboga TA foi desenvolvida tanto para iniciantes quanto para quem deseja aumentar a dose. Trata-se de uma subst\u00e2ncia totalmente hol\u00edstica, que n\u00e3o causa impacto negativo no corpo. Voc\u00ea experimentar\u00e1 uma s\u00e9rie de efeitos psicod\u00e9licos, incluindo percep\u00e7\u00e3o sensorial agu\u00e7ada, abertura, clareza e alegria. A Iboga TA vem em uma forma amarronzada.<\/p>\n<h2 data-start=\"186\" data-end=\"253\">O que as pessoas <em data-start=\"202\" data-end=\"220\">geralmente relatam<\/em> sobre TA na <strong data-start=\"237\" data-end=\"253\">faixa de 7 gramas<\/strong><\/h2>\n<p data-start=\"254\" data-end=\"314\">(TA = extrato de alcaloides totais, muito mais forte do que a casca da raiz.)<\/p>\n<p data-start=\"316\" data-end=\"373\">As quantidades discutidas nessa faixa geralmente s\u00e3o descritas como:<\/p>\n<h2 data-start=\"375\" data-end=\"415\"><strong data-start=\"378\" data-end=\"415\">1. Uma dose terap\u00eautica muito forte<\/strong><\/h2>\n<p data-start=\"416\" data-end=\"436\">As pessoas dizem que parece:<\/p>\n<ul data-start=\"437\" data-end=\"546\">\n<li data-start=\"437\" data-end=\"461\">\n<p data-start=\"439\" data-end=\"461\">Mais intenso do que 6g<\/p>\n<\/li>\n<li data-start=\"462\" data-end=\"484\">\n<p data-start=\"464\" data-end=\"484\">Mais profundo emocionalmente<\/p>\n<\/li>\n<li data-start=\"485\" data-end=\"503\">\n<p data-start=\"487\" data-end=\"503\">Mais imersivo<\/p>\n<\/li>\n<li data-start=\"504\" data-end=\"546\">\n<p data-start=\"506\" data-end=\"546\">Mais duradouro (12\u201324+ horas de efeitos)<\/p>\n<\/li>\n<\/ul>\n<p data-start=\"548\" data-end=\"638\">Esta \u00e9 a faixa em que as pessoas descrevem experi\u00eancias de <strong data-start=\"587\" data-end=\"614\">\u201cgrande reinicializa\u00e7\u00e3o\u201d<\/strong> em ambientes supervisionados.<\/p>\n<h2 data-start=\"645\" data-end=\"676\"><strong data-start=\"648\" data-end=\"676\">2. Maior carga f\u00edsica<\/strong><\/h2>\n<p data-start=\"677\" data-end=\"695\">Relatado com frequ\u00eancia:<\/p>\n<ul data-start=\"696\" data-end=\"848\">\n<li data-start=\"696\" data-end=\"746\">\n<p data-start=\"698\" data-end=\"746\">Necessidade de ficar deitado durante a maior parte da experi\u00eancia<\/p>\n<\/li>\n<li data-start=\"747\" data-end=\"772\">\n<p data-start=\"749\" data-end=\"772\">Forte sensa\u00e7\u00e3o de peso no corpo<\/p>\n<\/li>\n<li data-start=\"773\" data-end=\"803\">\n<p data-start=\"775\" data-end=\"803\">Sensibilidade \u00e0 luz\/ao som<\/p>\n<\/li>\n<li data-start=\"804\" data-end=\"825\">\n<p data-start=\"806\" data-end=\"825\">N\u00e1usea ocasional<\/p>\n<\/li>\n<li data-start=\"826\" data-end=\"848\">\n<p data-start=\"828\" data-end=\"848\">Dificuldade para caminhar<\/p>\n<\/li>\n<\/ul>\n<p data-start=\"850\" data-end=\"920\">\u00c9 por isso que centros com supervis\u00e3o m\u00e9dica monitoram o ECG e os eletr\u00f3litos.<\/p>\n<h2 data-start=\"927\" data-end=\"972\"><strong data-start=\"930\" data-end=\"972\">3. Efeitos psicol\u00f3gicos mais profundos<\/strong><\/h2>\n<p data-start=\"973\" data-end=\"995\">As pessoas frequentemente descrevem:<\/p>\n<ul data-start=\"996\" data-end=\"1119\">\n<li data-start=\"996\" data-end=\"1011\">\n<p data-start=\"998\" data-end=\"1011\">Revis\u00e3o de vida<\/p>\n<\/li>\n<li data-start=\"1012\" data-end=\"1060\">\n<p data-start=\"1014\" data-end=\"1060\">Percep\u00e7\u00f5es sobre relacionamentos, traumas e h\u00e1bitos<\/p>\n<\/li>\n<li data-start=\"1061\" data-end=\"1087\">\n<p data-start=\"1063\" data-end=\"1087\">\u201cDi\u00e1logo interno\u201d claro<\/p>\n<\/li>\n<li data-start=\"1088\" data-end=\"1119\">\n<p data-start=\"1090\" data-end=\"1119\">Um forte impulso introspectivo<\/p>\n<\/li>\n<\/ul>\n<p data-start=\"1121\" data-end=\"1204\">\u00c9 t\u00e3o potente que muitas cl\u00ednicas <strong data-start=\"1160\" data-end=\"1189\">nunca permitem que algu\u00e9m fique sozinho<\/strong> neste n\u00edvel.<\/p>\n<h2 data-start=\"1211\" data-end=\"1241\"><strong data-start=\"1214\" data-end=\"1241\">4. Efeitos posteriores mais prolongados<\/strong><\/h2>\n<p data-start=\"1242\" data-end=\"1256\">As pessoas relatam:<\/p>\n<ul data-start=\"1257\" data-end=\"1396\">\n<li data-start=\"1257\" data-end=\"1293\">\n<p data-start=\"1259\" data-end=\"1293\">1\u20132 dias de pouco apetite ou descanso<\/p>\n<\/li>\n<li data-start=\"1294\" data-end=\"1322\">\n<p data-start=\"1296\" data-end=\"1322\">2\u20133 semanas de \u201cafterglow\u201d<\/p>\n<\/li>\n<li data-start=\"1323\" data-end=\"1343\">\n<p data-start=\"1325\" data-end=\"1343\">Pensamento mais claro<\/p>\n<\/li>\n<li data-start=\"1344\" data-end=\"1372\">\n<p data-start=\"1346\" data-end=\"1372\">Menos comportamento compulsivo<\/p>\n<\/li>\n<li data-start=\"1373\" data-end=\"1396\">\n<p data-start=\"1375\" data-end=\"1396\">Estabilidade emocional<\/p>\n<\/li>\n<\/ul>\n<p data-start=\"1398\" data-end=\"1490\">Novamente, isto s\u00f3 acontece de forma consistente quando a pessoa est\u00e1 <strong data-start=\"1456\" data-end=\"1474\">medicamente segura<\/strong> e sob supervis\u00e3o.<\/p>\n<p>&nbsp;<\/p>\n<h3 style=\"text-align: left;\"><strong>Ingredientes de Iboga TA<\/strong><\/h3>\n<p>O nosso produto iboga TA \u00e9 um extrato de alta qualidade que cont\u00e9m cerca de 45% de iboga\u00edna (estimado) e apresenta-se em peda\u00e7os ou grumos castanhos de p\u00f3 castanho mo\u00eddo.<\/p>\n<ul>\n<li style=\"text-align: left;\"><span style=\"color: #000000;\">Um extrato<a style=\"color: #000000;\" href=\"http:\/\/getibogaine.com\/iboga-ta-extract\/\">\u00a0do alcaloide iboga\u00edna \u00e0 venda <\/a>\u00e9 o extrato de alcaloides totais de iboga.<\/span><\/li>\n<li style=\"text-align: left;\"><span style=\"color: #000000;\">Extra\u00eddo do p\u00f3 da casca da raiz de Iboga.<\/span><\/li>\n<li style=\"text-align: left;\"><span style=\"color: #000000;\">Composto por cerca de 45% de iboga\u00edna (estimado).<\/span><\/li>\n<li style=\"text-align: left;\"><span style=\"color: #000000;\">Apresenta-se como grumos castanhos.<\/span><\/li>\n<\/ul>\n<p>&nbsp;<\/p>\n<p>Visite a nossa loja hoje e descubra os nossos produtos de alta qualidade a pre\u00e7os acess\u00edveis.<\/p>\n<p><strong>Origem<\/strong>: <em>Floresta tropical da \u00c1frica Central<\/em><\/p>\n<\/div>\n<\/div>\n","protected":false},"excerpt":{"rendered":"<p>O envio expresso tem um prazo de entrega r\u00e1pido de 3 a 7 dias.<\/p>\n<p>Produto: Iboga TA<\/p>\n<p>Marca: Get Ibogaine<\/p>\n<p>Peso: 7 gramas<\/p>\n<p>Custo de envio: Calculado no checkout<\/p>\n","protected":false},"featured_media":34535,"comment_status":"open","ping_status":"closed","template":"","meta":{"site-sidebar-layout":"default","site-content-layout":"","ast-site-content-layout":"default","site-content-style":"default","site-sidebar-style":"default","ast-global-header-display":"","ast-banner-title-visibility":"","ast-main-header-display":"","ast-hfb-above-header-display":"","ast-hfb-below-header-display":"","ast-hfb-mobile-header-display":"","site-post-title":"","ast-breadcrumbs-content":"","ast-featured-img":"","footer-sml-layout":"","ast-disable-related-posts":"","theme-transparent-header-meta":"default","adv-header-id-meta":"","stick-header-meta":"default","header-above-stick-meta":"","header-main-stick-meta":"","header-below-stick-meta":"","astra-migrate-meta-layouts":"set","ast-page-background-enabled":"default","ast-page-background-meta":{"desktop":{"background-color":"var(--ast-global-color-4)","background-image":"","background-repeat":"repeat","background-position":"center center","background-size":"auto","background-attachment":"scroll","background-type":"","background-media":"","overlay-type":"","overlay-color":"","overlay-opacity":"","overlay-gradient":""},"tablet":{"background-color":"","background-image":"","background-repeat":"repeat","background-position":"center center","background-size":"auto","background-attachment":"scroll","background-type":"","background-media":"","overlay-type":"","overlay-color":"","overlay-opacity":"","overlay-gradient":""},"mobile":{"background-color":"","background-image":"","background-repeat":"repeat","background-position":"center center","background-size":"auto","background-attachment":"scroll","background-type":"","background-media":"","overlay-type":"","overlay-color":"","overlay-opacity":"","overlay-gradient":""}},"ast-content-background-meta":{"desktop":{"background-color":"var(--ast-global-color-5)","background-image":"","background-repeat":"repeat","background-position":"center center","background-size":"auto","background-attachment":"scroll","background-type":"","background-media":"","overlay-type":"","overlay-color":"","overlay-opacity":"","overlay-gradient":""},"tablet":{"background-color":"var(--ast-global-color-5)","background-image":"","background-repeat":"repeat","background-position":"center center","background-size":"auto","background-attachment":"scroll","background-type":"","background-media":"","overlay-type":"","overlay-color":"","overlay-opacity":"","overlay-gradient":""},"mobile":{"background-color":"var(--ast-global-color-5)","background-image":"","background-repeat":"repeat","background-position":"center center","background-size":"auto","background-attachment":"scroll","background-type":"","background-media":"","overlay-type":"","overlay-color":"","overlay-opacity":"","overlay-gradient":""}},"jetpack_publicize_message":"","jetpack_publicize_feature_enabled":true,"jetpack_social_post_already_shared":true,"jetpack_social_options":{"image_generator_settings":{"template":"highway","default_image_id":0,"font":"","enabled":false},"version":2}},"product_brand":[4014],"product_cat":[4550],"product_tag":[1676,1649],"class_list":{"0":"post-31378","1":"product","2":"type-product","3":"status-publish","4":"has-post-thumbnail","6":"product_brand-getibogaina","7":"product_cat-iboga-ta","8":"product_tag-iboga-ta","9":"product_tag-natural","10":"desktop-align-left","11":"tablet-align-left","12":"mobile-align-left","13":"ast-product-gallery-layout-vertical-slider","14":"ast-product-tabs-layout-horizontal","16":"first","17":"instock","18":"shipping-taxable","19":"purchasable","20":"product-type-simple"},"jetpack_publicize_connections":[],"jetpack_sharing_enabled":true,"_links":{"self":[{"href":"https:\/\/getibogaine.com\/pt-br\/wp-json\/wp\/v2\/product\/31378","targetHints":{"allow":["GET"]}}],"collection":[{"href":"https:\/\/getibogaine.com\/pt-br\/wp-json\/wp\/v2\/product"}],"about":[{"href":"https:\/\/getibogaine.com\/pt-br\/wp-json\/wp\/v2\/types\/product"}],"replies":[{"embeddable":true,"href":"https:\/\/getibogaine.com\/pt-br\/wp-json\/wp\/v2\/comments?post=31378"}],"version-history":[{"count":0,"href":"https:\/\/getibogaine.com\/pt-br\/wp-json\/wp\/v2\/product\/31378\/revisions"}],"wp:featuredmedia":[{"embeddable":true,"href":"https:\/\/getibogaine.com\/pt-br\/wp-json\/wp\/v2\/media\/34535"}],"wp:attachment":[{"href":"https:\/\/getibogaine.com\/pt-br\/wp-json\/wp\/v2\/media?parent=31378"}],"wp:term":[{"taxonomy":"product_brand","embeddable":true,"href":"https:\/\/getibogaine.com\/pt-br\/wp-json\/wp\/v2\/product_brand?post=31378"},{"taxonomy":"product_cat","embeddable":true,"href":"https:\/\/getibogaine.com\/pt-br\/wp-json\/wp\/v2\/product_cat?post=31378"},{"taxonomy":"product_tag","embeddable":true,"href":"https:\/\/getibogaine.com\/pt-br\/wp-json\/wp\/v2\/product_tag?post=31378"}],"curies":[{"name":"wp","href":"https:\/\/api.w.org\/{rel}","templated":true}]}}