{"id":31390,"date":"2025-11-30T20:29:47","date_gmt":"2025-12-01T01:29:47","guid":{"rendered":"https:\/\/getibogaine.com\/?post_type=product&#038;p=29095"},"modified":"2026-03-09T07:24:32","modified_gmt":"2026-03-09T11:24:32","slug":"compre-6-gramas-de-iboga-ta","status":"publish","type":"product","link":"https:\/\/getibogaine.com\/pt-br\/produto\/compre-6-gramas-de-iboga-ta\/","title":{"rendered":"Iboga TA (6g)"},"content":{"rendered":"<div class=\"row\">\n<div class=\"col-lg-7 col-12\">\n<h2 style=\"text-align: left;\">Compre 6 gramas de Alcaloides Totais de Iboga<\/h2>\n<p>Voc\u00ea precisa comprar 6 gramas de Iboga TA? N\u00e3o procure mais! Compre hoje Alcaloides Totais Puros.<br \/>\nEste \u00e9 um produto revolucion\u00e1rio que oferece o melhor da natureza e da ci\u00eancia para ajudar voc\u00ea a vivenciar uma mudan\u00e7a de espectro completo na sua percep\u00e7\u00e3o do mundo.<\/p>\n<p>Este produto \u00e9 extra\u00eddo de casca de raiz de Iboga pura, e o processo de extra\u00e7\u00e3o \u00e9 cuidadosamente monitorado para eliminar quaisquer contaminantes ou impurezas.<\/p>\n<h2 data-start=\"358\" data-end=\"432\">O que as pessoas <em data-start=\"374\" data-end=\"385\">geralmente<\/em> relatam sobre uma quantidade de TA na faixa de 6 gramas<\/h2>\n<p data-start=\"433\" data-end=\"493\">(Lembre-se: isto <strong data-start=\"452\" data-end=\"473\">n\u00e3o \u00e9 orienta\u00e7\u00e3o de dosagem<\/strong>, apenas educacional.)<\/p>\n<p data-start=\"495\" data-end=\"617\">Iboga <strong data-start=\"501\" data-end=\"524\">TA (Alcaloide Total)<\/strong> \u00e9 <em data-start=\"528\" data-end=\"552\">muito mais forte por grama<\/em> do que a casca da raiz porque cont\u00e9m alcaloides de iboga concentrados.<\/p>\n<p data-start=\"619\" data-end=\"821\">As pessoas frequentemente descrevem quantidades nessa faixa como estando na zona <strong data-start=\"683\" data-end=\"716\">\u201cterap\u00eautica, mas forte\u201d<\/strong> \u2014 n\u00e3o \u00e9 microdosagem, n\u00e3o \u00e9 uma dose pequena, e tamb\u00e9m n\u00e3o \u00e9 a dose extrema de \u201cinunda\u00e7\u00e3o\u201d \u2014 mas <strong data-start=\"794\" data-end=\"821\">alta o suficiente para produzir:<\/strong><\/p>\n<h3 data-start=\"823\" data-end=\"862\"><strong data-start=\"827\" data-end=\"862\">1. Efeitos psicol\u00f3gicos fortes<\/strong><\/h3>\n<p data-start=\"863\" data-end=\"875\">Muitos relatam:<\/p>\n<ul data-start=\"876\" data-end=\"1006\">\n<li data-start=\"876\" data-end=\"898\">\n<p data-start=\"878\" data-end=\"898\">Introspe\u00e7\u00e3o profunda<\/p>\n<\/li>\n<li data-start=\"899\" data-end=\"921\">\n<p data-start=\"901\" data-end=\"921\">Emerg\u00eancia de mem\u00f3rias<\/p>\n<\/li>\n<li data-start=\"922\" data-end=\"946\">\n<p data-start=\"924\" data-end=\"946\">Processamento emocional<\/p>\n<\/li>\n<li data-start=\"947\" data-end=\"1006\">\n<p data-start=\"949\" data-end=\"1006\">Visuais do tipo revis\u00e3o de vida (semelhantes a sonhos, n\u00e3o alucina\u00e7\u00f5es)<\/p>\n<\/li>\n<\/ul>\n<p data-start=\"1008\" data-end=\"1203\">\u00c9 por isso que extratos de TA em torno desse intervalo s\u00e3o frequentemente discutidos no contexto de <strong data-start=\"1088\" data-end=\"1114\">interrup\u00e7\u00e3o do v\u00edcio<\/strong>, <strong data-start=\"1116\" data-end=\"1135\">rein\u00edcio emocional<\/strong> ou <strong data-start=\"1140\" data-end=\"1165\">explora\u00e7\u00e3o espiritual<\/strong> \u2014 novamente, apenas em ambientes supervisionados.<\/p>\n<h3 data-start=\"1210\" data-end=\"1249\"><strong data-start=\"1214\" data-end=\"1249\">2. Efeitos f\u00edsicos significativos<\/strong><\/h3>\n<p data-start=\"1250\" data-end=\"1279\">As experi\u00eancias relatadas incluem:<\/p>\n<ul data-start=\"1280\" data-end=\"1435\">\n<li data-start=\"1280\" data-end=\"1299\">\n<p data-start=\"1282\" data-end=\"1299\">Sensa\u00e7\u00e3o de peso no corpo<\/p>\n<\/li>\n<li data-start=\"1300\" data-end=\"1338\">\n<p data-start=\"1302\" data-end=\"1338\">Necessidade de ficar deitado por muitas horas<\/p>\n<\/li>\n<li data-start=\"1339\" data-end=\"1373\">\n<p data-start=\"1341\" data-end=\"1373\">Sensibilidade \u00e0 luz e ao som<\/p>\n<\/li>\n<li data-start=\"1374\" data-end=\"1398\">\n<p data-start=\"1376\" data-end=\"1398\">N\u00e1usea em alguns casos<\/p>\n<\/li>\n<li data-start=\"1399\" data-end=\"1435\">\n<p data-start=\"1401\" data-end=\"1435\">Perturba\u00e7\u00e3o do sono por 24\u201348 horas<\/p>\n<\/li>\n<\/ul>\n<p data-start=\"1437\" data-end=\"1533\">\u00c9 por isso que ambientes com supervis\u00e3o m\u00e9dica monitorizam sempre o <strong data-start=\"1498\" data-end=\"1532\">cora\u00e7\u00e3o, o f\u00edgado e os eletr\u00f3litos<\/strong>.<\/p>\n<h3 data-start=\"1540\" data-end=\"1587\"><strong data-start=\"1544\" data-end=\"1587\">3. Rein\u00edcio tempor\u00e1rio de certos comportamentos<\/strong><\/h3>\n<p data-start=\"1588\" data-end=\"1664\">As pessoas que passam por este n\u00edvel em contextos de estilo cl\u00ednico dizem frequentemente que sentem:<\/p>\n<ul data-start=\"1665\" data-end=\"1778\">\n<li data-start=\"1665\" data-end=\"1690\">\n<p data-start=\"1667\" data-end=\"1690\">Uma pausa nos desejos intensos<\/p>\n<\/li>\n<li data-start=\"1691\" data-end=\"1716\">\n<p data-start=\"1693\" data-end=\"1716\">Uma \u201cinterrup\u00e7\u00e3o de padr\u00e3o\u201d<\/p>\n<\/li>\n<li data-start=\"1717\" data-end=\"1743\">\n<p data-start=\"1719\" data-end=\"1743\">Um estado mental mais tranquilo<\/p>\n<\/li>\n<li data-start=\"1744\" data-end=\"1778\">\n<p data-start=\"1746\" data-end=\"1778\">Redu\u00e7\u00e3o de compuls\u00f5es ou ansiedade<\/p>\n<\/li>\n<\/ul>\n<p data-start=\"1780\" data-end=\"1906\">Isto \u00e9 especialmente discutido no contexto de <strong data-start=\"1816\" data-end=\"1864\">opioides, estimulantes, \u00e1lcool e depress\u00e3o<\/strong>, mas, novamente, <strong data-start=\"1878\" data-end=\"1905\">nunca deve ser feito em seguran\u00e7a sozinho<\/strong>.<\/p>\n<h3 data-start=\"1913\" data-end=\"1948\"><strong data-start=\"1917\" data-end=\"1948\">4. Uma longa fase de \u201cafterglow\u201d<\/strong><\/h3>\n<p data-start=\"1949\" data-end=\"1990\">Durante dias a semanas, as pessoas descrevem frequentemente:<\/p>\n<ul data-start=\"1991\" data-end=\"2087\">\n<li data-start=\"1991\" data-end=\"2007\">\n<p data-start=\"1993\" data-end=\"2007\">Mais clareza<\/p>\n<\/li>\n<li data-start=\"2008\" data-end=\"2023\">\n<p data-start=\"2010\" data-end=\"2023\">Melhor humor<\/p>\n<\/li>\n<li data-start=\"2024\" data-end=\"2037\">\n<p data-start=\"2026\" data-end=\"2037\">Menos medo<\/p>\n<\/li>\n<li data-start=\"2038\" data-end=\"2062\">\n<p data-start=\"2040\" data-end=\"2062\">Motiva\u00e7\u00e3o aumentada<\/p>\n<\/li>\n<li data-start=\"2063\" data-end=\"2087\">\n<p data-start=\"2065\" data-end=\"2087\">Uma sensa\u00e7\u00e3o de enraizamento<\/p>\n<\/li>\n<\/ul>\n<p data-start=\"2089\" data-end=\"2158\">Mas isso s\u00f3 acontece quando a pessoa est\u00e1 clinicamente apta e monitorada.<\/p>\n<h3 style=\"text-align: left;\"><strong>Ingredientes do Iboga TA<\/strong><\/h3>\n<p>Nosso produto Iboga TA \u00e9 um extrato de alta qualidade que cont\u00e9m cerca de 45% de iboga\u00edna e aparece como peda\u00e7os ou aglomerados marrons de p\u00f3 marrom triturado.<\/p>\n<ul>\n<li style=\"text-align: left;\"><span style=\"color: #000000;\">Um extrato<a style=\"color: #000000;\" href=\"http:\/\/getibogaine.com\/iboga-ta-extract\/\">\u00a0de alcaloide iboga\u00edna \u00e0 venda <\/a>\u00e9 o extrato de alcaloides totais de iboga.<\/span><\/li>\n<li style=\"text-align: left;\"><span style=\"color: #000000;\">Extra\u00eddo do p\u00f3 da casca da raiz de iboga.<\/span><\/li>\n<li style=\"text-align: left;\"><span style=\"color: #000000;\">Composto por cerca de 45% de iboga\u00edna.<\/span><\/li>\n<li style=\"text-align: left;\"><span style=\"color: #000000;\">Aparece como aglomerados marrons.<\/span><\/li>\n<\/ul>\n<p>&nbsp;<\/p>\n<p>Visite nossa loja hoje e descubra nossos produtos de alta qualidade a pre\u00e7os acess\u00edveis.<\/p>\n<p><strong>Origem<\/strong>: <em>Floresta tropical da \u00c1frica Central<\/em><\/p>\n<\/div>\n<\/div>\n","protected":false},"excerpt":{"rendered":"<p>O envio expresso tem um prazo de entrega r\u00e1pido de 3 a 7 dias.<\/p>\n<p><strong>Produto:<\/strong> Iboga TA<\/p>\n<p><strong>Marca:<\/strong> Get Ibogaine<\/p>\n<p><strong>Peso:<\/strong> 6 gramas<\/p>\n<p><strong>Custo de envio:<\/strong> Calculado no checkout<\/p>\n<h5>Benef\u00edcios do Iboga TA<\/h5>\n<p>O tratamento com iboga\u00edna para depend\u00eancia \u00e9 eficaz para v\u00e1rios tipos diferentes de v\u00edcio. Um exemplo \u00e9 a depend\u00eancia de hero\u00edna.<\/p>\n<ul>\n<li>N\u00e3o \u00e9 t\u00f3xico.<\/li>\n<li>\u00c9 seguro<\/li>\n<li>Muitos centros de tratamento com Iboga preferem-no tanto pela facilidade de uso quanto pela experi\u00eancia psicoespiritual mais profunda.<\/li>\n<li>O Iboga TA \u00e9 uma forma n\u00e3o viciante e eficaz de tratar condi\u00e7\u00f5es de sa\u00fade mental.<\/li>\n<li>A maioria dos dependentes que concluem o tratamento sai com uma nova perspetiva, demonstrando um novo compromisso em encontrar uma solu\u00e7\u00e3o e ficar livre de drogas.<\/li>\n<li>Pode ser usado para tratar problemas como depress\u00e3o, transtorno de stress p\u00f3s-traum\u00e1tico (TEPT) e diferentes tipos de depend\u00eancias.<\/li>\n<li>O Iboga TA pode diminuir a toler\u00e2ncia \u00e0 hero\u00edna.<\/li>\n<li>O composto TA reduz em grande medida os desejos e os sintomas de abstin\u00eancia e ajuda a lidar com os efeitos dos desejos, da depress\u00e3o e da ansiedade.<\/li>\n<li>Pode ser eficaz na repara\u00e7\u00e3o de danos cerebrais com o uso a longo prazo.<\/li>\n<li>\u00c9 usado em centros de desintoxica\u00e7\u00e3o e permite passar pela experi\u00eancia com mais facilidade.<\/li>\n<\/ul>\n<p><em>O seu pedido ser\u00e1 enviado dentro de 24 horas ap\u00f3s a conclus\u00e3o da compra e chegar\u00e1 em tr\u00eas a sete dias \u00fateis. As nossas taxas de envio variam de acordo com o peso do pacote.<\/em><\/p>\n","protected":false},"featured_media":34378,"comment_status":"open","ping_status":"closed","template":"","meta":{"site-sidebar-layout":"default","site-content-layout":"","ast-site-content-layout":"default","site-content-style":"default","site-sidebar-style":"default","ast-global-header-display":"","ast-banner-title-visibility":"","ast-main-header-display":"","ast-hfb-above-header-display":"","ast-hfb-below-header-display":"","ast-hfb-mobile-header-display":"","site-post-title":"","ast-breadcrumbs-content":"","ast-featured-img":"","footer-sml-layout":"","ast-disable-related-posts":"","theme-transparent-header-meta":"default","adv-header-id-meta":"","stick-header-meta":"default","header-above-stick-meta":"","header-main-stick-meta":"","header-below-stick-meta":"","astra-migrate-meta-layouts":"set","ast-page-background-enabled":"default","ast-page-background-meta":{"desktop":{"background-color":"var(--ast-global-color-4)","background-image":"","background-repeat":"repeat","background-position":"center center","background-size":"auto","background-attachment":"scroll","background-type":"","background-media":"","overlay-type":"","overlay-color":"","overlay-opacity":"","overlay-gradient":""},"tablet":{"background-color":"","background-image":"","background-repeat":"repeat","background-position":"center center","background-size":"auto","background-attachment":"scroll","background-type":"","background-media":"","overlay-type":"","overlay-color":"","overlay-opacity":"","overlay-gradient":""},"mobile":{"background-color":"","background-image":"","background-repeat":"repeat","background-position":"center center","background-size":"auto","background-attachment":"scroll","background-type":"","background-media":"","overlay-type":"","overlay-color":"","overlay-opacity":"","overlay-gradient":""}},"ast-content-background-meta":{"desktop":{"background-color":"var(--ast-global-color-5)","background-image":"","background-repeat":"repeat","background-position":"center center","background-size":"auto","background-attachment":"scroll","background-type":"","background-media":"","overlay-type":"","overlay-color":"","overlay-opacity":"","overlay-gradient":""},"tablet":{"background-color":"var(--ast-global-color-5)","background-image":"","background-repeat":"repeat","background-position":"center center","background-size":"auto","background-attachment":"scroll","background-type":"","background-media":"","overlay-type":"","overlay-color":"","overlay-opacity":"","overlay-gradient":""},"mobile":{"background-color":"var(--ast-global-color-5)","background-image":"","background-repeat":"repeat","background-position":"center center","background-size":"auto","background-attachment":"scroll","background-type":"","background-media":"","overlay-type":"","overlay-color":"","overlay-opacity":"","overlay-gradient":""}},"jetpack_publicize_message":"","jetpack_publicize_feature_enabled":true,"jetpack_social_post_already_shared":true,"jetpack_social_options":{"image_generator_settings":{"template":"highway","default_image_id":0,"font":"","enabled":false},"version":2}},"product_brand":[4014],"product_cat":[4550],"product_tag":[],"class_list":{"0":"post-31390","1":"product","2":"type-product","3":"status-publish","4":"has-post-thumbnail","6":"product_brand-getibogaina","7":"product_cat-iboga-ta","8":"desktop-align-left","9":"tablet-align-left","10":"mobile-align-left","11":"ast-product-gallery-layout-horizontal-slider","12":"ast-product-tabs-layout-horizontal","14":"first","15":"instock","16":"shipping-taxable","17":"purchasable","18":"product-type-simple"},"jetpack_publicize_connections":[],"jetpack_sharing_enabled":true,"_links":{"self":[{"href":"https:\/\/getibogaine.com\/pt-br\/wp-json\/wp\/v2\/product\/31390","targetHints":{"allow":["GET"]}}],"collection":[{"href":"https:\/\/getibogaine.com\/pt-br\/wp-json\/wp\/v2\/product"}],"about":[{"href":"https:\/\/getibogaine.com\/pt-br\/wp-json\/wp\/v2\/types\/product"}],"replies":[{"embeddable":true,"href":"https:\/\/getibogaine.com\/pt-br\/wp-json\/wp\/v2\/comments?post=31390"}],"version-history":[{"count":1,"href":"https:\/\/getibogaine.com\/pt-br\/wp-json\/wp\/v2\/product\/31390\/revisions"}],"predecessor-version":[{"id":34388,"href":"https:\/\/getibogaine.com\/pt-br\/wp-json\/wp\/v2\/product\/31390\/revisions\/34388"}],"wp:featuredmedia":[{"embeddable":true,"href":"https:\/\/getibogaine.com\/pt-br\/wp-json\/wp\/v2\/media\/34378"}],"wp:attachment":[{"href":"https:\/\/getibogaine.com\/pt-br\/wp-json\/wp\/v2\/media?parent=31390"}],"wp:term":[{"taxonomy":"product_brand","embeddable":true,"href":"https:\/\/getibogaine.com\/pt-br\/wp-json\/wp\/v2\/product_brand?post=31390"},{"taxonomy":"product_cat","embeddable":true,"href":"https:\/\/getibogaine.com\/pt-br\/wp-json\/wp\/v2\/product_cat?post=31390"},{"taxonomy":"product_tag","embeddable":true,"href":"https:\/\/getibogaine.com\/pt-br\/wp-json\/wp\/v2\/product_tag?post=31390"}],"curies":[{"name":"wp","href":"https:\/\/api.w.org\/{rel}","templated":true}]}}