{"id":31394,"date":"2022-06-01T09:07:07","date_gmt":"2022-06-01T09:07:07","guid":{"rendered":"http:\/\/getibogaine.com\/?post_type=product&#038;p=6034"},"modified":"2026-03-17T11:31:08","modified_gmt":"2026-03-17T15:31:08","slug":"cascas-de-raiz-de-iboga-1kg","status":"publish","type":"product","link":"https:\/\/getibogaine.com\/pt-br\/produto\/cascas-de-raiz-de-iboga-1kg\/","title":{"rendered":"Cascas de raiz de Iboga (1 kg)"},"content":{"rendered":"<h2><strong>1 kg de casca da raiz de iboga \u00e0 venda<\/strong><\/h2>\n<p><iframe title=\"YouTube video player\" src=\"https:\/\/www.youtube.com\/embed\/MO4Qm_bjK8A?si=37t6iVNiJ5CtbxAG\" width=\"560\" height=\"315\" frameborder=\"0\" allowfullscreen=\"allowfullscreen\"><\/iframe><br \/>\nSabemos que voc\u00ea est\u00e1 procurando a melhor casca da raiz de iboga online, e n\u00f3s temos o que voc\u00ea precisa. Nossa casca da raiz de iboga \u00e9 produzida em nossa fazenda de iboga livre de pesticidas na \u00c1frica Central. Com a nossa casca da raiz de iboga, voc\u00ea pode esperar um produto puro, sem adultera\u00e7\u00f5es, pronto para ingest\u00e3o.<\/p>\n<p>Nossa casca da raiz de iboga \u00e9 um dos melhores rem\u00e9dios naturais para depend\u00eancia de drogas. Uma \u00f3tima forma de acabar com o v\u00edcio \u00e9 usar nossa casca da raiz de iboga como suplemento ou m\u00e9todo de tratamento. Nossa casca da raiz de iboga cont\u00e9m 95% de extrato de iboga\u00edna pura, que comprovadamente faz maravilhas na redu\u00e7\u00e3o dos sintomas de abstin\u00eancia em pessoas com transtorno por uso de subst\u00e2ncias. Nossa casca da raiz de iboga \u00e9 100% natural, tornando-a segura e eficaz para ajudar voc\u00ea a superar o v\u00edcio.<\/p>\n<p><img fetchpriority=\"high\" decoding=\"async\" class=\"alignnone size-medium wp-image-10888\" src=\"http:\/\/getibogaine.com\/wp-content\/uploads\/2022\/10\/iboga-root-bark-full-320x403.jpg\" alt=\"1 kg Iboga Root Bark for Sale\" width=\"320\" height=\"403\" title=\"\" srcset=\"https:\/\/getibogaine.com\/wp-content\/uploads\/2022\/10\/iboga-root-bark-full-320x403.jpg 320w, https:\/\/getibogaine.com\/wp-content\/uploads\/2022\/10\/iboga-root-bark-full-525x662.jpg 525w, https:\/\/getibogaine.com\/wp-content\/uploads\/2022\/10\/iboga-root-bark-full-813x1024.jpg 813w, https:\/\/getibogaine.com\/wp-content\/uploads\/2022\/10\/iboga-root-bark-full-768x968.jpg 768w, https:\/\/getibogaine.com\/wp-content\/uploads\/2022\/10\/iboga-root-bark-full.jpg 900w\" sizes=\"(max-width: 320px) 100vw, 320px\" \/><\/p>\n<h3><strong>Benef\u00edcios da casca da raiz de iboga \u00e0 venda<\/strong><\/h3>\n<p><a title=\"Difference Between Iboga And Ibogaine\" href=\"http:\/\/getibogaine.com\/whats-the-difference-between-iboga-and-ibogaine\/\">Iboga e iboga\u00edna<\/a> t\u00eam o potencial de tratar diferentes condi\u00e7\u00f5es de sa\u00fade mental. Isso inclui depress\u00e3o, transtorno de estresse p\u00f3s-traum\u00e1tico (TEPT) e v\u00e1rios tipos de depend\u00eancia. Abaixo est\u00e1 uma lista de alguns dos benef\u00edcios de usar iboga para depend\u00eancia.<\/p>\n<ul>\n<li>Lidar com o v\u00edcio, sintomas de abstin\u00eancia menos dolorosos<\/li>\n<li>Mem\u00f3rias de sonhos mais intensas<\/li>\n<li>Efeito estimulante central<\/li>\n<li>Sensa\u00e7\u00e3o espiritual, m\u00edstica<\/li>\n<li>Sonhos l\u00facidos, sonhos l\u00facidos, experi\u00eancias fora do corpo<\/li>\n<li>Perce\u00e7\u00e3o do subconsciente<\/li>\n<li>Refor\u00e7o da autoconfian\u00e7a<\/li>\n<li>Lidar com experi\u00eancias e perturba\u00e7\u00f5es traum\u00e1ticas<\/li>\n<li>Revitalizar a imagina\u00e7\u00e3o<\/li>\n<li>Tornar acess\u00edveis mem\u00f3rias da primeira inf\u00e2ncia<\/li>\n<li>Descalcificar a gl\u00e2ndula pineal<\/li>\n<li>Sono reparador<\/li>\n<li>Clareza e foco<\/li>\n<li>Sincroniza\u00e7\u00e3o dos hemisf\u00e9rios cerebrais<\/li>\n<\/ul>\n<p><strong>Origem:<\/strong> <em>Floresta tropical da \u00c1frica Central<\/em><\/p>\n","protected":false},"excerpt":{"rendered":"<p>Envio expresso com um prazo de entrega r\u00e1pido de 3\u20137 dias<\/p>\n<p>Marca: Get Ibogaine<\/p>\n<p>Peso: 1 quilograma<\/p>\n<p>Custo de envio: Calculado no checkout<\/p>\n<p>A sua encomenda ser\u00e1 enviada dentro de 24 horas ap\u00f3s a conclus\u00e3o da compra e chegar\u00e1 em tr\u00eas a sete dias \u00fateis. As nossas tarifas de envio variam de acordo com o peso do pacote.<\/p>\n","protected":false},"featured_media":34512,"comment_status":"open","ping_status":"closed","template":"","meta":{"site-sidebar-layout":"default","site-content-layout":"","ast-site-content-layout":"default","site-content-style":"default","site-sidebar-style":"default","ast-global-header-display":"","ast-banner-title-visibility":"","ast-main-header-display":"","ast-hfb-above-header-display":"","ast-hfb-below-header-display":"","ast-hfb-mobile-header-display":"","site-post-title":"","ast-breadcrumbs-content":"","ast-featured-img":"","footer-sml-layout":"","ast-disable-related-posts":"","theme-transparent-header-meta":"default","adv-header-id-meta":"","stick-header-meta":"default","header-above-stick-meta":"","header-main-stick-meta":"","header-below-stick-meta":"","astra-migrate-meta-layouts":"set","ast-page-background-enabled":"default","ast-page-background-meta":{"desktop":{"background-color":"var(--ast-global-color-4)","background-image":"","background-repeat":"repeat","background-position":"center center","background-size":"auto","background-attachment":"scroll","background-type":"","background-media":"","overlay-type":"","overlay-color":"","overlay-opacity":"","overlay-gradient":""},"tablet":{"background-color":"","background-image":"","background-repeat":"repeat","background-position":"center center","background-size":"auto","background-attachment":"scroll","background-type":"","background-media":"","overlay-type":"","overlay-color":"","overlay-opacity":"","overlay-gradient":""},"mobile":{"background-color":"","background-image":"","background-repeat":"repeat","background-position":"center center","background-size":"auto","background-attachment":"scroll","background-type":"","background-media":"","overlay-type":"","overlay-color":"","overlay-opacity":"","overlay-gradient":""}},"ast-content-background-meta":{"desktop":{"background-color":"var(--ast-global-color-5)","background-image":"","background-repeat":"repeat","background-position":"center center","background-size":"auto","background-attachment":"scroll","background-type":"","background-media":"","overlay-type":"","overlay-color":"","overlay-opacity":"","overlay-gradient":""},"tablet":{"background-color":"var(--ast-global-color-5)","background-image":"","background-repeat":"repeat","background-position":"center center","background-size":"auto","background-attachment":"scroll","background-type":"","background-media":"","overlay-type":"","overlay-color":"","overlay-opacity":"","overlay-gradient":""},"mobile":{"background-color":"var(--ast-global-color-5)","background-image":"","background-repeat":"repeat","background-position":"center center","background-size":"auto","background-attachment":"scroll","background-type":"","background-media":"","overlay-type":"","overlay-color":"","overlay-opacity":"","overlay-gradient":""}},"jetpack_publicize_message":"","jetpack_publicize_feature_enabled":true,"jetpack_social_post_already_shared":true,"jetpack_social_options":{"image_generator_settings":{"template":"highway","default_image_id":0,"font":"","enabled":false},"version":2}},"product_brand":[4014],"product_cat":[3956],"product_tag":[1658,1649,1685],"class_list":{"0":"post-31394","1":"product","2":"type-product","3":"status-publish","4":"has-post-thumbnail","6":"product_brand-getibogaina","7":"product_cat-raizes-de-iboga-a-venda","8":"product_tag-aparas-de-casca-de-raiz-de-iboga","9":"product_tag-natural","10":"product_tag-po-de-casca-de-raiz-de-iboga","11":"pa_product-state-aparas-de-casca-de-raiz-de-iboga","12":"pa_product-state-po-de-casca-de-raiz-de-iboga","13":"desktop-align-left","14":"tablet-align-left","15":"mobile-align-left","16":"ast-product-gallery-layout-horizontal-slider","17":"ast-product-single-variable","18":"ast-product-tabs-layout-horizontal","20":"first","21":"instock","22":"shipping-taxable","23":"purchasable","24":"product-type-variable"},"jetpack_publicize_connections":[],"jetpack_sharing_enabled":true,"_links":{"self":[{"href":"https:\/\/getibogaine.com\/pt-br\/wp-json\/wp\/v2\/product\/31394","targetHints":{"allow":["GET"]}}],"collection":[{"href":"https:\/\/getibogaine.com\/pt-br\/wp-json\/wp\/v2\/product"}],"about":[{"href":"https:\/\/getibogaine.com\/pt-br\/wp-json\/wp\/v2\/types\/product"}],"replies":[{"embeddable":true,"href":"https:\/\/getibogaine.com\/pt-br\/wp-json\/wp\/v2\/comments?post=31394"}],"version-history":[{"count":0,"href":"https:\/\/getibogaine.com\/pt-br\/wp-json\/wp\/v2\/product\/31394\/revisions"}],"wp:featuredmedia":[{"embeddable":true,"href":"https:\/\/getibogaine.com\/pt-br\/wp-json\/wp\/v2\/media\/34512"}],"wp:attachment":[{"href":"https:\/\/getibogaine.com\/pt-br\/wp-json\/wp\/v2\/media?parent=31394"}],"wp:term":[{"taxonomy":"product_brand","embeddable":true,"href":"https:\/\/getibogaine.com\/pt-br\/wp-json\/wp\/v2\/product_brand?post=31394"},{"taxonomy":"product_cat","embeddable":true,"href":"https:\/\/getibogaine.com\/pt-br\/wp-json\/wp\/v2\/product_cat?post=31394"},{"taxonomy":"product_tag","embeddable":true,"href":"https:\/\/getibogaine.com\/pt-br\/wp-json\/wp\/v2\/product_tag?post=31394"}],"curies":[{"name":"wp","href":"https:\/\/api.w.org\/{rel}","templated":true}]}}