{"id":31400,"date":"2022-06-01T09:26:46","date_gmt":"2022-06-01T09:26:46","guid":{"rendered":"http:\/\/getibogaine.com\/?post_type=product&#038;p=6040"},"modified":"2026-03-17T11:30:46","modified_gmt":"2026-03-17T15:30:46","slug":"iboga-ta-2g","status":"publish","type":"product","link":"https:\/\/getibogaine.com\/pt-br\/produto\/iboga-ta-2g\/","title":{"rendered":"Iboga TA (2g)"},"content":{"rendered":"<div class=\"row\">\n<div class=\"col-lg-7 col-12\">\n<h2 style=\"text-align: left;\">Onde posso conseguir Iboga TA perto de mim?<\/h2>\n<p>Agora voc\u00ea pode obter o curativo <strong>Iboga TA 2 gramas perto de voc\u00ea<\/strong>. Este \u00e9 um produto revolucion\u00e1rio que oferece o melhor da natureza e da ci\u00eancia para ajudar voc\u00ea a vivenciar uma mudan\u00e7a de espectro completo na sua percep\u00e7\u00e3o do mundo.<\/p>\n<p>Este produto \u00e9 extra\u00eddo da casca da raiz de Iboga pura, e o processo de extra\u00e7\u00e3o \u00e9 cuidadosamente monitorado para eliminar quaisquer contaminantes ou impurezas.<\/p>\n<p>O Iboga TA foi desenvolvido tanto para iniciantes quanto para quem deseja aumentar a dose. Trata-se de uma subst\u00e2ncia totalmente hol\u00edstica que n\u00e3o causa nenhum impacto negativo no corpo. Voc\u00ea vivenciar\u00e1 uma s\u00e9rie de efeitos psicod\u00e9licos, incluindo percep\u00e7\u00e3o sensorial intensificada, abertura, clareza e alegria. O Iboga TA vem em uma forma amarronzada.<\/p>\n<p>Com o Iboga TA, voc\u00ea pode desfrutar dos mesmos benef\u00edcios relatados com a <a href=\"http:\/\/getibogaine.com\/\">iboga\u00edna<\/a>, sem os muitos riscos associados a ela.<\/p>\n<h3>Tomar Iboga TA<\/h3>\n<ul>\n<li>Uma experi\u00eancia espiritual que pode transformar positivamente a sua vida<\/li>\n<li>\u00e9 garantido que proporcionar\u00e1 uma mudan\u00e7a de espectro completo<\/li>\n<li>Mais confian\u00e7a em situa\u00e7\u00f5es sociais<\/li>\n<li>Pensamento criativo e confian\u00e7a na sua intui\u00e7\u00e3o<\/li>\n<li>Uma maior compreens\u00e3o do universo<\/li>\n<\/ul>\n<h3 style=\"text-align: left;\"><strong>Ingredientes do Iboga TA<\/strong><\/h3>\n<p>Nosso produto iboga TA \u00e9 um extrato de alta qualidade que cont\u00e9m cerca de 45% de iboga\u00edna e se apresenta em peda\u00e7os ou grumos marrons de p\u00f3 marrom mo\u00eddo.<\/p>\n<ul>\n<li style=\"text-align: left;\"><span style=\"color: #000000;\"><a style=\"color: #000000;\" href=\"http:\/\/getibogaine.com\/iboga-ta-extract\/\">Extrato Total de Alcaloides de Iboga \u00e0 venda <\/a>\u00e9 extrato total de alcaloides de iboga \u00e0 venda.<\/span><\/li>\n<li style=\"text-align: left;\"><span style=\"color: #000000;\">Extra\u00eddo do p\u00f3 da casca da raiz de iboga.<\/span><\/li>\n<li style=\"text-align: left;\"><span style=\"color: #000000;\">Composto por cerca de 45% de iboga\u00edna.<\/span><\/li>\n<li style=\"text-align: left;\"><span style=\"color: #000000;\">Aparece como aglomerados castanhos.<\/span><\/li>\n<\/ul>\n<p>&nbsp;<\/p>\n<p>Compre hoje na nossa loja os nossos produtos de alta qualidade e aproveite os nossos pre\u00e7os acess\u00edveis.<\/p>\n<p><strong>Origem<\/strong>: <em>Floresta tropical da \u00c1frica Central<\/em><\/p>\n<p><strong>Cultivares<\/strong>: <a href=\"https:\/\/ljsgroup.org\/\" target=\"_blank\" rel=\"noopener\">LJS Group<\/a><\/p>\n<\/div>\n<\/div>\n","protected":false},"excerpt":{"rendered":"<p>Produto: Iboga TA<\/p>\n<p>Marca: Get Ibogaine<\/p>\n<p>Peso: 2 gramas<\/p>\n<p>Custo de envio: Calculado no checkout<\/p>\n<p><em>O seu pedido ser\u00e1 enviado no prazo de 24 horas ap\u00f3s a conclus\u00e3o da compra e chegar\u00e1 entre tr\u00eas e sete dias \u00fateis. As nossas taxas de envio variam de acordo com o peso da encomenda.<\/em><\/p>\n","protected":false},"featured_media":35253,"comment_status":"open","ping_status":"closed","template":"","meta":{"site-sidebar-layout":"default","site-content-layout":"","ast-site-content-layout":"default","site-content-style":"default","site-sidebar-style":"default","ast-global-header-display":"","ast-banner-title-visibility":"","ast-main-header-display":"","ast-hfb-above-header-display":"","ast-hfb-below-header-display":"","ast-hfb-mobile-header-display":"","site-post-title":"","ast-breadcrumbs-content":"","ast-featured-img":"","footer-sml-layout":"","ast-disable-related-posts":"","theme-transparent-header-meta":"default","adv-header-id-meta":"","stick-header-meta":"default","header-above-stick-meta":"","header-main-stick-meta":"","header-below-stick-meta":"","astra-migrate-meta-layouts":"set","ast-page-background-enabled":"default","ast-page-background-meta":{"desktop":{"background-color":"var(--ast-global-color-4)","background-image":"","background-repeat":"repeat","background-position":"center center","background-size":"auto","background-attachment":"scroll","background-type":"","background-media":"","overlay-type":"","overlay-color":"","overlay-opacity":"","overlay-gradient":""},"tablet":{"background-color":"","background-image":"","background-repeat":"repeat","background-position":"center center","background-size":"auto","background-attachment":"scroll","background-type":"","background-media":"","overlay-type":"","overlay-color":"","overlay-opacity":"","overlay-gradient":""},"mobile":{"background-color":"","background-image":"","background-repeat":"repeat","background-position":"center center","background-size":"auto","background-attachment":"scroll","background-type":"","background-media":"","overlay-type":"","overlay-color":"","overlay-opacity":"","overlay-gradient":""}},"ast-content-background-meta":{"desktop":{"background-color":"var(--ast-global-color-5)","background-image":"","background-repeat":"repeat","background-position":"center center","background-size":"auto","background-attachment":"scroll","background-type":"","background-media":"","overlay-type":"","overlay-color":"","overlay-opacity":"","overlay-gradient":""},"tablet":{"background-color":"var(--ast-global-color-5)","background-image":"","background-repeat":"repeat","background-position":"center center","background-size":"auto","background-attachment":"scroll","background-type":"","background-media":"","overlay-type":"","overlay-color":"","overlay-opacity":"","overlay-gradient":""},"mobile":{"background-color":"var(--ast-global-color-5)","background-image":"","background-repeat":"repeat","background-position":"center center","background-size":"auto","background-attachment":"scroll","background-type":"","background-media":"","overlay-type":"","overlay-color":"","overlay-opacity":"","overlay-gradient":""}},"jetpack_publicize_message":"","jetpack_publicize_feature_enabled":true,"jetpack_social_post_already_shared":true,"jetpack_social_options":{"image_generator_settings":{"template":"highway","default_image_id":0,"font":"","enabled":false},"version":2}},"product_brand":[4014],"product_cat":[4550],"product_tag":[1676],"class_list":{"0":"post-31400","1":"product","2":"type-product","3":"status-publish","4":"has-post-thumbnail","6":"product_brand-getibogaina","7":"product_cat-iboga-ta","8":"product_tag-iboga-ta","9":"desktop-align-left","10":"tablet-align-left","11":"mobile-align-left","12":"ast-product-gallery-layout-vertical-slider","13":"ast-product-tabs-layout-horizontal","15":"first","16":"instock","17":"shipping-taxable","18":"purchasable","19":"product-type-simple"},"jetpack_publicize_connections":[],"jetpack_sharing_enabled":true,"_links":{"self":[{"href":"https:\/\/getibogaine.com\/pt-br\/wp-json\/wp\/v2\/product\/31400","targetHints":{"allow":["GET"]}}],"collection":[{"href":"https:\/\/getibogaine.com\/pt-br\/wp-json\/wp\/v2\/product"}],"about":[{"href":"https:\/\/getibogaine.com\/pt-br\/wp-json\/wp\/v2\/types\/product"}],"replies":[{"embeddable":true,"href":"https:\/\/getibogaine.com\/pt-br\/wp-json\/wp\/v2\/comments?post=31400"}],"version-history":[{"count":0,"href":"https:\/\/getibogaine.com\/pt-br\/wp-json\/wp\/v2\/product\/31400\/revisions"}],"wp:featuredmedia":[{"embeddable":true,"href":"https:\/\/getibogaine.com\/pt-br\/wp-json\/wp\/v2\/media\/35253"}],"wp:attachment":[{"href":"https:\/\/getibogaine.com\/pt-br\/wp-json\/wp\/v2\/media?parent=31400"}],"wp:term":[{"taxonomy":"product_brand","embeddable":true,"href":"https:\/\/getibogaine.com\/pt-br\/wp-json\/wp\/v2\/product_brand?post=31400"},{"taxonomy":"product_cat","embeddable":true,"href":"https:\/\/getibogaine.com\/pt-br\/wp-json\/wp\/v2\/product_cat?post=31400"},{"taxonomy":"product_tag","embeddable":true,"href":"https:\/\/getibogaine.com\/pt-br\/wp-json\/wp\/v2\/product_tag?post=31400"}],"curies":[{"name":"wp","href":"https:\/\/api.w.org\/{rel}","templated":true}]}}