{"id":31406,"date":"2022-06-02T06:02:44","date_gmt":"2022-06-02T10:02:44","guid":{"rendered":"http:\/\/getibogaine.com\/?post_type=product&#038;p=6066"},"modified":"2026-03-17T11:31:08","modified_gmt":"2026-03-17T15:31:08","slug":"cascas-de-raiz-de-iboga-250g","status":"publish","type":"product","link":"https:\/\/getibogaine.com\/pt-br\/produto\/cascas-de-raiz-de-iboga-250g\/","title":{"rendered":"Cascas de Raiz de Iboga (250g)"},"content":{"rendered":"<div class=\"row\">\n<div class=\"col-lg-7 col-12\">\n<h2 style=\"text-align: left;\"><span style=\"color: #000000;\"><strong>Casca da Raiz de Iboga<\/strong><\/span><\/h2>\n<p>Compre uma planta de Iboga \u00e0 venda. Sabemos que voc\u00ea est\u00e1 procurando a melhor casca da raiz de iboga online, e n\u00f3s temos o que voc\u00ea precisa.<\/p>\n<p>Nossa casca da raiz de Iboga \u00e9 produzida em nossa pr\u00f3pria fazenda de Iboga, livre de pesticidas, na \u00c1frica Central. Com a nossa casca da raiz de Iboga, voc\u00ea pode esperar um produto puro, sem adultera\u00e7\u00f5es, pronto para ingest\u00e3o.<\/p>\n<p>Nossa casca da raiz de Iboga \u00e9 um dos melhores rem\u00e9dios naturais para a depend\u00eancia de drogas. Uma \u00f3tima forma de abandonar o v\u00edcio \u00e9 usar nossa <a href=\"http:\/\/getibogaine.com\/iboga-root-bark-for-sale\/\">Casca da Raiz de Iboga<\/a> como suplemento ou m\u00e9todo de tratamento. Nossa casca da raiz de Iboga cont\u00e9m 95% de extrato de iboga\u00edna puro, que comprovadamente faz maravilhas ao reduzir os sintomas de abstin\u00eancia em pessoas com transtorno por uso de subst\u00e2ncias. Nossa casca da raiz de Iboga \u00e9 100% natural, tornando-a segura e eficaz para ajudar voc\u00ea a superar sua depend\u00eancia.<\/p>\n<p>Usar a casca da raiz de Iboga \u00e9 uma forma eficaz de tratar diversas doen\u00e7as, e seu corpo come\u00e7ar\u00e1 a se sentir melhor em pouco tempo. Ela elimina os sintomas do v\u00edcio, e sua sa\u00fade volta ao normal. Se voc\u00ea est\u00e1 lutando contra a depend\u00eancia, talvez j\u00e1 tenha tentado v\u00e1rios rem\u00e9dios, mas nada funcionou para voc\u00ea. Agora \u00e9 hora de experimentar a casca da raiz de iboga.<\/p>\n<h3><strong>Benef\u00edcios da Casca da Raiz de Iboga\u00a0<\/strong><\/h3>\n<p><span style=\"color: #000000;\"><a title=\"Difference Between Iboga And Ibogaine\" href=\"http:\/\/getibogaine.com\/whats-the-difference-between-iboga-and-ibogaine\/\">Iboga e iboga\u00edna<\/a> t\u00eam o potencial de tratar diferentes condi\u00e7\u00f5es de sa\u00fade mental. Isso inclui depress\u00e3o, transtorno de estresse p\u00f3s-traum\u00e1tico (TEPT) e v\u00e1rios tipos de depend\u00eancias. Abaixo est\u00e1 uma lista de alguns benef\u00edcios do uso de iboga para a depend\u00eancia.<\/span><\/p>\n<ul>\n<li><span style=\"color: #000000;\">Apoio para lidar com a depend\u00eancia, sintomas de abstin\u00eancia menos dolorosos<\/span><\/li>\n<li><span style=\"color: #000000;\">Mem\u00f3rias de sonhos mais intensas<\/span><\/li>\n<li><span style=\"color: #000000;\">Efeito estimulante central<\/span><\/li>\n<li><span style=\"color: #000000;\">Sensa\u00e7\u00e3o espiritual e m\u00edstica<\/span><\/li>\n<li><span style=\"color: #000000;\">Sonhos l\u00facidos, sonhos l\u00facidos, experi\u00eancias fora do corpo<\/span><\/li>\n<li><span style=\"color: #000000;\">Compreens\u00e3o do subconsciente<\/span><\/li>\n<li><span style=\"color: #000000;\">Fortalecimento da autoconfian\u00e7a<\/span><\/li>\n<li><span style=\"color: #000000;\">Lidar com experi\u00eancias traum\u00e1ticas e transtornos<\/span><\/li>\n<li><span style=\"color: #000000;\">Revigorar a imagina\u00e7\u00e3o<\/span><\/li>\n<li><span style=\"color: #000000;\">Tornar acess\u00edveis as mem\u00f3rias da primeira inf\u00e2ncia<\/span><\/li>\n<li><span style=\"color: #000000;\">Descalcifica\u00e7\u00e3o da gl\u00e2ndula pineal<\/span><\/li>\n<li><span style=\"color: #000000;\">Sono reparador<\/span><\/li>\n<li><span style=\"color: #000000;\">Clareza e foco<\/span><\/li>\n<li><span style=\"color: #000000;\">Sincroniza\u00e7\u00e3o dos hemisf\u00e9rios cerebrais<\/span><\/li>\n<\/ul>\n<p><strong>Origem<\/strong>: <em>Floresta tropical da \u00c1frica Central<\/em><\/p>\n<\/div>\n<\/div>\n","protected":false},"excerpt":{"rendered":"<p>Envio expresso com prazo de entrega r\u00e1pido de 3 a 7 dias<\/p>\n<p>Marca: Get Ibogaine<\/p>\n<p>Peso: 250 gramas<\/p>\n<p>Custo de envio: Calculado no checkout<\/p>\n<p><em>O seu pedido ser\u00e1 enviado dentro de 24 horas ap\u00f3s a conclus\u00e3o da sua compra e chegar\u00e1 em tr\u00eas a sete dias \u00fateis. As nossas tarifas de envio variam conforme o peso do pacote.<\/em><\/p>\n","protected":false},"featured_media":34668,"comment_status":"open","ping_status":"closed","template":"","meta":{"site-sidebar-layout":"default","site-content-layout":"","ast-site-content-layout":"default","site-content-style":"default","site-sidebar-style":"default","ast-global-header-display":"","ast-banner-title-visibility":"","ast-main-header-display":"","ast-hfb-above-header-display":"","ast-hfb-below-header-display":"","ast-hfb-mobile-header-display":"","site-post-title":"","ast-breadcrumbs-content":"","ast-featured-img":"","footer-sml-layout":"","ast-disable-related-posts":"","theme-transparent-header-meta":"default","adv-header-id-meta":"","stick-header-meta":"default","header-above-stick-meta":"","header-main-stick-meta":"","header-below-stick-meta":"","astra-migrate-meta-layouts":"set","ast-page-background-enabled":"default","ast-page-background-meta":{"desktop":{"background-color":"var(--ast-global-color-4)","background-image":"","background-repeat":"repeat","background-position":"center center","background-size":"auto","background-attachment":"scroll","background-type":"","background-media":"","overlay-type":"","overlay-color":"","overlay-opacity":"","overlay-gradient":""},"tablet":{"background-color":"","background-image":"","background-repeat":"repeat","background-position":"center center","background-size":"auto","background-attachment":"scroll","background-type":"","background-media":"","overlay-type":"","overlay-color":"","overlay-opacity":"","overlay-gradient":""},"mobile":{"background-color":"","background-image":"","background-repeat":"repeat","background-position":"center center","background-size":"auto","background-attachment":"scroll","background-type":"","background-media":"","overlay-type":"","overlay-color":"","overlay-opacity":"","overlay-gradient":""}},"ast-content-background-meta":{"desktop":{"background-color":"var(--ast-global-color-5)","background-image":"","background-repeat":"repeat","background-position":"center center","background-size":"auto","background-attachment":"scroll","background-type":"","background-media":"","overlay-type":"","overlay-color":"","overlay-opacity":"","overlay-gradient":""},"tablet":{"background-color":"var(--ast-global-color-5)","background-image":"","background-repeat":"repeat","background-position":"center center","background-size":"auto","background-attachment":"scroll","background-type":"","background-media":"","overlay-type":"","overlay-color":"","overlay-opacity":"","overlay-gradient":""},"mobile":{"background-color":"var(--ast-global-color-5)","background-image":"","background-repeat":"repeat","background-position":"center center","background-size":"auto","background-attachment":"scroll","background-type":"","background-media":"","overlay-type":"","overlay-color":"","overlay-opacity":"","overlay-gradient":""}},"jetpack_publicize_message":"","jetpack_publicize_feature_enabled":true,"jetpack_social_post_already_shared":true,"jetpack_social_options":{"image_generator_settings":{"template":"highway","default_image_id":0,"font":"","enabled":false},"version":2}},"product_brand":[4014],"product_cat":[3956],"product_tag":[1721],"class_list":{"0":"post-31406","1":"product","2":"type-product","3":"status-publish","4":"has-post-thumbnail","6":"product_brand-getibogaina","7":"product_cat-raizes-de-iboga-a-venda","8":"product_tag-iboga","9":"pa_product-state-aparas-de-casca-de-raiz-de-iboga","10":"pa_product-state-po-de-casca-de-raiz-de-iboga","11":"desktop-align-left","12":"tablet-align-left","13":"mobile-align-left","14":"ast-product-gallery-layout-horizontal-slider","15":"ast-product-single-variable","16":"ast-product-tabs-layout-horizontal","18":"first","19":"instock","20":"shipping-taxable","21":"purchasable","22":"product-type-variable"},"jetpack_publicize_connections":[],"jetpack_sharing_enabled":true,"_links":{"self":[{"href":"https:\/\/getibogaine.com\/pt-br\/wp-json\/wp\/v2\/product\/31406","targetHints":{"allow":["GET"]}}],"collection":[{"href":"https:\/\/getibogaine.com\/pt-br\/wp-json\/wp\/v2\/product"}],"about":[{"href":"https:\/\/getibogaine.com\/pt-br\/wp-json\/wp\/v2\/types\/product"}],"replies":[{"embeddable":true,"href":"https:\/\/getibogaine.com\/pt-br\/wp-json\/wp\/v2\/comments?post=31406"}],"version-history":[{"count":0,"href":"https:\/\/getibogaine.com\/pt-br\/wp-json\/wp\/v2\/product\/31406\/revisions"}],"wp:featuredmedia":[{"embeddable":true,"href":"https:\/\/getibogaine.com\/pt-br\/wp-json\/wp\/v2\/media\/34668"}],"wp:attachment":[{"href":"https:\/\/getibogaine.com\/pt-br\/wp-json\/wp\/v2\/media?parent=31406"}],"wp:term":[{"taxonomy":"product_brand","embeddable":true,"href":"https:\/\/getibogaine.com\/pt-br\/wp-json\/wp\/v2\/product_brand?post=31406"},{"taxonomy":"product_cat","embeddable":true,"href":"https:\/\/getibogaine.com\/pt-br\/wp-json\/wp\/v2\/product_cat?post=31406"},{"taxonomy":"product_tag","embeddable":true,"href":"https:\/\/getibogaine.com\/pt-br\/wp-json\/wp\/v2\/product_tag?post=31406"}],"curies":[{"name":"wp","href":"https:\/\/api.w.org\/{rel}","templated":true}]}}