{"id":31412,"date":"2022-10-10T10:50:58","date_gmt":"2022-10-10T14:50:58","guid":{"rendered":"http:\/\/getibogaine.com\/?post_type=product&#038;p=10284"},"modified":"2026-03-17T11:31:06","modified_gmt":"2026-03-17T15:31:06","slug":"raiz-de-iboga-nao-adulterada-a-venda-100g","status":"publish","type":"product","link":"https:\/\/getibogaine.com\/pt-br\/produto\/raiz-de-iboga-nao-adulterada-a-venda-100g\/","title":{"rendered":"Casca de raiz de Iboga (100g)"},"content":{"rendered":"<div class=\"row\">\n<div class=\"col-lg-7 col-12\">\n<h2 style=\"text-align: left;\">Garanta sua Raiz de Iboga N\u00e3o Adulterada \u00e0 Venda, 100 g<\/h2>\n<p>Ra\u00edzes de Iboga N\u00e3o Adulteradas 100 g \u00e0 venda Sabemos que voc\u00ea quer casca de raiz de iboga pura, n\u00e3o adulterada, e \u00e9 exatamente isso que fornecemos.<\/p>\n<p>Nossa casca de raiz de iboga \u00e9 produzida em nossa fazenda livre de pesticidas na \u00c1frica Central. Com a nossa casca de raiz de iboga, voc\u00ea pode esperar um produto puro, n\u00e3o adulterado, pronto para ingest\u00e3o. Sabemos que \u00e9 dif\u00edcil encontrar uma loja confi\u00e1vel de casca de raiz de iboga online, mas estamos aqui para ajudar. Voc\u00ea pode ver as <strong><a href=\"http:\/\/getibogaine.com\/ibogaine-treatment-testimonials\/\">avalia\u00e7\u00f5es de clientes<\/a> <\/strong>que compraram este produto.<\/p>\n<p>A Raiz de Iboga N\u00e3o Adulterada \u00e0 Venda da Getibogaine \u00e9 um dos melhores rem\u00e9dios naturais para a depend\u00eancia de drogas. Uma \u00f3tima maneira de abandonar a depend\u00eancia \u00e9 usar nossa casca de raiz de iboga como suplemento ou m\u00e9todo de tratamento. Nossa casca de raiz de iboga cont\u00e9m 95% de extrato de iboga\u00edna pura, que comprovadamente faz maravilhas ao reduzir os <a title=\"What is Addiction? Understanding Causes, Symptoms, and Treatment\" href=\"http:\/\/getibogaine.com\/what-is-addiction\/\" data-wpil-monitor-id=\"166\">sintomas de abstin\u00eancia dos dependentes<\/a>. Nossa casca de raiz de iboga \u00e9 100% natural, tornando-a segura e eficaz para ajudar voc\u00ea a superar sua <a title=\"How Ibogaine Can Help With Depression\" href=\"http:\/\/getibogaine.com\/how-ibogaine-can-help-with-depression\/\" data-wpil-monitor-id=\"167\">depend\u00eancia<\/a>.<\/p>\n<p>A casca da raiz de iboga \u00e9 uma forma eficaz de curar v\u00e1rias doen\u00e7as, e o seu corpo come\u00e7ar\u00e1 a sentir-se melhor rapidamente. Ela elimina os sintomas de <a title=\"addiction\" href=\"http:\/\/getibogaine.com\/tag\/addiction\/\" data-wpil-monitor-id=\"168\">depend\u00eancia<\/a>, e a sua sa\u00fade volta ao normal. Se voc\u00ea est\u00e1 a lutar contra a depend\u00eancia, talvez j\u00e1 tenha tentado v\u00e1rios tratamentos, mas nada funcionou para si. Agora \u00e9 hora de experimentar a nossa Raiz de Iboga Pura \u00e0 Venda.<\/p>\n<h3><strong>Benef\u00edcios da casca da raiz de iboga\u00a0<\/strong><\/h3>\n<p><span style=\"color: #000000;\"><a title=\"Difference Between Iboga And Ibogaine\" href=\"http:\/\/getibogaine.com\/whats-the-difference-between-iboga-and-ibogaine\/\">Iboga e iboga\u00edna<\/a> t\u00eam potencial para tratar diferentes condi\u00e7\u00f5es de sa\u00fade mental. Isto inclui depress\u00e3o, transtorno de stress p\u00f3s-traum\u00e1tico (TEPT) e v\u00e1rios <a href=\"http:\/\/getibogaine.com\/methadone-addiction-treatment\/\">tipos de depend\u00eancia.<\/a> Abaixo est\u00e1 uma lista de alguns benef\u00edcios do uso de iboga para depend\u00eancia.<\/span><\/p>\n<ul>\n<li><span style=\"color: #000000;\">Ajuda a lidar com a depend\u00eancia e sintomas de <a title=\"Opioid Addiction Withdrawal Symptoms And Cravings\" href=\"http:\/\/getibogaine.com\/withdrawal-symptoms-and-cravings-for-people-addicted-to-opioids\/\" data-wpil-monitor-id=\"169\">abstin\u00eancia<\/a> menos dolorosos<\/span><\/li>\n<li><span style=\"color: #000000;\">Mem\u00f3rias de sonhos mais intensas<\/span><\/li>\n<li><span style=\"color: #000000;\">Efeito estimulante central<\/span><\/li>\n<li><span style=\"color: #000000;\">Sensa\u00e7\u00e3o espiritual e m\u00edstica<\/span><\/li>\n<li><span style=\"color: #000000;\">Sonhos l\u00facidos, sonhos l\u00facidos, experi\u00eancias fora do corpo<\/span><\/li>\n<li><span style=\"color: #000000;\">Percep\u00e7\u00e3o do subconsciente<\/span><\/li>\n<li><span style=\"color: #000000;\">Refor\u00e7ar a autoconfian\u00e7a<\/span><\/li>\n<li><span style=\"color: #000000;\">Lidar com experi\u00eancias e transtornos traum\u00e1ticos<\/span><\/li>\n<li><span style=\"color: #000000;\">Revitalizar a imagina\u00e7\u00e3o<\/span><\/li>\n<li><span style=\"color: #000000;\">Tornar acess\u00edveis as mem\u00f3rias da primeira inf\u00e2ncia<\/span><\/li>\n<li><span style=\"color: #000000;\">Descalcificar a gl\u00e2ndula pineal<\/span><\/li>\n<li><span style=\"color: #000000;\">Sono repousante<\/span><\/li>\n<li><span style=\"color: #000000;\">Clareza e foco<\/span><\/li>\n<li><span style=\"color: #000000;\">Sincroniza\u00e7\u00e3o dos hemisf\u00e9rios cerebrais<\/span><\/li>\n<\/ul>\n<p>&nbsp;<\/p>\n<p><strong>Origem<\/strong>: Raiz de Iboga n\u00e3o adulterada \u00e0 venda da <em>floresta tropical da \u00c1frica Central<\/em><\/p>\n<\/div>\n<\/div>\n","protected":false},"excerpt":{"rendered":"<p>Envio expresso com um prazo de entrega r\u00e1pido de 3\u20137 dias<\/p>\n<p>Marca: Get Ibogaine<\/p>\n<p>Peso: 100 gramas<\/p>\n<p>Custo de envio: Calculado no checkout<\/p>\n<p><em>O seu pedido ser\u00e1 enviado dentro de 24 horas ap\u00f3s a compra e chegar\u00e1 em tr\u00eas a sete dias \u00fateis. As nossas tarifas de envio variam de acordo com o peso do pacote.<\/em><\/p>\n","protected":false},"featured_media":34423,"comment_status":"open","ping_status":"closed","template":"","meta":{"site-sidebar-layout":"default","site-content-layout":"","ast-site-content-layout":"default","site-content-style":"default","site-sidebar-style":"default","ast-global-header-display":"","ast-banner-title-visibility":"","ast-main-header-display":"","ast-hfb-above-header-display":"","ast-hfb-below-header-display":"","ast-hfb-mobile-header-display":"","site-post-title":"","ast-breadcrumbs-content":"","ast-featured-img":"","footer-sml-layout":"","ast-disable-related-posts":"","theme-transparent-header-meta":"default","adv-header-id-meta":"","stick-header-meta":"default","header-above-stick-meta":"","header-main-stick-meta":"","header-below-stick-meta":"","astra-migrate-meta-layouts":"set","ast-page-background-enabled":"default","ast-page-background-meta":{"desktop":{"background-color":"var(--ast-global-color-4)","background-image":"","background-repeat":"repeat","background-position":"center center","background-size":"auto","background-attachment":"scroll","background-type":"","background-media":"","overlay-type":"","overlay-color":"","overlay-opacity":"","overlay-gradient":""},"tablet":{"background-color":"","background-image":"","background-repeat":"repeat","background-position":"center center","background-size":"auto","background-attachment":"scroll","background-type":"","background-media":"","overlay-type":"","overlay-color":"","overlay-opacity":"","overlay-gradient":""},"mobile":{"background-color":"","background-image":"","background-repeat":"repeat","background-position":"center center","background-size":"auto","background-attachment":"scroll","background-type":"","background-media":"","overlay-type":"","overlay-color":"","overlay-opacity":"","overlay-gradient":""}},"ast-content-background-meta":{"desktop":{"background-color":"var(--ast-global-color-5)","background-image":"","background-repeat":"repeat","background-position":"center center","background-size":"auto","background-attachment":"scroll","background-type":"","background-media":"","overlay-type":"","overlay-color":"","overlay-opacity":"","overlay-gradient":""},"tablet":{"background-color":"var(--ast-global-color-5)","background-image":"","background-repeat":"repeat","background-position":"center center","background-size":"auto","background-attachment":"scroll","background-type":"","background-media":"","overlay-type":"","overlay-color":"","overlay-opacity":"","overlay-gradient":""},"mobile":{"background-color":"var(--ast-global-color-5)","background-image":"","background-repeat":"repeat","background-position":"center center","background-size":"auto","background-attachment":"scroll","background-type":"","background-media":"","overlay-type":"","overlay-color":"","overlay-opacity":"","overlay-gradient":""}},"jetpack_publicize_message":"","jetpack_publicize_feature_enabled":true,"jetpack_social_post_already_shared":true,"jetpack_social_options":{"image_generator_settings":{"template":"highway","default_image_id":0,"font":"","enabled":false},"version":2}},"product_brand":[4014],"product_cat":[3956],"product_tag":[],"class_list":{"0":"post-31412","1":"product","2":"type-product","3":"status-publish","4":"has-post-thumbnail","6":"product_brand-getibogaina","7":"product_cat-raizes-de-iboga-a-venda","8":"pa_product-state-aparas-de-casca-de-raiz-de-iboga","9":"pa_product-state-po-de-casca-de-raiz-de-iboga","10":"desktop-align-left","11":"tablet-align-left","12":"mobile-align-left","13":"ast-product-gallery-layout-vertical-slider","14":"ast-product-single-variable","15":"ast-product-tabs-layout-horizontal","17":"first","18":"instock","19":"featured","20":"shipping-taxable","21":"purchasable","22":"product-type-variable","23":"has-default-attributes"},"jetpack_publicize_connections":[],"jetpack_sharing_enabled":true,"_links":{"self":[{"href":"https:\/\/getibogaine.com\/pt-br\/wp-json\/wp\/v2\/product\/31412","targetHints":{"allow":["GET"]}}],"collection":[{"href":"https:\/\/getibogaine.com\/pt-br\/wp-json\/wp\/v2\/product"}],"about":[{"href":"https:\/\/getibogaine.com\/pt-br\/wp-json\/wp\/v2\/types\/product"}],"replies":[{"embeddable":true,"href":"https:\/\/getibogaine.com\/pt-br\/wp-json\/wp\/v2\/comments?post=31412"}],"version-history":[{"count":0,"href":"https:\/\/getibogaine.com\/pt-br\/wp-json\/wp\/v2\/product\/31412\/revisions"}],"wp:featuredmedia":[{"embeddable":true,"href":"https:\/\/getibogaine.com\/pt-br\/wp-json\/wp\/v2\/media\/34423"}],"wp:attachment":[{"href":"https:\/\/getibogaine.com\/pt-br\/wp-json\/wp\/v2\/media?parent=31412"}],"wp:term":[{"taxonomy":"product_brand","embeddable":true,"href":"https:\/\/getibogaine.com\/pt-br\/wp-json\/wp\/v2\/product_brand?post=31412"},{"taxonomy":"product_cat","embeddable":true,"href":"https:\/\/getibogaine.com\/pt-br\/wp-json\/wp\/v2\/product_cat?post=31412"},{"taxonomy":"product_tag","embeddable":true,"href":"https:\/\/getibogaine.com\/pt-br\/wp-json\/wp\/v2\/product_tag?post=31412"}],"curies":[{"name":"wp","href":"https:\/\/api.w.org\/{rel}","templated":true}]}}