{"id":31418,"date":"2022-10-11T05:56:38","date_gmt":"2022-10-11T04:56:38","guid":{"rendered":"http:\/\/getibogaine.com\/?post_type=product&#038;p=10307"},"modified":"2026-03-17T11:31:06","modified_gmt":"2026-03-17T15:31:06","slug":"casca-da-raiz-de-iboga-para-recuperacao-de-dependencia","status":"publish","type":"product","link":"https:\/\/getibogaine.com\/pt-br\/produto\/casca-da-raiz-de-iboga-para-recuperacao-de-dependencia\/","title":{"rendered":"Casca da Raiz de Iboga 80g"},"content":{"rendered":"<div class=\"row\">\n<div class=\"col-lg-7 col-12\">\n<h2 style=\"text-align: left;\">Casca da raiz de Iboga para recupera\u00e7\u00e3o de depend\u00eancia<\/h2>\n<p>Vivencie o poder transformador da nossa casca da raiz de Iboga (80 g), um potente rem\u00e9dio natural desenvolvido para a recupera\u00e7\u00e3o da depend\u00eancia. Com 95% de extrato de iboga\u00edna pura, esta casca de raiz de alta qualidade \u00e9 formulada especificamente para ajudar a reduzir os sintomas de abstin\u00eancia e apoiar sua jornada para superar a depend\u00eancia.<\/p>\n<p>Aproveitando as propriedades curativas da natureza, nossa casca de raiz de Iboga 100% natural oferece um suplemento seguro e eficaz para quem busca retomar o controle da pr\u00f3pria vida. Seja para complementar seu tratamento ou iniciar uma abordagem hol\u00edstica de recupera\u00e7\u00e3o, nossa casca de raiz de Iboga \u00e9 uma aliada essencial no seu caminho para o bem-estar. Abrace um futuro mais promissor com a casca da raiz de iboga para recupera\u00e7\u00e3o de depend\u00eancia e d\u00ea o primeiro passo rumo a uma mudan\u00e7a duradoura.<\/p>\n<p>Procurando a melhor casca da raiz de iboga online? N\u00e3o procure mais!<\/p>\n<p>Nossa fazenda de Iboga, livre de pesticidas, na \u00c1frica Central, produz nossa casca da raiz de Iboga de qualidade superior. Ao escolher nosso produto, voc\u00ea recebe casca da raiz de Iboga pura e sem adultera\u00e7\u00f5es, pronta para ingest\u00e3o.<\/p>\n<p>Acabe com a depend\u00eancia de nosso rem\u00e9dio natural \u2014 casca da raiz de Iboga. Seja usada como suplemento ou como m\u00e9todo de tratamento, nossa casca da raiz de Iboga \u00e9 conhecida por sua efic\u00e1cia em ajudar na recupera\u00e7\u00e3o da depend\u00eancia. Com 95% de extrato de iboga\u00edna pura, foi comprovado que ela faz maravilhosas redu\u00e7\u00f5es dos sintomas de abstin\u00eancia. Confie na nossa casca da raiz de Iboga 100% natural para um suporte seguro e eficaz na sua jornada para superar a depend\u00eancia.<\/p>\n<p>A casca da raiz de iboga para recupera\u00e7\u00e3o da depend\u00eancia \u00e9 uma forma eficaz de tratar v\u00e1rias doen\u00e7as, e o seu corpo come\u00e7ar\u00e1 a sentir-se melhor rapidamente. Ela elimina os sintomas da <a title=\"addiction\" href=\"http:\/\/getibogaine.com\/tag\/addiction\/\" data-wpil-monitor-id=\"161\">depend\u00eancia<\/a>\u00a0e a sua sa\u00fade volta ao normal. Se voc\u00ea est\u00e1 a lutar contra a depend\u00eancia, talvez j\u00e1 tenha experimentado v\u00e1rios rem\u00e9dios, mas nada funcionou para voc\u00ea. Agora, \u00e9 hora de experimentar a casca da raiz de iboga.<\/p>\n<h2>Casca da Raiz de Iboga 80 g \u2013 Suporte Natural para a Recupera\u00e7\u00e3o da Depend\u00eancia<\/h2>\n<p>A casca da raiz de iboga \u00e9 conhecida pelo seu potencial \u00fanico de ajudar no tratamento da depend\u00eancia e no bem-estar mental. Tem demonstrado efeitos promissores para v\u00e1rias quest\u00f5es de sa\u00fade mental, incluindo depend\u00eancia, depress\u00e3o e PTSD. Veja como a casca da raiz de Iboga pode apoiar a recupera\u00e7\u00e3o:<\/p>\n<ul>\n<li>Alivia a abstin\u00eancia: Ajuda a controlar os desejos associados \u00e0 depend\u00eancia e reduz o desconforto da abstin\u00eancia.<\/li>\n<li>Melhora a clareza dos sonhos: incentiva sonhos v\u00edvidos e uma autorreflex\u00e3o mais profunda.<\/li>\n<li>Estimula a mente: Oferece um impulso suave de energia mental e consci\u00eancia.<\/li>\n<li>Conex\u00e3o espiritual: cria uma sensa\u00e7\u00e3o de despertar espiritual e paz interior.<\/li>\n<li>Autopercep\u00e7\u00e3o profunda: Promove a compreens\u00e3o de pensamentos e emo\u00e7\u00f5es subconscientes.<\/li>\n<li>Fortalece a confian\u00e7a: desenvolve resili\u00eancia e apoia a cura emocional.<\/li>\n<li>Apoia a recupera\u00e7\u00e3o de traumas: Ajuda a processar traumas do passado.<\/li>\n<li>Impulsiona a imagina\u00e7\u00e3o e a criatividade: estimula o pensamento criativo e a inspira\u00e7\u00e3o.<\/li>\n<li>Melhora a recorda\u00e7\u00e3o da mem\u00f3ria: Pode desbloquear mem\u00f3rias de inf\u00e2ncia e detalhes esquecidos.<\/li>\n<li>Promove um sono reparador: incentiva melhor qualidade do sono e clareza.<\/li>\n<li>Equilibra a atividade cerebral: visa harmonizar a fun\u00e7\u00e3o dos hemisf\u00e9rios esquerdo e direito do c\u00e9rebro para mais clareza e foco.<\/li>\n<\/ul>\n<p>Experimente os benef\u00edcios naturais da casca da raiz de iboga, que pode ajudar a promover clareza mental, recupera\u00e7\u00e3o e paz interior.<\/p>\n<p><strong>Origem<\/strong>: Camar\u00f5es<\/p>\n<\/div>\n<\/div>\n","protected":false},"excerpt":{"rendered":"<p>Envio expresso com prazo de entrega r\u00e1pido de 3\u20137 dias<\/p>\n<p>Marca: Get Ibogaine<\/p>\n<p>Peso: 80 gramas<\/p>\n<p>Custo de envio: Calculado no checkout<\/p>\n<p><em>O seu pedido ser\u00e1 enviado dentro de 24 horas ap\u00f3s a conclus\u00e3o da compra e chegar\u00e1 em tr\u00eas a sete dias \u00fateis. Nossas tarifas de envio variam de acordo com o peso do pacote.<\/em><\/p>\n","protected":false},"featured_media":34396,"comment_status":"open","ping_status":"closed","template":"","meta":{"site-sidebar-layout":"default","site-content-layout":"","ast-site-content-layout":"default","site-content-style":"default","site-sidebar-style":"default","ast-global-header-display":"","ast-banner-title-visibility":"","ast-main-header-display":"","ast-hfb-above-header-display":"","ast-hfb-below-header-display":"","ast-hfb-mobile-header-display":"","site-post-title":"","ast-breadcrumbs-content":"","ast-featured-img":"","footer-sml-layout":"","ast-disable-related-posts":"","theme-transparent-header-meta":"default","adv-header-id-meta":"","stick-header-meta":"default","header-above-stick-meta":"","header-main-stick-meta":"","header-below-stick-meta":"","astra-migrate-meta-layouts":"set","ast-page-background-enabled":"default","ast-page-background-meta":{"desktop":{"background-color":"var(--ast-global-color-4)","background-image":"","background-repeat":"repeat","background-position":"center center","background-size":"auto","background-attachment":"scroll","background-type":"","background-media":"","overlay-type":"","overlay-color":"","overlay-opacity":"","overlay-gradient":""},"tablet":{"background-color":"","background-image":"","background-repeat":"repeat","background-position":"center center","background-size":"auto","background-attachment":"scroll","background-type":"","background-media":"","overlay-type":"","overlay-color":"","overlay-opacity":"","overlay-gradient":""},"mobile":{"background-color":"","background-image":"","background-repeat":"repeat","background-position":"center center","background-size":"auto","background-attachment":"scroll","background-type":"","background-media":"","overlay-type":"","overlay-color":"","overlay-opacity":"","overlay-gradient":""}},"ast-content-background-meta":{"desktop":{"background-color":"var(--ast-global-color-5)","background-image":"","background-repeat":"repeat","background-position":"center center","background-size":"auto","background-attachment":"scroll","background-type":"","background-media":"","overlay-type":"","overlay-color":"","overlay-opacity":"","overlay-gradient":""},"tablet":{"background-color":"var(--ast-global-color-5)","background-image":"","background-repeat":"repeat","background-position":"center center","background-size":"auto","background-attachment":"scroll","background-type":"","background-media":"","overlay-type":"","overlay-color":"","overlay-opacity":"","overlay-gradient":""},"mobile":{"background-color":"var(--ast-global-color-5)","background-image":"","background-repeat":"repeat","background-position":"center center","background-size":"auto","background-attachment":"scroll","background-type":"","background-media":"","overlay-type":"","overlay-color":"","overlay-opacity":"","overlay-gradient":""}},"jetpack_publicize_message":"","jetpack_publicize_feature_enabled":true,"jetpack_social_post_already_shared":true,"jetpack_social_options":{"image_generator_settings":{"template":"highway","default_image_id":0,"font":"","enabled":false},"version":2}},"product_brand":[4014],"product_cat":[3956],"product_tag":[1649],"class_list":{"0":"post-31418","1":"product","2":"type-product","3":"status-publish","4":"has-post-thumbnail","6":"product_brand-getibogaina","7":"product_cat-raizes-de-iboga-a-venda","8":"product_tag-natural","9":"pa_product-state-aparas-de-casca-de-raiz-de-iboga","10":"pa_product-state-po-de-casca-de-raiz-de-iboga","11":"desktop-align-left","12":"tablet-align-left","13":"mobile-align-left","14":"ast-product-gallery-layout-horizontal-slider","15":"ast-product-single-variable","16":"ast-product-tabs-layout-horizontal","18":"first","19":"instock","20":"shipping-taxable","21":"purchasable","22":"product-type-variable","23":"has-default-attributes"},"jetpack_publicize_connections":[],"jetpack_sharing_enabled":true,"_links":{"self":[{"href":"https:\/\/getibogaine.com\/pt-br\/wp-json\/wp\/v2\/product\/31418","targetHints":{"allow":["GET"]}}],"collection":[{"href":"https:\/\/getibogaine.com\/pt-br\/wp-json\/wp\/v2\/product"}],"about":[{"href":"https:\/\/getibogaine.com\/pt-br\/wp-json\/wp\/v2\/types\/product"}],"replies":[{"embeddable":true,"href":"https:\/\/getibogaine.com\/pt-br\/wp-json\/wp\/v2\/comments?post=31418"}],"version-history":[{"count":0,"href":"https:\/\/getibogaine.com\/pt-br\/wp-json\/wp\/v2\/product\/31418\/revisions"}],"wp:featuredmedia":[{"embeddable":true,"href":"https:\/\/getibogaine.com\/pt-br\/wp-json\/wp\/v2\/media\/34396"}],"wp:attachment":[{"href":"https:\/\/getibogaine.com\/pt-br\/wp-json\/wp\/v2\/media?parent=31418"}],"wp:term":[{"taxonomy":"product_brand","embeddable":true,"href":"https:\/\/getibogaine.com\/pt-br\/wp-json\/wp\/v2\/product_brand?post=31418"},{"taxonomy":"product_cat","embeddable":true,"href":"https:\/\/getibogaine.com\/pt-br\/wp-json\/wp\/v2\/product_cat?post=31418"},{"taxonomy":"product_tag","embeddable":true,"href":"https:\/\/getibogaine.com\/pt-br\/wp-json\/wp\/v2\/product_tag?post=31418"}],"curies":[{"name":"wp","href":"https:\/\/api.w.org\/{rel}","templated":true}]}}