{"id":31430,"date":"2022-10-11T06:24:46","date_gmt":"2022-10-11T10:24:46","guid":{"rendered":"http:\/\/getibogaine.com\/?post_type=product&#038;p=10314"},"modified":"2026-03-07T10:02:14","modified_gmt":"2026-03-07T15:02:14","slug":"compre-casca-de-raiz-de-iboga-em-san-francisco-200g","status":"publish","type":"product","link":"https:\/\/getibogaine.com\/pt-br\/produto\/compre-casca-de-raiz-de-iboga-em-san-francisco-200g\/","title":{"rendered":"Cascas de raiz de Iboga (200g)"},"content":{"rendered":"<div class=\"row\">\n<div class=\"col-lg-7 col-12\">\n<h2 style=\"text-align: left;\">Compre casca de raiz de iboga em San Francisco<\/h2>\n<p>Sabemos que voc\u00ea est\u00e1 procurando a melhor casca de raiz de iboga online, e n\u00f3s temos o que voc\u00ea precisa. As nossas cascas de <a title=\"Secret Bwiti Religion &amp; Healing with Iboga Plant\" href=\"http:\/\/getibogaine.com\/bwiti-religion-and-healing-practices-with-iboga\/\" data-wpil-monitor-id=\"142\">Iboga<\/a> s\u00e3o produzidas na nossa pr\u00f3pria fazenda de Iboga, sem pesticidas, na \u00c1frica Central. Com a nossa Iboga, voc\u00ea pode esperar um produto puro, <a href=\"https:\/\/www.dictionary.com\/browse\/unadulterated\" target=\"_blank\" rel=\"noopener\">n\u00e3o adulterado<\/a>, pronto para ingest\u00e3o. A luta de San Francisco contra a depend\u00eancia de drogas, especialmente em \u00e1reas como o distrito de Tenderloin, \u00e9 bem documentada, com n\u00fameros crescentes de overdoses e problemas de sa\u00fade relacionados. Muitos moradores est\u00e3o buscando abordagens hol\u00edsticas de tratamento. A nossa casca de raiz de iboga oferece uma solu\u00e7\u00e3o natural e eficaz que aborda as causas profundas da depend\u00eancia, ajudando os moradores de San Francisco a iniciarem a sua jornada rumo \u00e0 recupera\u00e7\u00e3o.<\/p>\n<p>A nossa casca de raiz de Iboga \u00e9 um dos <a href=\"http:\/\/getibogaine.com\/\">melhores rem\u00e9dios naturais para a depend\u00eancia de drogas<\/a>. Uma \u00f3tima forma de largar o v\u00edcio \u00e9 usar a nossa <a title=\"iboga\" href=\"http:\/\/getibogaine.com\/product-tag\/iboga\/\" data-wpil-monitor-id=\"143\">Iboga<\/a> como suplemento ou m\u00e9todo de tratamento. As nossas ra\u00edzes de iboga cont\u00eam 95% de extrato puro de <a title=\"ibogaine\" href=\"http:\/\/getibogaine.com\/tag\/ibogaine\/\" data-wpil-monitor-id=\"144\">iboga\u00edna<\/a>, cuja efic\u00e1cia j\u00e1 foi comprovada na redu\u00e7\u00e3o dos sintomas de abstin\u00eancia em dependentes. A nossa casca de raiz de Iboga \u00e9 100% natural, tornando-a segura e eficaz para ajudar voc\u00ea a superar a sua <a title=\"addiction\" href=\"http:\/\/getibogaine.com\/tag\/addiction\/\" data-wpil-monitor-id=\"145\">depend\u00eancia<\/a>.<\/p>\n<p>Usar Iboga \u00e9 uma forma eficaz de curar v\u00e1rias doen\u00e7as, e o seu corpo come\u00e7ar\u00e1 a se sentir melhor em pouco tempo. Ela elimina os sintomas da <a title=\"How Ibogaine Can Help With Depression\" href=\"http:\/\/getibogaine.com\/how-ibogaine-can-help-with-depression\/\" data-wpil-monitor-id=\"146\">depend\u00eancia<\/a>, e a sua sa\u00fade volta ao normal. Se voc\u00ea est\u00e1 lutando contra a depend\u00eancia, talvez j\u00e1 tenha tentado v\u00e1rios rem\u00e9dios, mas nada funcionou para voc\u00ea. Agora \u00e9 hora de experimentar iboga.<\/p>\n<h3><strong>Benef\u00edcios da casca de raiz de Iboga\u00a0<\/strong><\/h3>\n<p><a href=\"https:\/\/getibogaine.com\/pt\/?page_id=30955\">Casca de raiz de Iboga<\/a> oferece v\u00e1rias vantagens. Ela tem potencial para tratar problemas de sa\u00fade mental como depress\u00e3o, TEPT e depend\u00eancias. Aqui est\u00e3o alguns benef\u00edcios de usar Iboga para a depend\u00eancia:<\/p>\n<ul>\n<li>Alivia os sintomas de abstin\u00eancia e ajuda a lidar com a depend\u00eancia<\/li>\n<li>Melhora a recorda\u00e7\u00e3o e a intensidade dos sonhos<\/li>\n<li>Proporciona um efeito estimulante no sistema nervoso central<\/li>\n<li>Oferece uma experi\u00eancia espiritual e m\u00edstica<\/li>\n<li>Facilita sonhos l\u00facidos e experi\u00eancias fora do corpo<\/li>\n<li>Fornece informa\u00e7\u00f5es sobre a mente subconsciente<\/li>\n<li>Aumenta a autoconfian\u00e7a<\/li>\n<li>Ajuda a lidar com traumas e transtornos<\/li>\n<li>Estimula a imagina\u00e7\u00e3o<\/li>\n<li>Acessa mem\u00f3rias da primeira inf\u00e2ncia<\/li>\n<li>Desintoxica a gl\u00e2ndula pineal<\/li>\n<li>Promove um sono reparador<\/li>\n<li>Melhora a clareza e o foco<\/li>\n<li>Sincroniza os hemisf\u00e9rios cerebrais<\/li>\n<\/ul>\n<p>Compre casca de raiz de Iboga em San Francisco. Obtenha cascas de raiz de Iboga (200g).<\/p>\n<p>&nbsp;<\/p>\n<p><strong>Origem<\/strong>: <em>Floresta tropical da \u00c1frica Central<\/em><\/p>\n<\/div>\n<div class=\"col-lg-5 col-12\"><\/div>\n<\/div>\n","protected":false},"excerpt":{"rendered":"<p>Envio expresso com prazo de entrega r\u00e1pido de 3\u20137 dias<\/p>\n<p>Marca: Get Ibogaine<\/p>\n<p>Peso: 200 gramas<\/p>\n<p>Custo de envio: Calculado no checkout<\/p>\n<p>Seu pedido ser\u00e1 enviado em at\u00e9 24 horas ap\u00f3s a compra e chegar\u00e1 em tr\u00eas a sete dias \u00fateis. Nossas taxas de envio variam de acordo com o peso do pacote.<\/p>\n","protected":false},"featured_media":34469,"comment_status":"open","ping_status":"closed","template":"","meta":{"site-sidebar-layout":"default","site-content-layout":"","ast-site-content-layout":"default","site-content-style":"default","site-sidebar-style":"default","ast-global-header-display":"","ast-banner-title-visibility":"","ast-main-header-display":"","ast-hfb-above-header-display":"","ast-hfb-below-header-display":"","ast-hfb-mobile-header-display":"","site-post-title":"","ast-breadcrumbs-content":"","ast-featured-img":"","footer-sml-layout":"","ast-disable-related-posts":"","theme-transparent-header-meta":"default","adv-header-id-meta":"","stick-header-meta":"default","header-above-stick-meta":"","header-main-stick-meta":"","header-below-stick-meta":"","astra-migrate-meta-layouts":"set","ast-page-background-enabled":"default","ast-page-background-meta":{"desktop":{"background-color":"var(--ast-global-color-4)","background-image":"","background-repeat":"repeat","background-position":"center center","background-size":"auto","background-attachment":"scroll","background-type":"","background-media":"","overlay-type":"","overlay-color":"","overlay-opacity":"","overlay-gradient":""},"tablet":{"background-color":"","background-image":"","background-repeat":"repeat","background-position":"center center","background-size":"auto","background-attachment":"scroll","background-type":"","background-media":"","overlay-type":"","overlay-color":"","overlay-opacity":"","overlay-gradient":""},"mobile":{"background-color":"","background-image":"","background-repeat":"repeat","background-position":"center center","background-size":"auto","background-attachment":"scroll","background-type":"","background-media":"","overlay-type":"","overlay-color":"","overlay-opacity":"","overlay-gradient":""}},"ast-content-background-meta":{"desktop":{"background-color":"var(--ast-global-color-5)","background-image":"","background-repeat":"repeat","background-position":"center center","background-size":"auto","background-attachment":"scroll","background-type":"","background-media":"","overlay-type":"","overlay-color":"","overlay-opacity":"","overlay-gradient":""},"tablet":{"background-color":"var(--ast-global-color-5)","background-image":"","background-repeat":"repeat","background-position":"center center","background-size":"auto","background-attachment":"scroll","background-type":"","background-media":"","overlay-type":"","overlay-color":"","overlay-opacity":"","overlay-gradient":""},"mobile":{"background-color":"var(--ast-global-color-5)","background-image":"","background-repeat":"repeat","background-position":"center center","background-size":"auto","background-attachment":"scroll","background-type":"","background-media":"","overlay-type":"","overlay-color":"","overlay-opacity":"","overlay-gradient":""}},"jetpack_publicize_message":"","jetpack_publicize_feature_enabled":true,"jetpack_social_post_already_shared":true,"jetpack_social_options":{"image_generator_settings":{"template":"highway","default_image_id":0,"font":"","enabled":false},"version":2}},"product_brand":[4014],"product_cat":[3956],"product_tag":[1649],"class_list":{"0":"post-31430","1":"product","2":"type-product","3":"status-publish","4":"has-post-thumbnail","6":"product_brand-getibogaina","7":"product_cat-raizes-de-iboga-a-venda","8":"product_tag-natural","9":"pa_product-state-aparas-de-casca-de-raiz-de-iboga","10":"pa_product-state-po-de-casca-de-raiz-de-iboga","11":"desktop-align-left","12":"tablet-align-left","13":"mobile-align-left","14":"ast-product-gallery-layout-horizontal-slider","15":"ast-product-single-variable","16":"ast-product-tabs-layout-horizontal","18":"first","19":"instock","20":"featured","21":"shipping-taxable","22":"purchasable","23":"product-type-variable","24":"has-default-attributes"},"jetpack_publicize_connections":[],"jetpack_sharing_enabled":true,"_links":{"self":[{"href":"https:\/\/getibogaine.com\/pt-br\/wp-json\/wp\/v2\/product\/31430","targetHints":{"allow":["GET"]}}],"collection":[{"href":"https:\/\/getibogaine.com\/pt-br\/wp-json\/wp\/v2\/product"}],"about":[{"href":"https:\/\/getibogaine.com\/pt-br\/wp-json\/wp\/v2\/types\/product"}],"replies":[{"embeddable":true,"href":"https:\/\/getibogaine.com\/pt-br\/wp-json\/wp\/v2\/comments?post=31430"}],"version-history":[{"count":0,"href":"https:\/\/getibogaine.com\/pt-br\/wp-json\/wp\/v2\/product\/31430\/revisions"}],"wp:featuredmedia":[{"embeddable":true,"href":"https:\/\/getibogaine.com\/pt-br\/wp-json\/wp\/v2\/media\/34469"}],"wp:attachment":[{"href":"https:\/\/getibogaine.com\/pt-br\/wp-json\/wp\/v2\/media?parent=31430"}],"wp:term":[{"taxonomy":"product_brand","embeddable":true,"href":"https:\/\/getibogaine.com\/pt-br\/wp-json\/wp\/v2\/product_brand?post=31430"},{"taxonomy":"product_cat","embeddable":true,"href":"https:\/\/getibogaine.com\/pt-br\/wp-json\/wp\/v2\/product_cat?post=31430"},{"taxonomy":"product_tag","embeddable":true,"href":"https:\/\/getibogaine.com\/pt-br\/wp-json\/wp\/v2\/product_tag?post=31430"}],"curies":[{"name":"wp","href":"https:\/\/api.w.org\/{rel}","templated":true}]}}