{"id":31436,"date":"2022-10-11T07:37:54","date_gmt":"2022-10-11T11:37:54","guid":{"rendered":"http:\/\/getibogaine.com\/?post_type=product&#038;p=10320"},"modified":"2026-03-17T11:30:46","modified_gmt":"2026-03-17T15:30:46","slug":"20-grams-of-iboga-root-bark-for-sale","status":"publish","type":"product","link":"https:\/\/getibogaine.com\/pt-br\/produto\/20-grams-of-iboga-root-bark-for-sale\/","title":{"rendered":"Cascas de raiz de iboga (20 g)"},"content":{"rendered":"<div class=\"row\">\n<div class=\"col-lg-7 col-12\">\n<h2 style=\"text-align: left;\">20 gramas de casca da raiz de iboga \u00e0 venda<\/h2>\n<p>Compre casca da raiz de iboga online. Sabemos que voc\u00ea est\u00e1 procurando a melhor casca da raiz de iboga online, e n\u00f3s cuidamos disso. A Filad\u00e9lfia, particularmente o bairro de Kensington, tornou-se um dos epicentros da crise de opioides, com milhares de pessoas lutando contra a depend\u00eancia. Os tratamentos tradicionais muitas vezes n\u00e3o s\u00e3o suficientes, levando muitos a buscar solu\u00e7\u00f5es alternativas. A casca da raiz de iboga, conhecida por suas propriedades desintoxicantes, pode ser a chave para superar a depend\u00eancia, oferecendo esperan\u00e7a \u00e0queles na Filad\u00e9lfia que se sentem presos \u00e0s suas depend\u00eancias.<\/p>\n<p>Nossa casca da raiz de iboga \u00e9 produzida em nossa pr\u00f3pria fazenda de Iboga, livre de pesticidas, na \u00c1frica Central. Com a nossa casca da raiz de iboga, voc\u00ea pode esperar um produto puro, n\u00e3o adulterado e pronto para ingest\u00e3o.<\/p>\n<p>A nossa casca de raiz de Iboga \u00e9 um dos melhores rem\u00e9dios naturais para a <a title=\"Could Ibogaine Be The Key To Ending Drug Addiction?\" href=\"http:\/\/getibogaine.com\/could-ibogaine-be-the-key-to-ending-drug-addiction\/\" data-wpil-monitor-id=\"135\">depend\u00eancia de drogas<\/a>. Uma \u00f3tima forma de acabar com a sua <a title=\"addiction\" href=\"http:\/\/getibogaine.com\/tag\/addiction\/\" data-wpil-monitor-id=\"136\">depend\u00eancia<\/a> \u00e9 usar a nossa casca de raiz de Iboga como suplemento ou m\u00e9todo de tratamento. A nossa casca de raiz de Iboga cont\u00e9m extrato de <a title=\"ibogaine\" href=\"http:\/\/getibogaine.com\/tag\/ibogaine\/\" data-wpil-monitor-id=\"137\">iboga\u00edna<\/a> 95% puro, que j\u00e1 foi comprovado fazer maravilhas na redu\u00e7\u00e3o dos sintomas de abstin\u00eancia dos dependentes. A nossa casca de raiz de Iboga \u00e9 100% natural, o que a torna segura e eficaz para ajudar voc\u00ea a superar a sua <a title=\"How Ibogaine Can Help With Depression\" href=\"http:\/\/getibogaine.com\/how-ibogaine-can-help-with-depression\/\" data-wpil-monitor-id=\"138\">depend\u00eancia<\/a>.<\/p>\n<p>Usar a casca de raiz de Iboga \u00e9 uma forma eficaz de curar v\u00e1rias doen\u00e7as, e o seu corpo come\u00e7ar\u00e1 a se sentir melhor em pouco tempo. Ela elimina os sintomas do v\u00edcio, e a sua sa\u00fade volta ao normal. Se voc\u00ea est\u00e1 lutando contra a depend\u00eancia, talvez j\u00e1 tenha tentado v\u00e1rios rem\u00e9dios, mas nada funcionou para voc\u00ea. Agora \u00e9 hora de experimentar a casca de raiz de iboga.<\/p>\n<h3><strong>Benef\u00edcios da Casca de Raiz de Iboga\u00a0<\/strong><\/h3>\n<p><span style=\"color: #000000;\"><a title=\"Difference Between Iboga And Ibogaine\" href=\"http:\/\/getibogaine.com\/whats-the-difference-between-iboga-and-ibogaine\/\">Iboga e iboga\u00edna<\/a> t\u00eam potencial para tratar diferentes condi\u00e7\u00f5es de sa\u00fade mental. Isso inclui <a title=\"Rehab: Can it Help You Overcome Depression?\" href=\"http:\/\/getibogaine.com\/is-there-rehab-for-depression\/\" data-wpil-monitor-id=\"139\">depress\u00e3o<\/a>, transtorno de estresse p\u00f3s-traum\u00e1tico (TEPT) e v\u00e1rios tipos de depend\u00eancias. Abaixo est\u00e1 uma lista de alguns benef\u00edcios do uso de <a href=\"http:\/\/getibogaine.com\/what-is-iboga\/\">iboga<\/a> para depend\u00eancia.<\/span><\/p>\n<ul>\n<li><span style=\"color: #000000;\">Ajuda a lidar com a depend\u00eancia, com <a title=\"Opioid Addiction Withdrawal Symptoms And Cravings\" href=\"http:\/\/getibogaine.com\/withdrawal-symptoms-and-cravings-for-people-addicted-to-opioids\/\" data-wpil-monitor-id=\"140\">sintomas de abstin\u00eancia<\/a> menos dolorosos<\/span><\/li>\n<li><span style=\"color: #000000;\">Mem\u00f3rias de sonhos mais intensas<\/span><\/li>\n<li><span style=\"color: #000000;\">Efeito estimulante central<\/span><\/li>\n<li><span style=\"color: #000000;\">Sensa\u00e7\u00e3o espiritual e m\u00edstica<\/span><\/li>\n<li><span style=\"color: #000000;\">Sonhos l\u00facidos, sonhos l\u00facidos, experi\u00eancias fora do corpo<\/span><\/li>\n<li><span style=\"color: #000000;\">Insight sobre o subconsciente<\/span><\/li>\n<li><span style=\"color: #000000;\">Fortalecimento da autoconfian\u00e7a<\/span><\/li>\n<li><span style=\"color: #000000;\">Lidar com experi\u00eancias traum\u00e1ticas e transtornos<\/span><\/li>\n<li><span style=\"color: #000000;\">Estimular a imagina\u00e7\u00e3o<\/span><\/li>\n<li><span style=\"color: #000000;\">Tornar acess\u00edveis mem\u00f3rias da primeira inf\u00e2ncia<\/span><\/li>\n<li><span style=\"color: #000000;\">Descalcifica\u00e7\u00e3o da gl\u00e2ndula pineal<\/span><\/li>\n<li><span style=\"color: #000000;\">Sono reparador<\/span><\/li>\n<li><span style=\"color: #000000;\">Clareza e foco<\/span><\/li>\n<li><span style=\"color: #000000;\">Sincroniza\u00e7\u00e3o dos hemisf\u00e9rios cerebrais<\/span><\/li>\n<\/ul>\n<p>&nbsp;<\/p>\n<p><strong>Origem<\/strong>: <em>Floresta tropical da \u00c1frica Central<\/em><\/p>\n<\/div>\n<\/div>\n","protected":false},"excerpt":{"rendered":"<p>Envio expresso com prazo de entrega r\u00e1pido de 3 a 7 dias<\/p>\n<p>Marca: Get Ibogaine<\/p>\n<p>Peso: 20 gramas<\/p>\n<p>Custo de envio: Calculado no checkout<\/p>\n<p>O seu pedido ser\u00e1 enviado dentro de 24 horas ap\u00f3s a conclus\u00e3o da compra e chegar\u00e1 dentro de tr\u00eas a sete dias \u00fateis. As nossas taxas de envio variam conforme o peso do pacote.<\/p>\n","protected":false},"featured_media":34480,"comment_status":"open","ping_status":"closed","template":"","meta":{"site-sidebar-layout":"default","site-content-layout":"","ast-site-content-layout":"default","site-content-style":"default","site-sidebar-style":"default","ast-global-header-display":"","ast-banner-title-visibility":"","ast-main-header-display":"","ast-hfb-above-header-display":"","ast-hfb-below-header-display":"","ast-hfb-mobile-header-display":"","site-post-title":"","ast-breadcrumbs-content":"","ast-featured-img":"","footer-sml-layout":"","ast-disable-related-posts":"","theme-transparent-header-meta":"default","adv-header-id-meta":"","stick-header-meta":"default","header-above-stick-meta":"","header-main-stick-meta":"","header-below-stick-meta":"","astra-migrate-meta-layouts":"set","ast-page-background-enabled":"default","ast-page-background-meta":{"desktop":{"background-color":"var(--ast-global-color-4)","background-image":"","background-repeat":"repeat","background-position":"center center","background-size":"auto","background-attachment":"scroll","background-type":"","background-media":"","overlay-type":"","overlay-color":"","overlay-opacity":"","overlay-gradient":""},"tablet":{"background-color":"","background-image":"","background-repeat":"repeat","background-position":"center center","background-size":"auto","background-attachment":"scroll","background-type":"","background-media":"","overlay-type":"","overlay-color":"","overlay-opacity":"","overlay-gradient":""},"mobile":{"background-color":"","background-image":"","background-repeat":"repeat","background-position":"center center","background-size":"auto","background-attachment":"scroll","background-type":"","background-media":"","overlay-type":"","overlay-color":"","overlay-opacity":"","overlay-gradient":""}},"ast-content-background-meta":{"desktop":{"background-color":"var(--ast-global-color-5)","background-image":"","background-repeat":"repeat","background-position":"center center","background-size":"auto","background-attachment":"scroll","background-type":"","background-media":"","overlay-type":"","overlay-color":"","overlay-opacity":"","overlay-gradient":""},"tablet":{"background-color":"var(--ast-global-color-5)","background-image":"","background-repeat":"repeat","background-position":"center center","background-size":"auto","background-attachment":"scroll","background-type":"","background-media":"","overlay-type":"","overlay-color":"","overlay-opacity":"","overlay-gradient":""},"mobile":{"background-color":"var(--ast-global-color-5)","background-image":"","background-repeat":"repeat","background-position":"center center","background-size":"auto","background-attachment":"scroll","background-type":"","background-media":"","overlay-type":"","overlay-color":"","overlay-opacity":"","overlay-gradient":""}},"jetpack_publicize_message":"","jetpack_publicize_feature_enabled":true,"jetpack_social_post_already_shared":true,"jetpack_social_options":{"image_generator_settings":{"template":"highway","default_image_id":0,"font":"","enabled":false},"version":2}},"product_brand":[4014],"product_cat":[3956],"product_tag":[1649],"class_list":{"0":"post-31436","1":"product","2":"type-product","3":"status-publish","4":"has-post-thumbnail","6":"product_brand-getibogaina","7":"product_cat-raizes-de-iboga-a-venda","8":"product_tag-natural","9":"pa_product-state-aparas-de-casca-de-raiz-de-iboga","10":"pa_product-state-po-de-casca-de-raiz-de-iboga","11":"desktop-align-left","12":"tablet-align-left","13":"mobile-align-left","14":"ast-product-gallery-layout-vertical-slider","15":"ast-product-single-variable","16":"ast-product-tabs-layout-horizontal","18":"first","19":"outofstock","20":"shipping-taxable","21":"purchasable","22":"product-type-variable","23":"has-default-attributes"},"jetpack_publicize_connections":[],"jetpack_sharing_enabled":true,"_links":{"self":[{"href":"https:\/\/getibogaine.com\/pt-br\/wp-json\/wp\/v2\/product\/31436","targetHints":{"allow":["GET"]}}],"collection":[{"href":"https:\/\/getibogaine.com\/pt-br\/wp-json\/wp\/v2\/product"}],"about":[{"href":"https:\/\/getibogaine.com\/pt-br\/wp-json\/wp\/v2\/types\/product"}],"replies":[{"embeddable":true,"href":"https:\/\/getibogaine.com\/pt-br\/wp-json\/wp\/v2\/comments?post=31436"}],"version-history":[{"count":0,"href":"https:\/\/getibogaine.com\/pt-br\/wp-json\/wp\/v2\/product\/31436\/revisions"}],"wp:featuredmedia":[{"embeddable":true,"href":"https:\/\/getibogaine.com\/pt-br\/wp-json\/wp\/v2\/media\/34480"}],"wp:attachment":[{"href":"https:\/\/getibogaine.com\/pt-br\/wp-json\/wp\/v2\/media?parent=31436"}],"wp:term":[{"taxonomy":"product_brand","embeddable":true,"href":"https:\/\/getibogaine.com\/pt-br\/wp-json\/wp\/v2\/product_brand?post=31436"},{"taxonomy":"product_cat","embeddable":true,"href":"https:\/\/getibogaine.com\/pt-br\/wp-json\/wp\/v2\/product_cat?post=31436"},{"taxonomy":"product_tag","embeddable":true,"href":"https:\/\/getibogaine.com\/pt-br\/wp-json\/wp\/v2\/product_tag?post=31436"}],"curies":[{"name":"wp","href":"https:\/\/api.w.org\/{rel}","templated":true}]}}