{"id":31442,"date":"2022-10-11T08:53:38","date_gmt":"2022-10-11T07:53:38","guid":{"rendered":"http:\/\/getibogaine.com\/?post_type=product&#038;p=10323"},"modified":"2026-03-17T11:31:07","modified_gmt":"2026-03-17T15:31:07","slug":"comprar-casca-de-raiz-de-iboga-em-baltimore-40g","status":"publish","type":"product","link":"https:\/\/getibogaine.com\/pt-br\/produto\/comprar-casca-de-raiz-de-iboga-em-baltimore-40g\/","title":{"rendered":"Casca de Raiz de Iboga (40 g)"},"content":{"rendered":"<div class=\"row\">\n<div class=\"col-lg-7 col-12\">\n<p style=\"text-align: left;\"><strong>Compre casca de raiz de Iboga em Baltimore<\/strong><\/p>\n<p>Sabemos que voc\u00ea est\u00e1 procurando a melhor casca de raiz de iboga online, e n\u00f3s temos o que voc\u00ea precisa.<\/p>\n<p>Nossa casca de raiz de Iboga \u00e9 produzida em nossa pr\u00f3pria fazenda de Iboga, livre de pesticidas, na \u00c1frica Central. Com a nossa casca de raiz de Iboga, voc\u00ea pode esperar um produto puro, sem adultera\u00e7\u00f5es, pronto para ingest\u00e3o.<\/p>\n<p>Nossa casca de raiz de Iboga \u00e9 um dos melhores <a href=\"http:\/\/getibogaine.com\/ibogaine-therapy-for-drug-and-addiction\/\">rem\u00e9dios para depend\u00eancia de drogas<\/a> naturais. Uma \u00f3tima forma de largar o v\u00edcio \u00e9 usar nossa casca de raiz de Iboga como suplemento ou m\u00e9todo de tratamento. Nossa casca de raiz de Iboga cont\u00e9m extrato de iboga\u00edna 95% puro, que comprovadamente faz maravilhas ao reduzir os sintomas de abstin\u00eancia de dependentes. Nossa casca de raiz de Iboga \u00e9 100% natural, tornando-a segura e eficaz para ajudar voc\u00ea a superar seu v\u00edcio.<\/p>\n<p>Usar casca de raiz de Iboga \u00e9 uma forma eficaz de tratar v\u00e1rias doen\u00e7as, e seu corpo come\u00e7ar\u00e1 a se sentir melhor em pouco tempo. Ela elimina os sintomas da depend\u00eancia, e sua sa\u00fade volta ao normal. Se voc\u00ea est\u00e1 lutando contra a depend\u00eancia, talvez j\u00e1 tenha tentado v\u00e1rios rem\u00e9dios, mas nada funcionou para voc\u00ea. Agora \u00e9 hora de experimentar a casca de raiz de iboga.<\/p>\n<h3><strong>Benef\u00edcios da Casca de Raiz de Iboga\u00a0<\/strong><\/h3>\n<p><span style=\"color: #000000;\"><a title=\"Difference Between Iboga And Ibogaine\" href=\"http:\/\/getibogaine.com\/whats-the-difference-between-iboga-and-ibogaine\/\">Iboga e iboga\u00edna<\/a> t\u00eam potencial para tratar diferentes condi\u00e7\u00f5es de sa\u00fade mental. Isso inclui depress\u00e3o, transtorno de estresse p\u00f3s-traum\u00e1tico (TEPT) e v\u00e1rios tipos de depend\u00eancias. Abaixo est\u00e1 uma lista de alguns dos benef\u00edcios de usar <a href=\"http:\/\/getibogaine.com\/benefits-of-using-ibogaine-for-nicotine-addiction\/\">iboga\u00edna para depend\u00eancia.<\/a><\/span><\/p>\n<ul>\n<li><span style=\"color: #000000;\">Enfrentamento da depend\u00eancia e sintomas de abstin\u00eancia menos dolorosos<\/span><\/li>\n<li><span style=\"color: #000000;\">Mem\u00f3rias de sonhos mais intensas<\/span><\/li>\n<li><span style=\"color: #000000;\">Efeito estimulante no sistema nervoso central<\/span><\/li>\n<li><span style=\"color: #000000;\">Sensa\u00e7\u00e3o espiritual e m\u00edstica<\/span><\/li>\n<li><span style=\"color: #000000;\">Sonhos l\u00facidos, sonhos l\u00facidos, experi\u00eancias fora do corpo<\/span><\/li>\n<li><span style=\"color: #000000;\">Compreens\u00e3o do subconsciente<\/span><\/li>\n<li><span style=\"color: #000000;\">Fortalecimento da autoconfian\u00e7a<\/span><\/li>\n<li><span style=\"color: #000000;\">Lidar com experi\u00eancias traum\u00e1ticas e transtornos<\/span><\/li>\n<li><span style=\"color: #000000;\">Avivar a imagina\u00e7\u00e3o<\/span><\/li>\n<li><span style=\"color: #000000;\">Tornar acess\u00edveis mem\u00f3rias da primeira inf\u00e2ncia<\/span><\/li>\n<li><span style=\"color: #000000;\">Descalcificar a gl\u00e2ndula pineal<\/span><\/li>\n<li><span style=\"color: #000000;\">Sono reparador<\/span><\/li>\n<li><span style=\"color: #000000;\">Clareza e foco<\/span><\/li>\n<li><span style=\"color: #000000;\">Sincroniza\u00e7\u00e3o dos hemisf\u00e9rios cerebrais<\/span><\/li>\n<\/ul>\n<p>&nbsp;<\/p>\n<p><strong>Origem<\/strong>: Compre casca de raiz de Iboga em Baltimore da <em>floresta tropical da \u00c1frica Central<\/em><\/p>\n<\/div>\n<\/div>\n","protected":false},"excerpt":{"rendered":"<p>Envio expresso com um prazo de entrega r\u00e1pido de 3\u20137 dias<\/p>\n<p>Marca: Get Ibogaine<\/p>\n<p>Peso: 40 gramas<\/p>\n<p>Custo de envio: Calculado no checkout<\/p>\n<p>Seu pedido ser\u00e1 enviado em at\u00e9 24 horas ap\u00f3s a conclus\u00e3o da compra. Nossas tarifas de envio variam de acordo com o peso do pacote.<\/p>\n","protected":false},"featured_media":34505,"comment_status":"open","ping_status":"closed","template":"","meta":{"site-sidebar-layout":"default","site-content-layout":"","ast-site-content-layout":"default","site-content-style":"default","site-sidebar-style":"default","ast-global-header-display":"","ast-banner-title-visibility":"","ast-main-header-display":"","ast-hfb-above-header-display":"","ast-hfb-below-header-display":"","ast-hfb-mobile-header-display":"","site-post-title":"","ast-breadcrumbs-content":"","ast-featured-img":"","footer-sml-layout":"","ast-disable-related-posts":"","theme-transparent-header-meta":"default","adv-header-id-meta":"","stick-header-meta":"default","header-above-stick-meta":"","header-main-stick-meta":"","header-below-stick-meta":"","astra-migrate-meta-layouts":"set","ast-page-background-enabled":"default","ast-page-background-meta":{"desktop":{"background-color":"var(--ast-global-color-4)","background-image":"","background-repeat":"repeat","background-position":"center center","background-size":"auto","background-attachment":"scroll","background-type":"","background-media":"","overlay-type":"","overlay-color":"","overlay-opacity":"","overlay-gradient":""},"tablet":{"background-color":"","background-image":"","background-repeat":"repeat","background-position":"center center","background-size":"auto","background-attachment":"scroll","background-type":"","background-media":"","overlay-type":"","overlay-color":"","overlay-opacity":"","overlay-gradient":""},"mobile":{"background-color":"","background-image":"","background-repeat":"repeat","background-position":"center center","background-size":"auto","background-attachment":"scroll","background-type":"","background-media":"","overlay-type":"","overlay-color":"","overlay-opacity":"","overlay-gradient":""}},"ast-content-background-meta":{"desktop":{"background-color":"var(--ast-global-color-5)","background-image":"","background-repeat":"repeat","background-position":"center center","background-size":"auto","background-attachment":"scroll","background-type":"","background-media":"","overlay-type":"","overlay-color":"","overlay-opacity":"","overlay-gradient":""},"tablet":{"background-color":"var(--ast-global-color-5)","background-image":"","background-repeat":"repeat","background-position":"center center","background-size":"auto","background-attachment":"scroll","background-type":"","background-media":"","overlay-type":"","overlay-color":"","overlay-opacity":"","overlay-gradient":""},"mobile":{"background-color":"var(--ast-global-color-5)","background-image":"","background-repeat":"repeat","background-position":"center center","background-size":"auto","background-attachment":"scroll","background-type":"","background-media":"","overlay-type":"","overlay-color":"","overlay-opacity":"","overlay-gradient":""}},"jetpack_publicize_message":"","jetpack_publicize_feature_enabled":true,"jetpack_social_post_already_shared":true,"jetpack_social_options":{"image_generator_settings":{"template":"highway","default_image_id":0,"font":"","enabled":false},"version":2}},"product_brand":[4014],"product_cat":[3956],"product_tag":[1721],"class_list":{"0":"post-31442","1":"product","2":"type-product","3":"status-publish","4":"has-post-thumbnail","6":"product_brand-getibogaina","7":"product_cat-raizes-de-iboga-a-venda","8":"product_tag-iboga","9":"pa_product-state-aparas-de-casca-de-raiz-de-iboga","10":"pa_product-state-po-de-casca-de-raiz-de-iboga","11":"desktop-align-left","12":"tablet-align-left","13":"mobile-align-left","14":"ast-product-gallery-layout-horizontal-slider","15":"ast-product-single-variable","16":"ast-product-tabs-layout-horizontal","18":"first","19":"instock","20":"featured","21":"shipping-taxable","22":"purchasable","23":"product-type-variable","24":"has-default-attributes"},"jetpack_publicize_connections":[],"jetpack_sharing_enabled":true,"_links":{"self":[{"href":"https:\/\/getibogaine.com\/pt-br\/wp-json\/wp\/v2\/product\/31442","targetHints":{"allow":["GET"]}}],"collection":[{"href":"https:\/\/getibogaine.com\/pt-br\/wp-json\/wp\/v2\/product"}],"about":[{"href":"https:\/\/getibogaine.com\/pt-br\/wp-json\/wp\/v2\/types\/product"}],"replies":[{"embeddable":true,"href":"https:\/\/getibogaine.com\/pt-br\/wp-json\/wp\/v2\/comments?post=31442"}],"version-history":[{"count":0,"href":"https:\/\/getibogaine.com\/pt-br\/wp-json\/wp\/v2\/product\/31442\/revisions"}],"wp:featuredmedia":[{"embeddable":true,"href":"https:\/\/getibogaine.com\/pt-br\/wp-json\/wp\/v2\/media\/34505"}],"wp:attachment":[{"href":"https:\/\/getibogaine.com\/pt-br\/wp-json\/wp\/v2\/media?parent=31442"}],"wp:term":[{"taxonomy":"product_brand","embeddable":true,"href":"https:\/\/getibogaine.com\/pt-br\/wp-json\/wp\/v2\/product_brand?post=31442"},{"taxonomy":"product_cat","embeddable":true,"href":"https:\/\/getibogaine.com\/pt-br\/wp-json\/wp\/v2\/product_cat?post=31442"},{"taxonomy":"product_tag","embeddable":true,"href":"https:\/\/getibogaine.com\/pt-br\/wp-json\/wp\/v2\/product_tag?post=31442"}],"curies":[{"name":"wp","href":"https:\/\/api.w.org\/{rel}","templated":true}]}}