{"id":31448,"date":"2022-10-12T08:02:29","date_gmt":"2022-10-12T12:02:29","guid":{"rendered":"http:\/\/getibogaine.com\/?post_type=product&#038;p=10327"},"modified":"2026-03-17T11:35:37","modified_gmt":"2026-03-17T15:35:37","slug":"comprar-iboga-ta-a-venda-3-gramas","status":"publish","type":"product","link":"https:\/\/getibogaine.com\/pt-br\/produto\/comprar-iboga-ta-a-venda-3-gramas\/","title":{"rendered":"Iboga TA (3 g)"},"content":{"rendered":"<div class=\"row\">\n<div class=\"col-lg-7 col-12\">\n<h2 style=\"text-align: left;\"><strong>Iboga TA 3 gramas<\/strong><\/h2>\n<p>Apresentamos com orgulho a lend\u00e1ria Iboga TA \u00e0 venda (3 gramas), um produto revolucion\u00e1rio que vai mudar completamente a sua perce\u00e7\u00e3o do mundo. Atrav\u00e9s da combina\u00e7\u00e3o perfeita entre <a title=\"Natural\" href=\"http:\/\/getibogaine.com\/product-tag\/natural\/\" data-wpil-monitor-id=\"129\">natureza<\/a> e ci\u00eancia, este produto oferece resultados incompar\u00e1veis que o deixar\u00e3o transformado e fortalecido.<\/p>\n<p>Este produto \u00e9 extra\u00eddo de casca de raiz de Iboga pura, e o processo de extra\u00e7\u00e3o \u00e9 cuidadosamente monitorizado para eliminar quaisquer contaminantes ou impurezas.<\/p>\n<p>A Iboga TA foi concebida tanto para iniciantes como para quem pretende aumentar a dose. Esta \u00e9 uma <a title=\"LSD Substance Use and Ibogaine Treatment\" href=\"http:\/\/getibogaine.com\/lsd-substance-use-and-ibogaine-treatment\/\" data-wpil-monitor-id=\"130\">subst\u00e2ncia<\/a> puramente hol\u00edstica que n\u00e3o tem qualquer impacto negativo no corpo. Ir\u00e1 experienciar uma s\u00e9rie de efeitos <a title=\"Psychedelics\" href=\"http:\/\/getibogaine.com\/tag\/psychedelics\/\" data-wpil-monitor-id=\"131\">psicad\u00e9licos<\/a>, incluindo maior perce\u00e7\u00e3o sensorial, abertura, clareza e alegria. A Iboga TA apresenta-se numa forma acastanhada.<\/p>\n<p>Com a Iboga TA, pode desfrutar dos mesmos benef\u00edcios relatados com a <a title=\"ibogaine\" href=\"http:\/\/getibogaine.com\/tag\/ibogaine\/\" data-wpil-monitor-id=\"132\">Iboga\u00edna<\/a>, menos os muitos riscos associados a ela.<\/p>\n<h3>Tomar Iboga TA<\/h3>\n<ul>\n<li>Uma experi\u00eancia espiritual que pode transformar positivamente a sua vida<\/li>\n<li>\u00e9 garantido que lhe proporcionar\u00e1 uma mudan\u00e7a de espectro completo<\/li>\n<li>Mais confian\u00e7a em situa\u00e7\u00f5es sociais<\/li>\n<li>Pensamento criativo e confiar na sua intui\u00e7\u00e3o<\/li>\n<li>Uma maior compreens\u00e3o do universo<\/li>\n<\/ul>\n<h3 style=\"text-align: left;\"><strong>Ingredientes do Iboga TA<\/strong><\/h3>\n<p>O nosso produto Iboga TA \u00e9 um extrato de alta qualidade que cont\u00e9m uma estimativa de 45% de iboga\u00edna e apresenta-se em peda\u00e7os ou grumos castanhos de p\u00f3 castanho mo\u00eddo.<\/p>\n<ul>\n<li style=\"text-align: left;\"><span style=\"color: #000000;\"><a style=\"color: #000000;\" href=\"http:\/\/getibogaine.com\/iboga-ta-extract\/\">Extrato de alcaloide de iboga\u00edna \u00e0 venda <\/a>\u00e9 o extrato total de alcaloides de iboga.<\/span><\/li>\n<li style=\"text-align: left;\"><span style=\"color: #000000;\">Extra\u00eddo do p\u00f3 da casca da raiz de iboga.<\/span><\/li>\n<li style=\"text-align: left;\"><span style=\"color: #000000;\">Composto por cerca de 45% de <a title=\"ibogaine.\" href=\"http:\/\/getibogaine.com\/tag\/ibogaine-2\/\" data-wpil-monitor-id=\"133\">iboga\u00edna<\/a>.<\/span><\/li>\n<li style=\"text-align: left;\"><span style=\"color: #000000;\">Apresenta-se em grumos castanhos.<\/span><\/li>\n<\/ul>\n<p>&nbsp;<\/p>\n<p>Compre hoje os nossos produtos de alta qualidade na nossa loja e aproveite os nossos pre\u00e7os acess\u00edveis.<\/p>\n<p><strong>Origem<\/strong>: Iboga TA \u00e0 venda proveniente dos Camar\u00f5es<\/p>\n<\/div>\n<\/div>\n","protected":false},"excerpt":{"rendered":"<p>O envio expresso tem um prazo de entrega r\u00e1pido de 3 a 7 dias.<\/p>\n<p>Produto: Iboga TA<\/p>\n<p>Marca: Get Ibogaine<\/p>\n<p>Peso: 3 gramas<\/p>\n<p>Custo de envio: Calculado no checkout<\/p>\n<p>A sua encomenda ser\u00e1 enviada no prazo de 24 horas ap\u00f3s a conclus\u00e3o da compra e chegar\u00e1 dentro de tr\u00eas a sete dias \u00fateis. As nossas tarifas de envio variam de acordo com o peso da encomenda.<\/p>\n","protected":false},"featured_media":34523,"comment_status":"open","ping_status":"closed","template":"","meta":{"site-sidebar-layout":"default","site-content-layout":"","ast-site-content-layout":"default","site-content-style":"default","site-sidebar-style":"default","ast-global-header-display":"","ast-banner-title-visibility":"","ast-main-header-display":"","ast-hfb-above-header-display":"","ast-hfb-below-header-display":"","ast-hfb-mobile-header-display":"","site-post-title":"","ast-breadcrumbs-content":"","ast-featured-img":"","footer-sml-layout":"","ast-disable-related-posts":"","theme-transparent-header-meta":"default","adv-header-id-meta":"","stick-header-meta":"default","header-above-stick-meta":"","header-main-stick-meta":"","header-below-stick-meta":"","astra-migrate-meta-layouts":"set","ast-page-background-enabled":"default","ast-page-background-meta":{"desktop":{"background-color":"var(--ast-global-color-4)","background-image":"","background-repeat":"repeat","background-position":"center center","background-size":"auto","background-attachment":"scroll","background-type":"","background-media":"","overlay-type":"","overlay-color":"","overlay-opacity":"","overlay-gradient":""},"tablet":{"background-color":"","background-image":"","background-repeat":"repeat","background-position":"center center","background-size":"auto","background-attachment":"scroll","background-type":"","background-media":"","overlay-type":"","overlay-color":"","overlay-opacity":"","overlay-gradient":""},"mobile":{"background-color":"","background-image":"","background-repeat":"repeat","background-position":"center center","background-size":"auto","background-attachment":"scroll","background-type":"","background-media":"","overlay-type":"","overlay-color":"","overlay-opacity":"","overlay-gradient":""}},"ast-content-background-meta":{"desktop":{"background-color":"var(--ast-global-color-5)","background-image":"","background-repeat":"repeat","background-position":"center center","background-size":"auto","background-attachment":"scroll","background-type":"","background-media":"","overlay-type":"","overlay-color":"","overlay-opacity":"","overlay-gradient":""},"tablet":{"background-color":"var(--ast-global-color-5)","background-image":"","background-repeat":"repeat","background-position":"center center","background-size":"auto","background-attachment":"scroll","background-type":"","background-media":"","overlay-type":"","overlay-color":"","overlay-opacity":"","overlay-gradient":""},"mobile":{"background-color":"var(--ast-global-color-5)","background-image":"","background-repeat":"repeat","background-position":"center center","background-size":"auto","background-attachment":"scroll","background-type":"","background-media":"","overlay-type":"","overlay-color":"","overlay-opacity":"","overlay-gradient":""}},"jetpack_publicize_message":"","jetpack_publicize_feature_enabled":true,"jetpack_social_post_already_shared":true,"jetpack_social_options":{"image_generator_settings":{"template":"highway","default_image_id":0,"font":"","enabled":false},"version":2}},"product_brand":[4014],"product_cat":[4550],"product_tag":[1676,1649],"class_list":{"0":"post-31448","1":"product","2":"type-product","3":"status-publish","4":"has-post-thumbnail","6":"product_brand-getibogaina","7":"product_cat-iboga-ta","8":"product_tag-iboga-ta","9":"product_tag-natural","10":"desktop-align-left","11":"tablet-align-left","12":"mobile-align-left","13":"ast-product-gallery-layout-horizontal-slider","14":"ast-product-tabs-layout-horizontal","16":"first","17":"instock","18":"shipping-taxable","19":"purchasable","20":"product-type-simple"},"jetpack_publicize_connections":[],"jetpack_sharing_enabled":true,"_links":{"self":[{"href":"https:\/\/getibogaine.com\/pt-br\/wp-json\/wp\/v2\/product\/31448","targetHints":{"allow":["GET"]}}],"collection":[{"href":"https:\/\/getibogaine.com\/pt-br\/wp-json\/wp\/v2\/product"}],"about":[{"href":"https:\/\/getibogaine.com\/pt-br\/wp-json\/wp\/v2\/types\/product"}],"replies":[{"embeddable":true,"href":"https:\/\/getibogaine.com\/pt-br\/wp-json\/wp\/v2\/comments?post=31448"}],"version-history":[{"count":0,"href":"https:\/\/getibogaine.com\/pt-br\/wp-json\/wp\/v2\/product\/31448\/revisions"}],"wp:featuredmedia":[{"embeddable":true,"href":"https:\/\/getibogaine.com\/pt-br\/wp-json\/wp\/v2\/media\/34523"}],"wp:attachment":[{"href":"https:\/\/getibogaine.com\/pt-br\/wp-json\/wp\/v2\/media?parent=31448"}],"wp:term":[{"taxonomy":"product_brand","embeddable":true,"href":"https:\/\/getibogaine.com\/pt-br\/wp-json\/wp\/v2\/product_brand?post=31448"},{"taxonomy":"product_cat","embeddable":true,"href":"https:\/\/getibogaine.com\/pt-br\/wp-json\/wp\/v2\/product_cat?post=31448"},{"taxonomy":"product_tag","embeddable":true,"href":"https:\/\/getibogaine.com\/pt-br\/wp-json\/wp\/v2\/product_tag?post=31448"}],"curies":[{"name":"wp","href":"https:\/\/api.w.org\/{rel}","templated":true}]}}