{"id":31466,"date":"2022-10-12T08:55:22","date_gmt":"2022-10-12T12:55:22","guid":{"rendered":"http:\/\/getibogaine.com\/?post_type=product&#038;p=10330"},"modified":"2026-03-18T13:52:11","modified_gmt":"2026-03-18T17:52:11","slug":"compre-8-gramas-de-iboga-ta","status":"publish","type":"product","link":"https:\/\/getibogaine.com\/pt-br\/produto\/compre-8-gramas-de-iboga-ta\/","title":{"rendered":"Iboga TA (8 g)"},"content":{"rendered":"<div class=\"row\">\n<div class=\"col-lg-7 col-12\">\n<h2 style=\"text-align: left;\"><strong>Iboga TA 8 gramas<\/strong><\/h2>\n<p>S\u00e3o 8 gramas de Iboga TA que voc\u00ea precisa? Voc\u00ea est\u00e1 a um passo de conseguir.<\/p>\n<p>\u00c9 com grande prazer que apresentamos a voc\u00ea a lend\u00e1ria <strong>Iboga TA 8 gramas<\/strong>. Este \u00e9 um produto revolucion\u00e1rio que entrega o melhor da natureza e da ci\u00eancia para ajudar voc\u00ea a vivenciar uma mudan\u00e7a de espectro completo na sua percep\u00e7\u00e3o do mundo.<\/p>\n<p>Este produto \u00e9 extra\u00eddo de casca de raiz de Iboga pura, e o processo de extra\u00e7\u00e3o \u00e9 cuidadosamente monitorado para eliminar quaisquer contaminantes ou impurezas.<\/p>\n<p>A Iboga TA foi desenvolvida tanto para iniciantes quanto para quem deseja aumentar a dose. Al\u00e9m disso, \u00e9 uma subst\u00e2ncia puramente hol\u00edstica que n\u00e3o causa nenhum impacto negativo no corpo. Voc\u00ea vivenciar\u00e1 uma s\u00e9rie de efeitos psicod\u00e9licos, incluindo percep\u00e7\u00e3o sensorial intensificada, abertura, clareza e alegria. A Iboga TA vem em uma forma amarronzada.<\/p>\n<p>Com a Iboga TA, voc\u00ea pode desfrutar dos mesmos benef\u00edcios relatados com a Iboga\u00edna, mas sem os muitos riscos associados a ela.<\/p>\n<\/div>\n<\/div>\n<h3><strong>Tome Iboga TA\u00a0<\/strong><\/h3>\n<ul>\n<li>Uma experi\u00eancia espiritual que pode transformar positivamente a sua vida<\/li>\n<li>tem garantia de proporcionar uma mudan\u00e7a de espectro completo<\/li>\n<li>Mais confian\u00e7a em situa\u00e7\u00f5es sociais<\/li>\n<li>Pensamento criativo e confian\u00e7a na sua intui\u00e7\u00e3o<\/li>\n<li>Uma maior compreens\u00e3o do universo<\/li>\n<\/ul>\n<p>&nbsp;<\/p>\n<div class=\"row\">\n<div class=\"col-lg-7 col-12\">\n<h3 style=\"text-align: left;\"><strong>Ingredientes da Iboga TA<\/strong><\/h3>\n<p>O nosso produto iboga TA \u00e9 um extrato de alta qualidade que cont\u00e9m cerca de 45% de iboga\u00edna, e apresenta-se em peda\u00e7os ou aglomerados castanhos de p\u00f3 castanho mo\u00eddo.<\/p>\n<ul>\n<li style=\"text-align: left;\"><span style=\"color: #000000;\"><a style=\"color: #000000;\" href=\"http:\/\/getibogaine.com\/iboga-ta-extract\/\">Extrato do alcaloide iboga\u00edna \u00e0 venda <\/a>\u00e9 um extrato do alcaloide iboga\u00edna.<\/span><\/li>\n<li style=\"text-align: left;\"><span style=\"color: #000000;\">Extra\u00eddo do p\u00f3 da casca da raiz de iboga.<\/span><\/li>\n<li style=\"text-align: left;\"><span style=\"color: #000000;\">Composto por cerca de 45% de iboga\u00edna.<\/span><\/li>\n<li style=\"text-align: left;\"><span style=\"color: #000000;\">Apresenta-se como aglomerados castanhos.<\/span><\/li>\n<\/ul>\n<p>&nbsp;<\/p>\n<p>Compre hoje os nossos produtos de alta qualidade na nossa loja e aproveite os nossos pre\u00e7os acess\u00edveis.<\/p>\n<p><strong>Origem<\/strong>: <em>Compre 8 gramas de Iboga TA dos Camar\u00f5es<\/em><\/p>\n<\/div>\n<\/div>\n","protected":false},"excerpt":{"rendered":"<p>O envio expresso tem um prazo de entrega r\u00e1pido de 3\u20137 dias.<\/p>\n<p>Produto: Iboga TA<\/p>\n<p>Marca: Get Ibogaine<\/p>\n<p>Peso: 8 gramas<\/p>\n<p>Custo de envio: Calculado no checkout<\/p>\n<p><em>O seu pedido ser\u00e1 enviado dentro de 24 horas ap\u00f3s a conclus\u00e3o da compra e chegar\u00e1 dentro de tr\u00eas a sete dias \u00fateis. As nossas taxas de envio variam conforme o peso da encomenda.<\/em><\/p>\n","protected":false},"featured_media":34553,"comment_status":"open","ping_status":"closed","template":"","meta":{"site-sidebar-layout":"default","site-content-layout":"","ast-site-content-layout":"default","site-content-style":"default","site-sidebar-style":"default","ast-global-header-display":"","ast-banner-title-visibility":"","ast-main-header-display":"","ast-hfb-above-header-display":"","ast-hfb-below-header-display":"","ast-hfb-mobile-header-display":"","site-post-title":"","ast-breadcrumbs-content":"","ast-featured-img":"","footer-sml-layout":"","ast-disable-related-posts":"","theme-transparent-header-meta":"default","adv-header-id-meta":"","stick-header-meta":"default","header-above-stick-meta":"","header-main-stick-meta":"","header-below-stick-meta":"","astra-migrate-meta-layouts":"set","ast-page-background-enabled":"default","ast-page-background-meta":{"desktop":{"background-color":"var(--ast-global-color-4)","background-image":"","background-repeat":"repeat","background-position":"center center","background-size":"auto","background-attachment":"scroll","background-type":"","background-media":"","overlay-type":"","overlay-color":"","overlay-opacity":"","overlay-gradient":""},"tablet":{"background-color":"","background-image":"","background-repeat":"repeat","background-position":"center center","background-size":"auto","background-attachment":"scroll","background-type":"","background-media":"","overlay-type":"","overlay-color":"","overlay-opacity":"","overlay-gradient":""},"mobile":{"background-color":"","background-image":"","background-repeat":"repeat","background-position":"center center","background-size":"auto","background-attachment":"scroll","background-type":"","background-media":"","overlay-type":"","overlay-color":"","overlay-opacity":"","overlay-gradient":""}},"ast-content-background-meta":{"desktop":{"background-color":"var(--ast-global-color-5)","background-image":"","background-repeat":"repeat","background-position":"center center","background-size":"auto","background-attachment":"scroll","background-type":"","background-media":"","overlay-type":"","overlay-color":"","overlay-opacity":"","overlay-gradient":""},"tablet":{"background-color":"var(--ast-global-color-5)","background-image":"","background-repeat":"repeat","background-position":"center center","background-size":"auto","background-attachment":"scroll","background-type":"","background-media":"","overlay-type":"","overlay-color":"","overlay-opacity":"","overlay-gradient":""},"mobile":{"background-color":"var(--ast-global-color-5)","background-image":"","background-repeat":"repeat","background-position":"center center","background-size":"auto","background-attachment":"scroll","background-type":"","background-media":"","overlay-type":"","overlay-color":"","overlay-opacity":"","overlay-gradient":""}},"jetpack_publicize_message":"","jetpack_publicize_feature_enabled":true,"jetpack_social_post_already_shared":true,"jetpack_social_options":{"image_generator_settings":{"template":"highway","default_image_id":0,"font":"","enabled":false},"version":2}},"product_brand":[4014],"product_cat":[4550],"product_tag":[1676,1649],"class_list":{"0":"post-31466","1":"product","2":"type-product","3":"status-publish","4":"has-post-thumbnail","6":"product_brand-getibogaina","7":"product_cat-iboga-ta","8":"product_tag-iboga-ta","9":"product_tag-natural","10":"desktop-align-left","11":"tablet-align-left","12":"mobile-align-left","13":"ast-product-gallery-layout-horizontal-slider","14":"ast-product-tabs-layout-horizontal","16":"first","17":"instock","18":"shipping-taxable","19":"purchasable","20":"product-type-simple"},"jetpack_publicize_connections":[],"jetpack_sharing_enabled":true,"_links":{"self":[{"href":"https:\/\/getibogaine.com\/pt-br\/wp-json\/wp\/v2\/product\/31466","targetHints":{"allow":["GET"]}}],"collection":[{"href":"https:\/\/getibogaine.com\/pt-br\/wp-json\/wp\/v2\/product"}],"about":[{"href":"https:\/\/getibogaine.com\/pt-br\/wp-json\/wp\/v2\/types\/product"}],"replies":[{"embeddable":true,"href":"https:\/\/getibogaine.com\/pt-br\/wp-json\/wp\/v2\/comments?post=31466"}],"version-history":[{"count":0,"href":"https:\/\/getibogaine.com\/pt-br\/wp-json\/wp\/v2\/product\/31466\/revisions"}],"wp:featuredmedia":[{"embeddable":true,"href":"https:\/\/getibogaine.com\/pt-br\/wp-json\/wp\/v2\/media\/34553"}],"wp:attachment":[{"href":"https:\/\/getibogaine.com\/pt-br\/wp-json\/wp\/v2\/media?parent=31466"}],"wp:term":[{"taxonomy":"product_brand","embeddable":true,"href":"https:\/\/getibogaine.com\/pt-br\/wp-json\/wp\/v2\/product_brand?post=31466"},{"taxonomy":"product_cat","embeddable":true,"href":"https:\/\/getibogaine.com\/pt-br\/wp-json\/wp\/v2\/product_cat?post=31466"},{"taxonomy":"product_tag","embeddable":true,"href":"https:\/\/getibogaine.com\/pt-br\/wp-json\/wp\/v2\/product_tag?post=31466"}],"curies":[{"name":"wp","href":"https:\/\/api.w.org\/{rel}","templated":true}]}}