{"id":31490,"date":"2022-10-13T09:05:39","date_gmt":"2022-10-13T08:05:39","guid":{"rendered":"http:\/\/getibogaine.com\/?post_type=product&#038;p=10339"},"modified":"2026-03-17T11:40:48","modified_gmt":"2026-03-17T15:40:48","slug":"ibogaina-hcl-5-gramas","status":"publish","type":"product","link":"https:\/\/getibogaine.com\/pt-br\/produto\/ibogaina-hcl-5-gramas\/","title":{"rendered":"Iboga\u00edna HCL (5g)"},"content":{"rendered":"<div class=\"row\">\n<div class=\"col-lg-7 col-12\">\n<h2 style=\"text-align: left;\"><strong>Iboga\u00edna HCL 5 gramas<\/strong><\/h2>\n<p>Obtenha Iboga\u00edna HCL 5 gramas para recupera\u00e7\u00e3o de depend\u00eancia hoje.<\/p>\n<p>Quando se trata de iboga\u00edna HCL \u00e0 venda, a nossa loja \u00e9 um dos principais fornecedores de casca de raiz de iboga de alta qualidade, dispon\u00edvel online.<\/p>\n<p>Se voc\u00ea quer obter Iboga\u00edna HCL 5 gramas para recupera\u00e7\u00e3o de depend\u00eancia, ent\u00e3o esta \u00e9 uma \u00f3tima escolha. A nossa <a title=\"ibogaine.\" href=\"http:\/\/getibogaine.com\/tag\/ibogaine-2\/\" data-wpil-monitor-id=\"110\">ibogaine<\/a> \u00e9 extra\u00edda em p\u00f3 branco, e a nossa iboga\u00edna HCL \u00e9 composta por 95% de iboga\u00edna. Isso a torna um dos produtos mais potentes dispon\u00edveis e, por isso, pode ser consumida em quantidades menores do que muitos outros produtos semelhantes.<\/p>\n<p>Com a nossa iboga\u00edna HCL, voc\u00ea experimentar\u00e1 efeitos <a title=\"Psychedelics\" href=\"http:\/\/getibogaine.com\/tag\/psychedelics\/\" data-wpil-monitor-id=\"111\">psicod\u00e9licos<\/a> como alucina\u00e7\u00f5es, mas com uma sensa\u00e7\u00e3o limpa e segura que torna poss\u00edvel obter novos insights a partir do processo. Voc\u00ea pode ter sensa\u00e7\u00f5es de flutuar e voar ou vis\u00f5es de viajar por t\u00faneis em velocidade de dobra. \u00c9 importante lembrar que estas n\u00e3o s\u00e3o apenas alucina\u00e7\u00f5es; a sua mente consciente est\u00e1 desacelerando para que voc\u00ea possa processar mem\u00f3rias traum\u00e1ticas r\u00e1pido o suficiente para que essas imagens sejam processadas pela sua mente subconsciente. Isso acontecer\u00e1 em muitas partes da sua vida e lhe dar\u00e1 a chance de se conectar mais profundamente consigo mesmo.<\/p>\n<h3 style=\"text-align: left;\"><strong>Componentes Essenciais da nossa Iboga\u00edna HCL<\/strong><\/h3>\n<ul>\n<li style=\"text-align: left;\">A iboga\u00edna HCL pura foi extra\u00edda de Tabernanthe.<\/li>\n<li style=\"text-align: left;\">S\u00e3o compostas por 95% de iboga\u00edna.<\/li>\n<li style=\"text-align: left;\">O HCL aparece como um p\u00f3 castanho, e n\u00e3o branco.<\/li>\n<\/ul>\n<h3 style=\"text-align: left;\"><strong>Benef\u00edcios da nossa Iboga\u00edna HCL<\/strong><\/h3>\n<p>A nossa iboga\u00edna \u00e0 venda \u00e9 iboga\u00edna HCL pura extra\u00edda de Tabernanthe.<br \/>\nAl\u00e9m disso, oferecemos os seguintes benef\u00edcios quando voc\u00ea encomenda este produto:<\/p>\n<ul>\n<li>Um padr\u00e3o garantido de teor de Iboga\u00edna HCL &gt; 95%.<\/li>\n<li>\u00c9 produzida em laborat\u00f3rio sem o uso de quaisquer qu\u00edmicos ou solventes, como acetona ou \u00e9ter.<\/li>\n<li>Desde 2017, temos refinado com per\u00edcia as nossas extra\u00e7\u00f5es de <a title=\"Secret Bwiti Religion &amp; Healing with Iboga Plant\" href=\"http:\/\/getibogaine.com\/bwiti-religion-and-healing-practices-with-iboga\/\" data-wpil-monitor-id=\"112\">Iboga<\/a> e nos dedicamos a produzir extratos de alt\u00edssima qualidade destinados a fins m\u00e9dicos.<\/li>\n<li>A Iboga\u00edna HCL pode retirar completamente uma pessoa do estado f\u00edsico e psicol\u00f3gico de <a title=\"addiction\" href=\"http:\/\/getibogaine.com\/tag\/addiction\/\" data-wpil-monitor-id=\"113\">depend\u00eancia<\/a> por um per\u00edodo que vai de <strong>uma semana a 12 meses.<\/strong><\/li>\n<li>A Iboga\u00edna HCL tem um efeito frequentemente comparado \u00e0 cura por interven\u00e7\u00e3o divina. Quem j\u00e1 vivenciou esse <a title=\"drugs\" href=\"http:\/\/getibogaine.com\/tag\/drugs\/\" data-wpil-monitor-id=\"114\">f\u00e1rmaco<\/a> maravilhoso sabe disso.<\/li>\n<li>Outro benef\u00edcio significativo da Iboga\u00edna HCL s\u00e3o seus rem\u00e9dios naturais contra problemas espec\u00edficos. Este f\u00e1rmaco \u00e9 considerado ben\u00e9fico para a <a title=\"Rehab: Can it Help You Overcome Depression?\" href=\"http:\/\/getibogaine.com\/is-there-rehab-for-depression\/\" data-wpil-monitor-id=\"115\">depress\u00e3o<\/a> e para os opi\u00e1ceos.<\/li>\n<\/ul>\n<h3 style=\"text-align: left;\"><strong>Por qu\u00e9 comprar conosco?<\/strong><\/h3>\n<p>Em contraste com outros vendedores, vendemos apenas produtos de <a title=\"iboga\" href=\"http:\/\/getibogaine.com\/product-tag\/iboga\/\" data-wpil-monitor-id=\"116\">Iboga<\/a>. Isso se deve ao nosso compromisso em fornecer a forma mais pura de Iboga\u00edna HCL a um pre\u00e7o acess\u00edvel. Voc\u00ea vai notar que alguns vendedores t\u00eam uma grande sele\u00e7\u00e3o de produtos. No entanto, os clientes tamb\u00e9m podem ficar sobrecarregados.<\/p>\n<p><strong>Origem<\/strong>: Camar\u00f5es<\/p>\n<\/div>\n<\/div>\n","protected":false},"excerpt":{"rendered":"<p>O envio expresso tem um prazo de entrega r\u00e1pido de 3\u20137 dias.<\/p>\n<p>Produto: Iboga\u00edna HCL<\/p>\n<p>Marca: Get Ibogaine<\/p>\n<p>Peso: 5 gramas<\/p>\n<p>Custo de envio: Calculado no checkout<\/p>\n<p><em>Seu pedido ser\u00e1 enviado em at\u00e9 24 horas ap\u00f3s a compra e chegar\u00e1 em tr\u00eas a sete dias \u00fateis. Nossas tarifas de envio variam de acordo com o peso do pacote.<\/em><\/p>\n","protected":false},"featured_media":34608,"comment_status":"open","ping_status":"closed","template":"","meta":{"site-sidebar-layout":"default","site-content-layout":"","ast-site-content-layout":"default","site-content-style":"default","site-sidebar-style":"default","ast-global-header-display":"","ast-banner-title-visibility":"","ast-main-header-display":"","ast-hfb-above-header-display":"","ast-hfb-below-header-display":"","ast-hfb-mobile-header-display":"","site-post-title":"","ast-breadcrumbs-content":"","ast-featured-img":"","footer-sml-layout":"","ast-disable-related-posts":"","theme-transparent-header-meta":"default","adv-header-id-meta":"","stick-header-meta":"default","header-above-stick-meta":"","header-main-stick-meta":"","header-below-stick-meta":"","astra-migrate-meta-layouts":"set","ast-page-background-enabled":"default","ast-page-background-meta":{"desktop":{"background-color":"var(--ast-global-color-4)","background-image":"","background-repeat":"repeat","background-position":"center center","background-size":"auto","background-attachment":"scroll","background-type":"","background-media":"","overlay-type":"","overlay-color":"","overlay-opacity":"","overlay-gradient":""},"tablet":{"background-color":"","background-image":"","background-repeat":"repeat","background-position":"center center","background-size":"auto","background-attachment":"scroll","background-type":"","background-media":"","overlay-type":"","overlay-color":"","overlay-opacity":"","overlay-gradient":""},"mobile":{"background-color":"","background-image":"","background-repeat":"repeat","background-position":"center center","background-size":"auto","background-attachment":"scroll","background-type":"","background-media":"","overlay-type":"","overlay-color":"","overlay-opacity":"","overlay-gradient":""}},"ast-content-background-meta":{"desktop":{"background-color":"var(--ast-global-color-5)","background-image":"","background-repeat":"repeat","background-position":"center center","background-size":"auto","background-attachment":"scroll","background-type":"","background-media":"","overlay-type":"","overlay-color":"","overlay-opacity":"","overlay-gradient":""},"tablet":{"background-color":"var(--ast-global-color-5)","background-image":"","background-repeat":"repeat","background-position":"center center","background-size":"auto","background-attachment":"scroll","background-type":"","background-media":"","overlay-type":"","overlay-color":"","overlay-opacity":"","overlay-gradient":""},"mobile":{"background-color":"var(--ast-global-color-5)","background-image":"","background-repeat":"repeat","background-position":"center center","background-size":"auto","background-attachment":"scroll","background-type":"","background-media":"","overlay-type":"","overlay-color":"","overlay-opacity":"","overlay-gradient":""}},"jetpack_publicize_message":"","jetpack_publicize_feature_enabled":true,"jetpack_social_post_already_shared":true,"jetpack_social_options":{"image_generator_settings":{"template":"highway","default_image_id":0,"font":"","enabled":false},"version":2}},"product_brand":[4014],"product_cat":[4558],"product_tag":[1667,1649],"class_list":{"0":"post-31490","1":"product","2":"type-product","3":"status-publish","4":"has-post-thumbnail","6":"product_brand-getibogaina","7":"product_cat-compre-ibogaine-hcl","8":"product_tag-ibogaina-hcl","9":"product_tag-natural","10":"desktop-align-left","11":"tablet-align-left","12":"mobile-align-left","13":"ast-product-gallery-layout-horizontal-slider","14":"ast-product-tabs-layout-horizontal","16":"first","17":"instock","18":"sale","19":"shipping-taxable","20":"purchasable","21":"product-type-simple"},"jetpack_publicize_connections":[],"jetpack_sharing_enabled":true,"_links":{"self":[{"href":"https:\/\/getibogaine.com\/pt-br\/wp-json\/wp\/v2\/product\/31490","targetHints":{"allow":["GET"]}}],"collection":[{"href":"https:\/\/getibogaine.com\/pt-br\/wp-json\/wp\/v2\/product"}],"about":[{"href":"https:\/\/getibogaine.com\/pt-br\/wp-json\/wp\/v2\/types\/product"}],"replies":[{"embeddable":true,"href":"https:\/\/getibogaine.com\/pt-br\/wp-json\/wp\/v2\/comments?post=31490"}],"version-history":[{"count":0,"href":"https:\/\/getibogaine.com\/pt-br\/wp-json\/wp\/v2\/product\/31490\/revisions"}],"wp:featuredmedia":[{"embeddable":true,"href":"https:\/\/getibogaine.com\/pt-br\/wp-json\/wp\/v2\/media\/34608"}],"wp:attachment":[{"href":"https:\/\/getibogaine.com\/pt-br\/wp-json\/wp\/v2\/media?parent=31490"}],"wp:term":[{"taxonomy":"product_brand","embeddable":true,"href":"https:\/\/getibogaine.com\/pt-br\/wp-json\/wp\/v2\/product_brand?post=31490"},{"taxonomy":"product_cat","embeddable":true,"href":"https:\/\/getibogaine.com\/pt-br\/wp-json\/wp\/v2\/product_cat?post=31490"},{"taxonomy":"product_tag","embeddable":true,"href":"https:\/\/getibogaine.com\/pt-br\/wp-json\/wp\/v2\/product_tag?post=31490"}],"curies":[{"name":"wp","href":"https:\/\/api.w.org\/{rel}","templated":true}]}}