{"id":31502,"date":"2022-10-13T09:18:56","date_gmt":"2022-10-13T08:18:56","guid":{"rendered":"http:\/\/getibogaine.com\/?post_type=product&#038;p=10341"},"modified":"2026-03-17T11:30:46","modified_gmt":"2026-03-17T15:30:46","slug":"ibogaine-hcl-comprar-a-um-preco-muito-acessivel","status":"publish","type":"product","link":"https:\/\/getibogaine.com\/pt-br\/produto\/ibogaine-hcl-comprar-a-um-preco-muito-acessivel\/","title":{"rendered":"Iboga\u00edna HCL (1 g)"},"content":{"rendered":"<div class=\"row\">\n<div class=\"col-lg-7 col-12\">\n<h2 style=\"text-align: left;\"><strong>Iboga\u00edna HCL 1 Grama<\/strong><\/h2>\n<p>A Iboga\u00edna HCL \u00e9 muito acess\u00edvel. Obtenha Iboga\u00edna HCL de alta qualidade para um tratamento eficaz sem estourar o or\u00e7amento.<\/p>\n<p>Quanto \u00e0 Iboga\u00edna HCL \u00e0 venda, a nossa loja \u00e9 um dos <a href=\"http:\/\/getibogaine.com\/\">principais fornecedores de casca de raiz de iboga de alta qualidade online.<\/a><\/p>\n<p>Se voc\u00ea quer comprar iboga\u00edna HCL, ent\u00e3o esta \u00e9 uma \u00f3tima escolha. A nossa <a title=\"ibogaine\" href=\"http:\/\/getibogaine.com\/tag\/ibogaine\/\" data-wpil-monitor-id=\"92\">iboga\u00edna<\/a> \u00e9 extra\u00edda como um p\u00f3 branco, e a nossa iboga\u00edna HCL cont\u00e9m 95% de iboga\u00edna. Isso a torna um dos produtos mais potentes dispon\u00edveis e, por isso, pode ser consumida em quantidades menores do que muitos outros produtos semelhantes.<\/p>\n<p>Com a nossa iboga\u00edna HCL, voc\u00ea vivenciar\u00e1 efeitos <a title=\"Psychedelics\" href=\"http:\/\/getibogaine.com\/tag\/psychedelics\/\" data-wpil-monitor-id=\"93\">psicod\u00e9licos<\/a>, como alucina\u00e7\u00f5es, mas com uma sensa\u00e7\u00e3o limpa e segura que torna poss\u00edvel obter novos insights a partir do processo. Voc\u00ea pode ter sensa\u00e7\u00f5es de flutuar e voar ou vis\u00f5es de viajar por t\u00faneis em velocidade de dobra. \u00c9 importante lembrar que isso n\u00e3o s\u00e3o apenas alucina\u00e7\u00f5es; a sua mente consciente est\u00e1 desacelerando para que voc\u00ea consiga processar mem\u00f3rias traum\u00e1ticas rapidamente o bastante para que essas imagens sejam processadas pela sua mente subconsciente. Isso acontecer\u00e1 em muitas \u00e1reas da sua vida e permitir\u00e1 que voc\u00ea se conecte mais profundamente consigo mesmo.<\/p>\n<h3 style=\"text-align: left;\"><strong>Componentes essenciais da nossa Iboga\u00edna HCL<\/strong><\/h3>\n<ul>\n<li style=\"text-align: left;\">A iboga\u00edna HCL pura foi extra\u00edda da Tabernanthe.<\/li>\n<li style=\"text-align: left;\">Composta por 95% de <a title=\"ibogaine.\" href=\"http:\/\/getibogaine.com\/tag\/ibogaine-2\/\" data-wpil-monitor-id=\"94\">iboga\u00edna<\/a>.<\/li>\n<li style=\"text-align: left;\">A HCL apresenta-se como um p\u00f3 castanho em vez de branco.<\/li>\n<\/ul>\n<h3 style=\"text-align: left;\"><strong>Benef\u00edcios da nossa Iboga\u00edna HCL<\/strong><\/h3>\n<p>A nossa iboga\u00edna \u00e0 venda \u00e9 iboga\u00edna HCL pura extra\u00edda da Tabernanthe.<br \/>\nAl\u00e9m disso, oferecemos os seguintes benef\u00edcios quando voc\u00ea encomenda este produto:<\/p>\n<ul>\n<li>Um padr\u00e3o garantido de conte\u00fado de Iboga\u00edna HCL &gt;95%.<\/li>\n<li>\u00c9 feita em laborat\u00f3rio sem produtos qu\u00edmicos ou solventes como acetona ou \u00e9ter.<\/li>\n<li>Desde 2017, temos aperfei\u00e7oado de forma especializada as nossas extra\u00e7\u00f5es de <a title=\"Secret Bwiti Religion &amp; Healing with Iboga Plant\" href=\"http:\/\/getibogaine.com\/bwiti-religion-and-healing-practices-with-iboga\/\" data-wpil-monitor-id=\"95\">Iboga<\/a> e dedicamo-nos a produzir extratos de alta qualidade destinados a fins m\u00e9dicos.<\/li>\n<li>A Iboga\u00edna HCL pode retirar completamente uma pessoa do estado f\u00edsico e psicol\u00f3gico de depend\u00eancia por um per\u00edodo que varia de <strong>uma semana a 12 meses.<\/strong><\/li>\n<li>A Iboga\u00edna HCL tem um efeito frequentemente comparado a uma cura por interven\u00e7\u00e3o divina. Quem j\u00e1 viveu essa experi\u00eancia com essa <a title=\"drugs\" href=\"http:\/\/getibogaine.com\/tag\/drugs\/\" data-wpil-monitor-id=\"96\">droga<\/a> sabe.<\/li>\n<li>Outro benef\u00edcio significativo da Iboga\u00edna HCL s\u00e3o os seus rem\u00e9dios naturais contra determinadas condi\u00e7\u00f5es. Esta droga \u00e9 considerada ben\u00e9fica para a <a title=\"Rehab: Can it Help You Overcome Depression?\" href=\"http:\/\/getibogaine.com\/is-there-rehab-for-depression\/\" data-wpil-monitor-id=\"97\">depress\u00e3o<\/a> e para a depend\u00eancia de opi\u00e1ceos.<\/li>\n<\/ul>\n<h3 style=\"text-align: left;\"><strong>Por que comprar connosco?<\/strong><\/h3>\n<p>Em contraste com outros fornecedores, vendemos apenas produtos de <a title=\"iboga\" href=\"http:\/\/getibogaine.com\/product-tag\/iboga\/\" data-wpil-monitor-id=\"98\">Iboga<\/a>. Isto deve-se ao nosso compromisso em fornecer a forma mais pura de Iboga\u00edna HCL a um pre\u00e7o acess\u00edvel. Vai notar que alguns fornecedores t\u00eam uma grande sele\u00e7\u00e3o de produtos. No entanto, os clientes tamb\u00e9m podem ficar sobrecarregados.<\/p>\n<p><strong>Origem<\/strong>: Camar\u00f5es<\/p>\n<\/div>\n<\/div>\n","protected":false},"excerpt":{"rendered":"<p>O envio expresso tem um prazo de entrega r\u00e1pido de 3\u20137 dias.<\/p>\n<p>Produto: Iboga\u00edna HCL<\/p>\n<p>Marca: Get Ibogaine<\/p>\n<p>Peso: 1 grama<\/p>\n<p>Custo de envio: Calculado no checkout<\/p>\n<p><em>A sua encomenda ser\u00e1 enviada no prazo de 24 horas ap\u00f3s a compra e chegar\u00e1 em tr\u00eas a sete dias \u00fateis. As nossas tarifas de envio variam consoante o peso da encomenda.<\/em><\/p>\n","protected":false},"featured_media":34628,"comment_status":"open","ping_status":"closed","template":"","meta":{"site-sidebar-layout":"default","site-content-layout":"","ast-site-content-layout":"default","site-content-style":"default","site-sidebar-style":"default","ast-global-header-display":"","ast-banner-title-visibility":"","ast-main-header-display":"","ast-hfb-above-header-display":"","ast-hfb-below-header-display":"","ast-hfb-mobile-header-display":"","site-post-title":"","ast-breadcrumbs-content":"","ast-featured-img":"","footer-sml-layout":"","ast-disable-related-posts":"","theme-transparent-header-meta":"default","adv-header-id-meta":"","stick-header-meta":"default","header-above-stick-meta":"","header-main-stick-meta":"","header-below-stick-meta":"","astra-migrate-meta-layouts":"set","ast-page-background-enabled":"default","ast-page-background-meta":{"desktop":{"background-color":"var(--ast-global-color-4)","background-image":"","background-repeat":"repeat","background-position":"center center","background-size":"auto","background-attachment":"scroll","background-type":"","background-media":"","overlay-type":"","overlay-color":"","overlay-opacity":"","overlay-gradient":""},"tablet":{"background-color":"","background-image":"","background-repeat":"repeat","background-position":"center center","background-size":"auto","background-attachment":"scroll","background-type":"","background-media":"","overlay-type":"","overlay-color":"","overlay-opacity":"","overlay-gradient":""},"mobile":{"background-color":"","background-image":"","background-repeat":"repeat","background-position":"center center","background-size":"auto","background-attachment":"scroll","background-type":"","background-media":"","overlay-type":"","overlay-color":"","overlay-opacity":"","overlay-gradient":""}},"ast-content-background-meta":{"desktop":{"background-color":"var(--ast-global-color-5)","background-image":"","background-repeat":"repeat","background-position":"center center","background-size":"auto","background-attachment":"scroll","background-type":"","background-media":"","overlay-type":"","overlay-color":"","overlay-opacity":"","overlay-gradient":""},"tablet":{"background-color":"var(--ast-global-color-5)","background-image":"","background-repeat":"repeat","background-position":"center center","background-size":"auto","background-attachment":"scroll","background-type":"","background-media":"","overlay-type":"","overlay-color":"","overlay-opacity":"","overlay-gradient":""},"mobile":{"background-color":"var(--ast-global-color-5)","background-image":"","background-repeat":"repeat","background-position":"center center","background-size":"auto","background-attachment":"scroll","background-type":"","background-media":"","overlay-type":"","overlay-color":"","overlay-opacity":"","overlay-gradient":""}},"jetpack_publicize_message":"","jetpack_publicize_feature_enabled":true,"jetpack_social_post_already_shared":true,"jetpack_social_options":{"image_generator_settings":{"template":"highway","default_image_id":0,"font":"","enabled":false},"version":2}},"product_brand":[4014],"product_cat":[4558],"product_tag":[1667,1649],"class_list":{"0":"post-31502","1":"product","2":"type-product","3":"status-publish","4":"has-post-thumbnail","6":"product_brand-getibogaina","7":"product_cat-compre-ibogaine-hcl","8":"product_tag-ibogaina-hcl","9":"product_tag-natural","10":"desktop-align-left","11":"tablet-align-left","12":"mobile-align-left","13":"ast-product-gallery-layout-horizontal-slider","14":"ast-product-tabs-layout-horizontal","16":"first","17":"instock","18":"shipping-taxable","19":"purchasable","20":"product-type-simple"},"jetpack_publicize_connections":[],"jetpack_sharing_enabled":true,"_links":{"self":[{"href":"https:\/\/getibogaine.com\/pt-br\/wp-json\/wp\/v2\/product\/31502","targetHints":{"allow":["GET"]}}],"collection":[{"href":"https:\/\/getibogaine.com\/pt-br\/wp-json\/wp\/v2\/product"}],"about":[{"href":"https:\/\/getibogaine.com\/pt-br\/wp-json\/wp\/v2\/types\/product"}],"replies":[{"embeddable":true,"href":"https:\/\/getibogaine.com\/pt-br\/wp-json\/wp\/v2\/comments?post=31502"}],"version-history":[{"count":0,"href":"https:\/\/getibogaine.com\/pt-br\/wp-json\/wp\/v2\/product\/31502\/revisions"}],"wp:featuredmedia":[{"embeddable":true,"href":"https:\/\/getibogaine.com\/pt-br\/wp-json\/wp\/v2\/media\/34628"}],"wp:attachment":[{"href":"https:\/\/getibogaine.com\/pt-br\/wp-json\/wp\/v2\/media?parent=31502"}],"wp:term":[{"taxonomy":"product_brand","embeddable":true,"href":"https:\/\/getibogaine.com\/pt-br\/wp-json\/wp\/v2\/product_brand?post=31502"},{"taxonomy":"product_cat","embeddable":true,"href":"https:\/\/getibogaine.com\/pt-br\/wp-json\/wp\/v2\/product_cat?post=31502"},{"taxonomy":"product_tag","embeddable":true,"href":"https:\/\/getibogaine.com\/pt-br\/wp-json\/wp\/v2\/product_tag?post=31502"}],"curies":[{"name":"wp","href":"https:\/\/api.w.org\/{rel}","templated":true}]}}