{"id":31514,"date":"2022-10-13T09:44:52","date_gmt":"2022-10-13T08:44:52","guid":{"rendered":"http:\/\/getibogaine.com\/?post_type=product&#038;p=10345"},"modified":"2026-03-17T11:32:18","modified_gmt":"2026-03-17T15:32:18","slug":"ibogaina-hcl-2-gramas","status":"publish","type":"product","link":"https:\/\/getibogaine.com\/pt-br\/produto\/ibogaina-hcl-2-gramas\/","title":{"rendered":"Iboga\u00edna HCL (2g)"},"content":{"rendered":"<div class=\"row\">\n<div class=\"col-lg-7 col-12\">\n<h2 style=\"text-align: left;\"><strong>Iboga\u00edna HCL 2 gramas<\/strong><\/h2>\n<p>Compre Iboga\u00edna HCL (2g), um suplemento totalmente natural com potentes efeitos anti-depend\u00eancia.<\/p>\n<p>Quanto \u00e0 iboga\u00edna HCL \u00e0 venda, a nossa loja \u00e9 um dos principais fornecedores online de casca de raiz de iboga de alta qualidade.<\/p>\n<p>Se voc\u00ea quer comprar iboga\u00edna HCL, esta \u00e9 uma \u00f3tima escolha. Nossa iboga\u00edna \u00e9 extra\u00edda como um p\u00f3 branco, e nossa iboga\u00edna HCL \u00e9 composta por 95% de iboga\u00edna. Isso a torna um dos produtos mais potentes dispon\u00edveis e, por isso, pode ser consumida em quantidades menores do que muitos outros produtos semelhantes.<\/p>\n<p>Com a nossa iboga\u00edna HCL, voc\u00ea ter\u00e1 efeitos psicod\u00e9licos como alucina\u00e7\u00f5es, mas com uma sensa\u00e7\u00e3o limpa e segura que torna poss\u00edvel obter novos insights com o processo. Voc\u00ea pode ter sensa\u00e7\u00f5es de flutuar e voar ou vis\u00f5es de viajar por t\u00faneis em velocidade de dobra. \u00c9 importante lembrar que essas n\u00e3o s\u00e3o apenas alucina\u00e7\u00f5es; sua mente consciente est\u00e1 desacelerando para que voc\u00ea consiga processar mem\u00f3rias traum\u00e1ticas r\u00e1pido o suficiente para que essas imagens sejam processadas pelo seu subconsciente. Isso acontecer\u00e1 em muitas \u00e1reas da sua vida e permitir\u00e1 que voc\u00ea se conecte mais profundamente consigo mesmo.<\/p>\n<h3 style=\"text-align: left;\"><strong>Componentes b\u00e1sicos da nossa Iboga\u00edna HCL<\/strong><\/h3>\n<ul>\n<li style=\"text-align: left;\">A iboga\u00edna HCL pura foi extra\u00edda da Tabernanthe.<\/li>\n<li style=\"text-align: left;\">Composta por 95% de iboga\u00edna.<\/li>\n<li style=\"text-align: left;\">O HCL apresenta-se como um p\u00f3 castanho em vez de branco.<\/li>\n<\/ul>\n<h3 style=\"text-align: left;\"><strong>Benef\u00edcios da nossa Iboga\u00edna HCL<\/strong><\/h3>\n<p>A nossa iboga\u00edna \u00e0 venda \u00e9 iboga\u00edna HCL pura extra\u00edda da Tabernanthe.<br \/>\nAl\u00e9m disso, oferecemos os seguintes benef\u00edcios quando voc\u00ea encomenda este produto:<\/p>\n<ul>\n<li>Um padr\u00e3o garantido de teor de Iboga\u00edna HCL &gt;95%.<\/li>\n<li>\u00c9 produzida em laborat\u00f3rio sem qu\u00edmicos nem solventes, como acetona ou \u00e9ter.<\/li>\n<li>Refinamos as nossas extra\u00e7\u00f5es de iboga com grande experi\u00eancia desde 2017 e dedicamo-nos a produzir extratos de alta qualidade destinados a fins m\u00e9dicos.<\/li>\n<li>A Iboga\u00edna HCL pode remover completamente uma pessoa do estado f\u00edsico e psicol\u00f3gico de depend\u00eancia por um per\u00edodo que varia de <strong>uma semana a 12 meses.<\/strong><\/li>\n<li>A Iboga\u00edna HCL tem um efeito frequentemente comparado a uma cura por interven\u00e7\u00e3o divina. Quem j\u00e1 vivenciou este medicamento milagroso sabe.<\/li>\n<li>Outro grande benef\u00edcio da Iboga\u00edna HCL s\u00e3o os seus rem\u00e9dios naturais contra males espec\u00edficos. Este medicamento \u00e9 considerado ben\u00e9fico para a depress\u00e3o e para depend\u00eancia de opi\u00e1ceos.<\/li>\n<\/ul>\n<h3 style=\"text-align: left;\"><strong>Por que comprar connosco?<\/strong><\/h3>\n<p>Ao contr\u00e1rio de outros fornecedores, vendemos apenas produtos de Iboga. Isto deve-se ao nosso compromisso de oferecer a forma mais pura de Iboga\u00edna HCL a um pre\u00e7o acess\u00edvel. Voc\u00ea notar\u00e1 que alguns fornecedores t\u00eam uma grande sele\u00e7\u00e3o de produtos. No entanto, os clientes tamb\u00e9m podem sentir-se sobrecarregados.<\/p>\n<p><strong>Origem<\/strong>: Camar\u00f5es<\/p>\n<\/div>\n<\/div>\n","protected":false},"excerpt":{"rendered":"<p>O envio expresso tem um prazo de entrega r\u00e1pido de 3\u20137 dias.<\/p>\n<p>Produto: Iboga\u00edna HCL<\/p>\n<p>Marca: Get Ibogaine<\/p>\n<p>Peso: 2 gramas<\/p>\n<p>Custo de envio: Calculado no checkout<\/p>\n<p>Um padr\u00e3o garantido de conte\u00fado de Iboga\u00edna HCL &gt;95%.<\/p>\n","protected":false},"featured_media":34701,"comment_status":"open","ping_status":"closed","template":"","meta":{"site-sidebar-layout":"default","site-content-layout":"","ast-site-content-layout":"default","site-content-style":"default","site-sidebar-style":"default","ast-global-header-display":"","ast-banner-title-visibility":"","ast-main-header-display":"","ast-hfb-above-header-display":"","ast-hfb-below-header-display":"","ast-hfb-mobile-header-display":"","site-post-title":"","ast-breadcrumbs-content":"","ast-featured-img":"","footer-sml-layout":"","ast-disable-related-posts":"","theme-transparent-header-meta":"default","adv-header-id-meta":"","stick-header-meta":"default","header-above-stick-meta":"","header-main-stick-meta":"","header-below-stick-meta":"","astra-migrate-meta-layouts":"set","ast-page-background-enabled":"default","ast-page-background-meta":{"desktop":{"background-color":"var(--ast-global-color-4)","background-image":"","background-repeat":"repeat","background-position":"center center","background-size":"auto","background-attachment":"scroll","background-type":"","background-media":"","overlay-type":"","overlay-color":"","overlay-opacity":"","overlay-gradient":""},"tablet":{"background-color":"","background-image":"","background-repeat":"repeat","background-position":"center center","background-size":"auto","background-attachment":"scroll","background-type":"","background-media":"","overlay-type":"","overlay-color":"","overlay-opacity":"","overlay-gradient":""},"mobile":{"background-color":"","background-image":"","background-repeat":"repeat","background-position":"center center","background-size":"auto","background-attachment":"scroll","background-type":"","background-media":"","overlay-type":"","overlay-color":"","overlay-opacity":"","overlay-gradient":""}},"ast-content-background-meta":{"desktop":{"background-color":"var(--ast-global-color-5)","background-image":"","background-repeat":"repeat","background-position":"center center","background-size":"auto","background-attachment":"scroll","background-type":"","background-media":"","overlay-type":"","overlay-color":"","overlay-opacity":"","overlay-gradient":""},"tablet":{"background-color":"var(--ast-global-color-5)","background-image":"","background-repeat":"repeat","background-position":"center center","background-size":"auto","background-attachment":"scroll","background-type":"","background-media":"","overlay-type":"","overlay-color":"","overlay-opacity":"","overlay-gradient":""},"mobile":{"background-color":"var(--ast-global-color-5)","background-image":"","background-repeat":"repeat","background-position":"center center","background-size":"auto","background-attachment":"scroll","background-type":"","background-media":"","overlay-type":"","overlay-color":"","overlay-opacity":"","overlay-gradient":""}},"jetpack_publicize_message":"","jetpack_publicize_feature_enabled":true,"jetpack_social_post_already_shared":true,"jetpack_social_options":{"image_generator_settings":{"template":"highway","default_image_id":0,"font":"","enabled":false},"version":2}},"product_brand":[4014],"product_cat":[4558],"product_tag":[1667,1649],"class_list":{"0":"post-31514","1":"product","2":"type-product","3":"status-publish","4":"has-post-thumbnail","6":"product_brand-getibogaina","7":"product_cat-compre-ibogaine-hcl","8":"product_tag-ibogaina-hcl","9":"product_tag-natural","10":"desktop-align-left","11":"tablet-align-left","12":"mobile-align-left","13":"ast-product-gallery-layout-horizontal-slider","14":"ast-product-tabs-layout-horizontal","16":"first","17":"instock","18":"sale","19":"shipping-taxable","20":"purchasable","21":"product-type-simple"},"jetpack_publicize_connections":[],"jetpack_sharing_enabled":true,"_links":{"self":[{"href":"https:\/\/getibogaine.com\/pt-br\/wp-json\/wp\/v2\/product\/31514","targetHints":{"allow":["GET"]}}],"collection":[{"href":"https:\/\/getibogaine.com\/pt-br\/wp-json\/wp\/v2\/product"}],"about":[{"href":"https:\/\/getibogaine.com\/pt-br\/wp-json\/wp\/v2\/types\/product"}],"replies":[{"embeddable":true,"href":"https:\/\/getibogaine.com\/pt-br\/wp-json\/wp\/v2\/comments?post=31514"}],"version-history":[{"count":0,"href":"https:\/\/getibogaine.com\/pt-br\/wp-json\/wp\/v2\/product\/31514\/revisions"}],"wp:featuredmedia":[{"embeddable":true,"href":"https:\/\/getibogaine.com\/pt-br\/wp-json\/wp\/v2\/media\/34701"}],"wp:attachment":[{"href":"https:\/\/getibogaine.com\/pt-br\/wp-json\/wp\/v2\/media?parent=31514"}],"wp:term":[{"taxonomy":"product_brand","embeddable":true,"href":"https:\/\/getibogaine.com\/pt-br\/wp-json\/wp\/v2\/product_brand?post=31514"},{"taxonomy":"product_cat","embeddable":true,"href":"https:\/\/getibogaine.com\/pt-br\/wp-json\/wp\/v2\/product_cat?post=31514"},{"taxonomy":"product_tag","embeddable":true,"href":"https:\/\/getibogaine.com\/pt-br\/wp-json\/wp\/v2\/product_tag?post=31514"}],"curies":[{"name":"wp","href":"https:\/\/api.w.org\/{rel}","templated":true}]}}