{"id":31520,"date":"2022-10-18T12:23:29","date_gmt":"2022-10-18T16:23:29","guid":{"rendered":"http:\/\/getibogaine.com\/?post_type=product&#038;p=10907"},"modified":"2026-03-09T05:38:25","modified_gmt":"2026-03-09T09:38:25","slug":"sementes-de-iboga-de-qualidade-superior","status":"publish","type":"product","link":"https:\/\/getibogaine.com\/pt-br\/produto\/sementes-de-iboga-de-qualidade-superior\/","title":{"rendered":"Sementes de Iboga de Qualidade Superior"},"content":{"rendered":"<div class=\"row\">\n<div class=\"col-lg-7 col-12\">\n<h2 style=\"text-align: left;\"><strong>Sementes de iboga \u00e0 venda.<\/strong><\/h2>\n<p><iframe title=\"Reprodutor de v\u00eddeo do YouTube\" src=\"https:\/\/www.youtube.com\/embed\/mrVr6IpjWoY?si=BcEUYr2m0tNODoRN\" width=\"560\" height=\"315\" frameborder=\"0\" allowfullscreen=\"allowfullscreen\"><\/iframe><br \/>\nAdquira sementes de iboga frescas e de alta qualidade. A iboga \u00e9 um poderoso alucin\u00f3geno e psicod\u00e9lico que tem sido usado por suas propriedades medicinais h\u00e1 s\u00e9culos. Garantimos sementes de iboga frescas e de alta qualidade e 10\u201315% mais sementes do que a maioria dos outros vendedores.<\/p>\n<h3><strong>O que s\u00e3o sementes de Iboga?<\/strong><\/h3>\n<p>Tamb\u00e9m conhecida como <em>&#8220;a droga maravilhosa&#8221;<\/em>, a iboga \u00e9 um alucin\u00f3geno derivado das ra\u00edzes de uma \u00e1rvore que cresce na \u00c1frica Central. Outros nomes dados \u00e0 planta incluem Rap\u00e9 do Bushman e Pequena Morte. Os europeus coloniais popularizaram o costume de ingerir iboga.<\/p>\n<p>Cultivada em solo rico e f\u00e9rtil, <a href=\"http:\/\/getibogaine.com\/product\/iboga-root-barks-1kg\/\">a iboga<\/a> \u00e9 um pequeno arbusto que se torna uma pequena \u00e1rvore quando exposto a bastante sol. Oferecemos sempre aos nossos clientes a sele\u00e7\u00e3o mais ampla e o envio mais r\u00e1pido de sementes de iboga em qualquer lugar do mundo. Nossas sementes selecionadas \u00e0 m\u00e3o representam a mais alta qualidade dispon\u00edvel por qualquer pre\u00e7o!<\/p>\n<p><strong>Origem<\/strong>: Sementes de iboga \u00e0 venda provenientes dos Camar\u00f5es<\/p>\n<\/div>\n<\/div>\n","protected":false},"excerpt":{"rendered":"<p>O envio expresso tem um prazo de entrega r\u00e1pido de 3\u20137 dias.<\/p>\n<p>Produto: Sementes de Iboga<\/p>\n<p>Marca: Get Ibogaine<\/p>\n<p>Quantidade: 30 sementes dispon\u00edveis<\/p>\n<p>Custo de envio: Calculado no checkout<\/p>\n<ul>\n<li>Vendemos apenas sementes de Iboga de alta qualidade e confi\u00e1veis. A nossa simp\u00e1tica equipa de atendimento ao cliente est\u00e1 dispon\u00edvel 7 dias por semana. Com alguns dos melhores pre\u00e7os e uma vasta sele\u00e7\u00e3o de produtos, a sua satisfa\u00e7\u00e3o \u00e9 garantida!<\/li>\n<\/ul>\n<p><em>O seu pedido ser\u00e1 enviado dentro de 24 horas ap\u00f3s a compra e chegar\u00e1 em tr\u00eas a sete dias \u00fateis. Exceto feriados e fins de semana, enviamos de segunda a sexta-feira. As nossas tarifas de envio variam de acordo com o peso do pacote.<\/em><\/p>\n","protected":false},"featured_media":34714,"comment_status":"open","ping_status":"closed","template":"","meta":{"site-sidebar-layout":"default","site-content-layout":"","ast-site-content-layout":"default","site-content-style":"default","site-sidebar-style":"default","ast-global-header-display":"","ast-banner-title-visibility":"","ast-main-header-display":"","ast-hfb-above-header-display":"","ast-hfb-below-header-display":"","ast-hfb-mobile-header-display":"","site-post-title":"","ast-breadcrumbs-content":"","ast-featured-img":"","footer-sml-layout":"","ast-disable-related-posts":"","theme-transparent-header-meta":"default","adv-header-id-meta":"","stick-header-meta":"default","header-above-stick-meta":"","header-main-stick-meta":"","header-below-stick-meta":"","astra-migrate-meta-layouts":"set","ast-page-background-enabled":"default","ast-page-background-meta":{"desktop":{"background-color":"var(--ast-global-color-4)","background-image":"","background-repeat":"repeat","background-position":"center center","background-size":"auto","background-attachment":"scroll","background-type":"","background-media":"","overlay-type":"","overlay-color":"","overlay-opacity":"","overlay-gradient":""},"tablet":{"background-color":"","background-image":"","background-repeat":"repeat","background-position":"center center","background-size":"auto","background-attachment":"scroll","background-type":"","background-media":"","overlay-type":"","overlay-color":"","overlay-opacity":"","overlay-gradient":""},"mobile":{"background-color":"","background-image":"","background-repeat":"repeat","background-position":"center center","background-size":"auto","background-attachment":"scroll","background-type":"","background-media":"","overlay-type":"","overlay-color":"","overlay-opacity":"","overlay-gradient":""}},"ast-content-background-meta":{"desktop":{"background-color":"var(--ast-global-color-5)","background-image":"","background-repeat":"repeat","background-position":"center center","background-size":"auto","background-attachment":"scroll","background-type":"","background-media":"","overlay-type":"","overlay-color":"","overlay-opacity":"","overlay-gradient":""},"tablet":{"background-color":"var(--ast-global-color-5)","background-image":"","background-repeat":"repeat","background-position":"center center","background-size":"auto","background-attachment":"scroll","background-type":"","background-media":"","overlay-type":"","overlay-color":"","overlay-opacity":"","overlay-gradient":""},"mobile":{"background-color":"var(--ast-global-color-5)","background-image":"","background-repeat":"repeat","background-position":"center center","background-size":"auto","background-attachment":"scroll","background-type":"","background-media":"","overlay-type":"","overlay-color":"","overlay-opacity":"","overlay-gradient":""}},"jetpack_publicize_message":"","jetpack_publicize_feature_enabled":true,"jetpack_social_post_already_shared":true,"jetpack_social_options":{"image_generator_settings":{"template":"highway","default_image_id":0,"font":"","enabled":false},"version":2}},"product_brand":[4014],"product_cat":[4543],"product_tag":[1649,1703],"class_list":{"0":"post-31520","1":"product","2":"type-product","3":"status-publish","4":"has-post-thumbnail","6":"product_brand-getibogaina","7":"product_cat-uncategorized-pt","8":"product_tag-natural","9":"product_tag-sementes-de-iboga","10":"desktop-align-left","11":"tablet-align-left","12":"mobile-align-left","13":"ast-product-gallery-layout-vertical-slider","14":"ast-product-single-variable","15":"ast-product-tabs-layout-horizontal","17":"first","18":"instock","19":"shipping-taxable","20":"purchasable","21":"product-type-variable","22":"has-default-attributes"},"jetpack_publicize_connections":[],"jetpack_sharing_enabled":true,"_links":{"self":[{"href":"https:\/\/getibogaine.com\/pt-br\/wp-json\/wp\/v2\/product\/31520","targetHints":{"allow":["GET"]}}],"collection":[{"href":"https:\/\/getibogaine.com\/pt-br\/wp-json\/wp\/v2\/product"}],"about":[{"href":"https:\/\/getibogaine.com\/pt-br\/wp-json\/wp\/v2\/types\/product"}],"replies":[{"embeddable":true,"href":"https:\/\/getibogaine.com\/pt-br\/wp-json\/wp\/v2\/comments?post=31520"}],"version-history":[{"count":0,"href":"https:\/\/getibogaine.com\/pt-br\/wp-json\/wp\/v2\/product\/31520\/revisions"}],"wp:featuredmedia":[{"embeddable":true,"href":"https:\/\/getibogaine.com\/pt-br\/wp-json\/wp\/v2\/media\/34714"}],"wp:attachment":[{"href":"https:\/\/getibogaine.com\/pt-br\/wp-json\/wp\/v2\/media?parent=31520"}],"wp:term":[{"taxonomy":"product_brand","embeddable":true,"href":"https:\/\/getibogaine.com\/pt-br\/wp-json\/wp\/v2\/product_brand?post=31520"},{"taxonomy":"product_cat","embeddable":true,"href":"https:\/\/getibogaine.com\/pt-br\/wp-json\/wp\/v2\/product_cat?post=31520"},{"taxonomy":"product_tag","embeddable":true,"href":"https:\/\/getibogaine.com\/pt-br\/wp-json\/wp\/v2\/product_tag?post=31520"}],"curies":[{"name":"wp","href":"https:\/\/api.w.org\/{rel}","templated":true}]}}