{"id":31532,"date":"2022-10-28T04:38:42","date_gmt":"2022-10-28T08:38:42","guid":{"rendered":"http:\/\/getibogaine.com\/?post_type=product&#038;p=12329"},"modified":"2026-03-09T05:59:46","modified_gmt":"2026-03-09T09:59:46","slug":"capsulas-de-ibogaina","status":"publish","type":"product","link":"https:\/\/getibogaine.com\/pt-br\/produto\/capsulas-de-ibogaina\/","title":{"rendered":"C\u00e1psulas de iboga\u00edna"},"content":{"rendered":"<div class=\"row\">\n<div class=\"col-lg-7 col-12\">\n<h2 style=\"text-align: left;\">C\u00e1psulas de iboga\u00edna \u00e0 venda<\/h2>\n<p>As c\u00e1psulas de iboga\u00edna s\u00e3o uma \u00f3tima forma de experimentar os benef\u00edcios destas plantas poderosas sem ter de ingerir a casca da raiz ou TA. Como acontece com a maioria dos outros medicamentos e suplementos, tom\u00e1-las em forma de c\u00e1psulas significa que voc\u00ea evitar\u00e1 alguns dos sabores desagrad\u00e1veis associados a consumir o produto na sua forma original.<\/p>\n<p>Quer voc\u00ea tenha interesse em usar esta planta pelas suas propriedades psicoativas ou simplesmente pelas suas propriedades medicinais, \u00e9 importante saber que tipo de c\u00e1psula est\u00e1 a ser oferecida. Embora a maioria das empresas venda os seus produtos como c\u00e1psulas de casca da raiz de iboga ou TA, h\u00e1 algumas que vendem uma forma encapsulada de iboga\u00edna HCL.<\/p>\n<p>Isto pode ser confuso para algumas pessoas porque n\u00e3o h\u00e1 uma defini\u00e7\u00e3o clara do que constitui um extrato de iboga ou de quanto deve estar presente em cada c\u00e1psula. No entanto, se voc\u00ea est\u00e1 \u00e0 procura de um bom ponto de partida para a sua pesquisa por estes produtos, recomendamos procurar empresas que vendam uma forma encapsulada de Iboga\u00edna HCL, pois foi demonstrado que tem melhores taxas de absor\u00e7\u00e3o do que qualquer outra forma dispon\u00edvel.<\/p>\n<h2>O que s\u00e3o c\u00e1psulas de iboga\u00edna?<\/h2>\n<p>As c\u00e1psulas de Iboga <a title=\"Difference Between Iboga And Ibogaine\" href=\"http:\/\/getibogaine.com\/whats-the-difference-between-iboga-and-ibogaine\/\">e iboga\u00edna<\/a> podem ser obtidas encapsulando casca da raiz de iboga, iboga TA ou iboga\u00edna HCL. Quando as cascas da raiz s\u00e3o secas, elas s\u00e3o posteriormente mo\u00eddas e peneiradas para produzir um p\u00f3 fino, que depois \u00e9 encapsulado em diferentes gramagens, pronto para ser vendido e utilizado.<\/p>\n<h2>C\u00e1psulas de iboga<\/h2>\n<p>P\u00f3 puro da casca da raiz, que foi seco, transformado em p\u00f3 at\u00e9 virar um saco de p\u00f3 fino e, em seguida, colocado dentro de uma c\u00e1psula, comp\u00f5e as p\u00edlulas de iboga. A f\u00e1cil digest\u00e3o dessas c\u00e1psulas pelo corpo \u00e9 possibilitada pela sua composi\u00e7\u00e3o, que \u00e9 de gelatina ou de celulose vegetal. O tamanho dessas c\u00e1psulas varia conforme a quantidade de p\u00f3 necess\u00e1ria para cada pessoa. Os tamanhos podem variar de 25mg at\u00e9 300mg por c\u00e1psula, dependendo do que voc\u00ea precisa.<\/p>\n<h2>C\u00e1psulas de Iboga TA<\/h2>\n<p>As c\u00e1psulas de Iboga TA s\u00e3o produzidas a partir de extrato TA puro, que foi seco, reduzido a um p\u00f3 fino e depois colocado em c\u00e1psulas de diferentes tamanhos, de acordo com as suas necessidades.<\/p>\n<p>A quantidade de extrato TA pode variar de 100mg a 1000mg por c\u00e1psula, dependendo do tipo de dosagem que voc\u00ea prefere tomar diariamente ao usar este produto como medicina alternativa para tratar problemas de depend\u00eancia, como alcoolismo, ou depend\u00eancia de drogas, como a depend\u00eancia de coca\u00edna<\/p>\n<\/div>\n<div class=\"col-lg-7 col-12\">\n<p><strong>Origem<\/strong>: Camar\u00f5es<\/p>\n<\/div>\n<\/div>\n","protected":false},"excerpt":{"rendered":"<p>O envio expresso tem um prazo de entrega r\u00e1pido de 3\u20137 dias.<\/p>\n<p>Produto: C\u00e1psula de Iboga\u00edna<\/p>\n<p>Marca: Get Ibogaine<\/p>\n<p>Custo de envio: Calculado no checkout<\/p>\n<ul>\n<li>Vendemos apenas c\u00e1psulas de iboga\u00edna de alta qualidade e confi\u00e1veis. Lamentamos, mas a nossa c\u00e1psula de iboga\u00edna n\u00e3o est\u00e1 dispon\u00edvel no momento. No entanto, voc\u00ea pode comprar o p\u00f3 de iboga\u00edna HCL e, assim que receb\u00ea-lo, pode encapsul\u00e1-lo ou consumir a quantidade necess\u00e1ria em p\u00f3. Esperamos poder oferec\u00ea-las no futuro.<\/li>\n<\/ul>\n<p><em>Seu pedido ser\u00e1 enviado dentro de 24 horas ap\u00f3s a conclus\u00e3o da compra e chegar\u00e1 em tr\u00eas a sete dias \u00fateis. Exceto feriados e fins de semana, enviamos de segunda a sexta-feira. Nossas tarifas de envio variam de acordo com o peso do pacote.<\/em><\/p>\n","protected":false},"featured_media":34858,"comment_status":"open","ping_status":"closed","template":"","meta":{"site-sidebar-layout":"default","site-content-layout":"","ast-site-content-layout":"default","site-content-style":"default","site-sidebar-style":"default","ast-global-header-display":"","ast-banner-title-visibility":"","ast-main-header-display":"","ast-hfb-above-header-display":"","ast-hfb-below-header-display":"","ast-hfb-mobile-header-display":"","site-post-title":"","ast-breadcrumbs-content":"","ast-featured-img":"","footer-sml-layout":"","ast-disable-related-posts":"","theme-transparent-header-meta":"default","adv-header-id-meta":"","stick-header-meta":"default","header-above-stick-meta":"","header-main-stick-meta":"","header-below-stick-meta":"","astra-migrate-meta-layouts":"set","ast-page-background-enabled":"default","ast-page-background-meta":{"desktop":{"background-color":"var(--ast-global-color-4)","background-image":"","background-repeat":"repeat","background-position":"center center","background-size":"auto","background-attachment":"scroll","background-type":"","background-media":"","overlay-type":"","overlay-color":"","overlay-opacity":"","overlay-gradient":""},"tablet":{"background-color":"","background-image":"","background-repeat":"repeat","background-position":"center center","background-size":"auto","background-attachment":"scroll","background-type":"","background-media":"","overlay-type":"","overlay-color":"","overlay-opacity":"","overlay-gradient":""},"mobile":{"background-color":"","background-image":"","background-repeat":"repeat","background-position":"center center","background-size":"auto","background-attachment":"scroll","background-type":"","background-media":"","overlay-type":"","overlay-color":"","overlay-opacity":"","overlay-gradient":""}},"ast-content-background-meta":{"desktop":{"background-color":"var(--ast-global-color-5)","background-image":"","background-repeat":"repeat","background-position":"center center","background-size":"auto","background-attachment":"scroll","background-type":"","background-media":"","overlay-type":"","overlay-color":"","overlay-opacity":"","overlay-gradient":""},"tablet":{"background-color":"var(--ast-global-color-5)","background-image":"","background-repeat":"repeat","background-position":"center center","background-size":"auto","background-attachment":"scroll","background-type":"","background-media":"","overlay-type":"","overlay-color":"","overlay-opacity":"","overlay-gradient":""},"mobile":{"background-color":"var(--ast-global-color-5)","background-image":"","background-repeat":"repeat","background-position":"center center","background-size":"auto","background-attachment":"scroll","background-type":"","background-media":"","overlay-type":"","overlay-color":"","overlay-opacity":"","overlay-gradient":""}},"jetpack_publicize_message":"","jetpack_publicize_feature_enabled":true,"jetpack_social_post_already_shared":true,"jetpack_social_options":{"image_generator_settings":{"template":"highway","default_image_id":0,"font":"","enabled":false},"version":2}},"product_brand":[4014],"product_cat":[4553],"product_tag":[1649],"class_list":{"0":"post-31532","1":"product","2":"type-product","3":"status-publish","4":"has-post-thumbnail","6":"product_brand-getibogaina","7":"product_cat-iboga-capsulas-com-ibogaine-and-iboga-ta","8":"product_tag-natural","9":"desktop-align-left","10":"tablet-align-left","11":"mobile-align-left","12":"ast-product-gallery-layout-horizontal-slider","13":"ast-product-tabs-layout-horizontal","15":"first","16":"outofstock","17":"sold-individually","18":"shipping-taxable","19":"purchasable","20":"product-type-simple"},"jetpack_publicize_connections":[],"jetpack_sharing_enabled":true,"_links":{"self":[{"href":"https:\/\/getibogaine.com\/pt-br\/wp-json\/wp\/v2\/product\/31532","targetHints":{"allow":["GET"]}}],"collection":[{"href":"https:\/\/getibogaine.com\/pt-br\/wp-json\/wp\/v2\/product"}],"about":[{"href":"https:\/\/getibogaine.com\/pt-br\/wp-json\/wp\/v2\/types\/product"}],"replies":[{"embeddable":true,"href":"https:\/\/getibogaine.com\/pt-br\/wp-json\/wp\/v2\/comments?post=31532"}],"version-history":[{"count":0,"href":"https:\/\/getibogaine.com\/pt-br\/wp-json\/wp\/v2\/product\/31532\/revisions"}],"wp:featuredmedia":[{"embeddable":true,"href":"https:\/\/getibogaine.com\/pt-br\/wp-json\/wp\/v2\/media\/34858"}],"wp:attachment":[{"href":"https:\/\/getibogaine.com\/pt-br\/wp-json\/wp\/v2\/media?parent=31532"}],"wp:term":[{"taxonomy":"product_brand","embeddable":true,"href":"https:\/\/getibogaine.com\/pt-br\/wp-json\/wp\/v2\/product_brand?post=31532"},{"taxonomy":"product_cat","embeddable":true,"href":"https:\/\/getibogaine.com\/pt-br\/wp-json\/wp\/v2\/product_cat?post=31532"},{"taxonomy":"product_tag","embeddable":true,"href":"https:\/\/getibogaine.com\/pt-br\/wp-json\/wp\/v2\/product_tag?post=31532"}],"curies":[{"name":"wp","href":"https:\/\/api.w.org\/{rel}","templated":true}]}}