{"id":31556,"date":"2024-07-22T11:26:30","date_gmt":"2024-07-22T15:26:30","guid":{"rendered":"http:\/\/getibogaine.com\/?post_type=product&#038;p=24381"},"modified":"2026-03-09T06:51:27","modified_gmt":"2026-03-09T10:51:27","slug":"pacote-completo-de-cura-com-ibogaina","status":"publish","type":"product","link":"https:\/\/getibogaine.com\/pt-br\/produto\/pacote-completo-de-cura-com-ibogaina\/","title":{"rendered":"Pacote Completo de Cura com Iboga\u00edna &#8211; 80 g de Casca da Raiz e 2 g de TA"},"content":{"rendered":"<p>Desbloqueie o poder transformador da Iboga com o nosso pacote completo de cura com Iboga, que inclui 80 gramas de Casca de Raiz de Iboga e 2 gramas de Alcaloide Total de Iboga (TA). Esta combina\u00e7\u00e3o \u00e9 perfeita para quem procura uma abordagem abrangente ao bem-estar mental, emocional e f\u00edsico. A Casca de Raiz de Iboga oferece um m\u00e9todo natural e hol\u00edstico para jornadas espirituais, enquanto o Iboga TA fornece alcaloides concentrados para efeitos terap\u00eauticos refor\u00e7ados.<strong><a href=\"https:\/\/en.wikipedia.org\/wiki\/Therapeutic_effect\" target=\"_blank\" rel=\"noopener\"> therapeutic effects.<\/a><\/strong> Este pacote apoia a interrup\u00e7\u00e3o da depend\u00eancia, insights psicol\u00f3gicos profundos e o bem-estar geral.<\/p>\n<p><strong>Benef\u00edcios e Import\u00e2ncia:<\/strong><\/p>\n<ul>\n<li><strong>Interrup\u00e7\u00e3o da Depend\u00eancia<\/strong>: Ajuda a reduzir os sintomas de abstin\u00eancia e os desejos intensos, tornando mais f\u00e1cil superar depend\u00eancias de subst\u00e2ncias.<\/li>\n<li><strong>Insights Psicol\u00f3gicos<\/strong>: Facilita a introspe\u00e7\u00e3o profunda e a compreens\u00e3o de comportamentos e emo\u00e7\u00f5es pessoais.<\/li>\n<li><strong>Cura Hol\u00edstica<\/strong>: Apoia a clareza mental, o equil\u00edbrio emocional e a sa\u00fade f\u00edsica atrav\u00e9s de compostos naturais.<\/li>\n<\/ul>\n<p><strong>Dosagem Poss\u00edvel e Guia:<\/strong><\/p>\n<ul>\n<li><strong>Dose Inicial<\/strong>: Comece com 1\u20132 gramas de Casca de Raiz de Iboga para uma introdu\u00e7\u00e3o suave. Aumente gradualmente com base na sua toler\u00e2ncia e nos efeitos desejados.<\/li>\n<li><strong>Iboga TA<\/strong>: Para sess\u00f5es mais intensas, tome 0,5\u20131 grama de Iboga TA. Consulte sempre um<a href=\"http:\/\/getibogaine.com\/get-ibogaine-team\/\"> profissional de sa\u00fade<\/a> ou um guia experiente antes de iniciar a sua jornada.<\/li>\n<\/ul>\n","protected":false},"excerpt":{"rendered":"<p>Economize 10% neste Pacote Completo de Cura com Iboga\u00edna \u2013 80 g de Casca da Raiz e 2 g de TA. US$ 354 + US$ 68 de envio<\/p>\n","protected":false},"featured_media":32303,"comment_status":"open","ping_status":"closed","template":"","meta":{"site-sidebar-layout":"default","site-content-layout":"","ast-site-content-layout":"default","site-content-style":"default","site-sidebar-style":"default","ast-global-header-display":"","ast-banner-title-visibility":"","ast-main-header-display":"","ast-hfb-above-header-display":"","ast-hfb-below-header-display":"","ast-hfb-mobile-header-display":"","site-post-title":"","ast-breadcrumbs-content":"","ast-featured-img":"","footer-sml-layout":"","ast-disable-related-posts":"","theme-transparent-header-meta":"default","adv-header-id-meta":"","stick-header-meta":"default","header-above-stick-meta":"","header-main-stick-meta":"","header-below-stick-meta":"","astra-migrate-meta-layouts":"set","ast-page-background-enabled":"default","ast-page-background-meta":{"desktop":{"background-color":"var(--ast-global-color-4)","background-image":"","background-repeat":"repeat","background-position":"center center","background-size":"auto","background-attachment":"scroll","background-type":"","background-media":"","overlay-type":"","overlay-color":"","overlay-opacity":"","overlay-gradient":""},"tablet":{"background-color":"","background-image":"","background-repeat":"repeat","background-position":"center center","background-size":"auto","background-attachment":"scroll","background-type":"","background-media":"","overlay-type":"","overlay-color":"","overlay-opacity":"","overlay-gradient":""},"mobile":{"background-color":"","background-image":"","background-repeat":"repeat","background-position":"center center","background-size":"auto","background-attachment":"scroll","background-type":"","background-media":"","overlay-type":"","overlay-color":"","overlay-opacity":"","overlay-gradient":""}},"ast-content-background-meta":{"desktop":{"background-color":"var(--ast-global-color-5)","background-image":"","background-repeat":"repeat","background-position":"center center","background-size":"auto","background-attachment":"scroll","background-type":"","background-media":"","overlay-type":"","overlay-color":"","overlay-opacity":"","overlay-gradient":""},"tablet":{"background-color":"var(--ast-global-color-5)","background-image":"","background-repeat":"repeat","background-position":"center center","background-size":"auto","background-attachment":"scroll","background-type":"","background-media":"","overlay-type":"","overlay-color":"","overlay-opacity":"","overlay-gradient":""},"mobile":{"background-color":"var(--ast-global-color-5)","background-image":"","background-repeat":"repeat","background-position":"center center","background-size":"auto","background-attachment":"scroll","background-type":"","background-media":"","overlay-type":"","overlay-color":"","overlay-opacity":"","overlay-gradient":""}},"jetpack_publicize_message":"","jetpack_publicize_feature_enabled":true,"jetpack_social_post_already_shared":true,"jetpack_social_options":{"image_generator_settings":{"template":"highway","default_image_id":0,"font":"","enabled":false},"version":2}},"product_brand":[4014],"product_cat":[4563],"product_tag":[1676,1658],"class_list":{"0":"post-31556","1":"product","2":"type-product","3":"status-publish","4":"has-post-thumbnail","6":"product_brand-getibogaina","7":"product_cat-promocao-getibogaine","8":"product_tag-iboga-ta","9":"product_tag-aparas-de-casca-de-raiz-de-iboga","10":"desktop-align-left","11":"tablet-align-left","12":"mobile-align-left","13":"ast-product-gallery-layout-horizontal-slider","14":"ast-product-tabs-layout-horizontal","16":"first","17":"instock","18":"sale","19":"shipping-taxable","20":"purchasable","21":"product-type-simple"},"jetpack_publicize_connections":[],"jetpack_sharing_enabled":true,"_links":{"self":[{"href":"https:\/\/getibogaine.com\/pt-br\/wp-json\/wp\/v2\/product\/31556","targetHints":{"allow":["GET"]}}],"collection":[{"href":"https:\/\/getibogaine.com\/pt-br\/wp-json\/wp\/v2\/product"}],"about":[{"href":"https:\/\/getibogaine.com\/pt-br\/wp-json\/wp\/v2\/types\/product"}],"replies":[{"embeddable":true,"href":"https:\/\/getibogaine.com\/pt-br\/wp-json\/wp\/v2\/comments?post=31556"}],"version-history":[{"count":0,"href":"https:\/\/getibogaine.com\/pt-br\/wp-json\/wp\/v2\/product\/31556\/revisions"}],"wp:featuredmedia":[{"embeddable":true,"href":"https:\/\/getibogaine.com\/pt-br\/wp-json\/wp\/v2\/media\/32303"}],"wp:attachment":[{"href":"https:\/\/getibogaine.com\/pt-br\/wp-json\/wp\/v2\/media?parent=31556"}],"wp:term":[{"taxonomy":"product_brand","embeddable":true,"href":"https:\/\/getibogaine.com\/pt-br\/wp-json\/wp\/v2\/product_brand?post=31556"},{"taxonomy":"product_cat","embeddable":true,"href":"https:\/\/getibogaine.com\/pt-br\/wp-json\/wp\/v2\/product_cat?post=31556"},{"taxonomy":"product_tag","embeddable":true,"href":"https:\/\/getibogaine.com\/pt-br\/wp-json\/wp\/v2\/product_tag?post=31556"}],"curies":[{"name":"wp","href":"https:\/\/api.w.org\/{rel}","templated":true}]}}